{"id":6453,"date":"2021-01-24T10:36:44","date_gmt":"2021-01-24T10:36:44","guid":{"rendered":"http:\/\/staging.megapharm.al\/\/index.php\/product\/import-placeholder-for-2644\/"},"modified":"2024-10-28T13:19:53","modified_gmt":"2024-10-28T13:19:53","slug":"white-silk-face-exfoliating-pads","status":"publish","type":"product","link":"https:\/\/staging.megapharm.al\/?product=white-silk-face-exfoliating-pads","title":{"rendered":"White Silk Face Exfoliating Pads"},"content":{"rendered":"<p>Tampone eksfoliues me kompleksin Spot Correct dhe Vitamina PP zvog\u00eblojn\u00eb intensitetin e njollave kafe n\u00eb fytyr\u00eb dhe rrisin shk\u00eblqimin e fytyr\u00ebs.<\/p>\n<p>P\u00ebrdorimi:<br \/>\nAplikoni nj\u00eb tampon n\u00eb fytyr\u00eb dhe qaf\u00eb duke masazhuar leht\u00eb, p\u00ebr t&#8217;u siguruar q\u00eb shp\u00ebrndani produktin n\u00eb t\u00eb gjitha zonat e prekura.<br \/>\nP\u00ebrs\u00ebriteni \u00e7do mbr\u00ebmje p\u00ebr 30 dit\u00eb. N\u00eb muajt n\u00eb vijim vazhdoni trajtimin duke aplikuar nj\u00eb tampon \u00e7do mbr\u00ebmje dy her\u00eb n\u00eb jav\u00eb deri n\u00eb reduktimin e d\u00ebshiruar t\u00eb njoll\u00ebs.<\/p>\n","protected":false},"excerpt":{"rendered":"<p>Tampone eksfoliues me kompleksin Spot Correct dhe Vitamina PP zvog\u00eblojn\u00eb intensitetin e njollave kafe n\u00eb fytyr\u00eb dhe rrisin shk\u00eblqimin e fytyr\u00ebs.<\/p>\n<p>P\u00ebrdorimi:<br \/>\nAplikoni nj\u00eb tampon n\u00eb fytyr\u00eb dhe qaf\u00eb duke masazhuar leht\u00eb, p\u00ebr t&#8217;u siguruar q\u00eb shp\u00ebrndani produktin n\u00eb t\u00eb gjitha zonat e prekura.<br \/>\nP\u00ebrs\u00ebriteni \u00e7do mbr\u00ebmje p\u00ebr 30 dit\u00eb. N\u00eb muajt n\u00eb vijim vazhdoni trajtimin duke aplikuar nj\u00eb tampon \u00e7do mbr\u00ebmje dy her\u00eb n\u00eb jav\u00eb deri n\u00eb reduktimin e d\u00ebshiruar t\u00eb njoll\u00ebs.<\/p>\n","protected":false},"featured_media":5730,"comment_status":"open","ping_status":"closed","template":"","meta":[],"product_brand":[],"product_cat":[124],"product_tag":[],"class_list":{"0":"post-6453","1":"product","2":"type-product","3":"status-publish","4":"has-post-thumbnail","6":"product_cat-korff","8":"first","9":"instock","10":"shipping-taxable","11":"product-type-simple"},"_links":{"self":[{"href":"https:\/\/staging.megapharm.al\/index.php?rest_route=\/wp\/v2\/product\/6453","targetHints":{"allow":["GET"]}}],"collection":[{"href":"https:\/\/staging.megapharm.al\/index.php?rest_route=\/wp\/v2\/product"}],"about":[{"href":"https:\/\/staging.megapharm.al\/index.php?rest_route=\/wp\/v2\/types\/product"}],"replies":[{"embeddable":true,"href":"https:\/\/staging.megapharm.al\/index.php?rest_route=%2Fwp%2Fv2%2Fcomments&post=6453"}],"wp:featuredmedia":[{"embeddable":true,"href":"https:\/\/staging.megapharm.al\/index.php?rest_route=\/wp\/v2\/media\/5730"}],"wp:attachment":[{"href":"https:\/\/staging.megapharm.al\/index.php?rest_route=%2Fwp%2Fv2%2Fmedia&parent=6453"}],"wp:term":[{"taxonomy":"product_brand","embeddable":true,"href":"https:\/\/staging.megapharm.al\/index.php?rest_route=%2Fwp%2Fv2%2Fproduct_brand&post=6453"},{"taxonomy":"product_cat","embeddable":true,"href":"https:\/\/staging.megapharm.al\/index.php?rest_route=%2Fwp%2Fv2%2Fproduct_cat&post=6453"},{"taxonomy":"product_tag","embeddable":true,"href":"https:\/\/staging.megapharm.al\/index.php?rest_route=%2Fwp%2Fv2%2Fproduct_tag&post=6453"}],"curies":[{"name":"wp","href":"https:\/\/api.w.org\/{rel}","templated":true}]}}