{"id":6452,"date":"2021-01-24T10:36:44","date_gmt":"2021-01-24T10:36:44","guid":{"rendered":"http:\/\/staging.megapharm.al\/\/index.php\/product\/import-placeholder-for-2643\/"},"modified":"2021-01-24T10:36:50","modified_gmt":"2021-01-24T10:36:50","slug":"white-silk-face-localized-gel","status":"publish","type":"product","link":"https:\/\/staging.megapharm.al\/?product=white-silk-face-localized-gel","title":{"rendered":"White Silk Face Localized Gel"},"content":{"rendered":"<p>Xheli i lokalizuar i fytyr\u00ebs me kompleks reduktues t\u00eb njollave dhe Vitamina PP, kryen nj\u00eb veprim pastrimi q\u00eb zvog\u00eblon intensitetin e njollave t\u00eb err\u00ebta n\u00eb fytyr\u00eb. Cil\u00ebsia e k\u00ebtij xheli \u00ebsht\u00eb aplikueshm\u00ebria e leht\u00eb dhe sakt\u00ebsisht n\u00eb njollat specifike dhe p\u00ebrthithja e shpejt\u00eb.<br \/>\nTestuar klinikisht dhe dermatologjikisht<br \/>\nTestuar p\u00ebr Nikel, Kobalt, Krom, Palladium dhe M\u00ebrkur.<br \/>\nP\u00ebr t\u00eb gjith\u00eb tipet e l\u00ebkur\u00ebs.<\/p>\n","protected":false},"excerpt":{"rendered":"<p>Xheli i lokalizuar i fytyr\u00ebs me kompleks reduktues t\u00eb njollave dhe Vitamina PP, kryen nj\u00eb veprim pastrimi q\u00eb zvog\u00eblon intensitetin e njollave t\u00eb err\u00ebta n\u00eb fytyr\u00eb. Cil\u00ebsia e k\u00ebtij xheli \u00ebsht\u00eb aplikueshm\u00ebria e leht\u00eb dhe sakt\u00ebsisht n\u00eb njollat specifike dhe p\u00ebrthithja e shpejt\u00eb.<br \/>\nTestuar klinikisht dhe dermatologjikisht<br \/>\nTestuar p\u00ebr Nikel, Kobalt, Krom, Palladium dhe M\u00ebrkur.<br \/>\nP\u00ebr t\u00eb gjith\u00eb tipet e l\u00ebkur\u00ebs.<\/p>\n","protected":false},"featured_media":5729,"comment_status":"open","ping_status":"closed","template":"","meta":[],"product_brand":[],"product_cat":[124],"product_tag":[],"class_list":{"0":"post-6452","1":"product","2":"type-product","3":"status-publish","4":"has-post-thumbnail","6":"product_cat-korff","8":"first","9":"instock","10":"shipping-taxable","11":"product-type-simple"},"_links":{"self":[{"href":"https:\/\/staging.megapharm.al\/index.php?rest_route=\/wp\/v2\/product\/6452","targetHints":{"allow":["GET"]}}],"collection":[{"href":"https:\/\/staging.megapharm.al\/index.php?rest_route=\/wp\/v2\/product"}],"about":[{"href":"https:\/\/staging.megapharm.al\/index.php?rest_route=\/wp\/v2\/types\/product"}],"replies":[{"embeddable":true,"href":"https:\/\/staging.megapharm.al\/index.php?rest_route=%2Fwp%2Fv2%2Fcomments&post=6452"}],"wp:featuredmedia":[{"embeddable":true,"href":"https:\/\/staging.megapharm.al\/index.php?rest_route=\/wp\/v2\/media\/5729"}],"wp:attachment":[{"href":"https:\/\/staging.megapharm.al\/index.php?rest_route=%2Fwp%2Fv2%2Fmedia&parent=6452"}],"wp:term":[{"taxonomy":"product_brand","embeddable":true,"href":"https:\/\/staging.megapharm.al\/index.php?rest_route=%2Fwp%2Fv2%2Fproduct_brand&post=6452"},{"taxonomy":"product_cat","embeddable":true,"href":"https:\/\/staging.megapharm.al\/index.php?rest_route=%2Fwp%2Fv2%2Fproduct_cat&post=6452"},{"taxonomy":"product_tag","embeddable":true,"href":"https:\/\/staging.megapharm.al\/index.php?rest_route=%2Fwp%2Fv2%2Fproduct_tag&post=6452"}],"curies":[{"name":"wp","href":"https:\/\/api.w.org\/{rel}","templated":true}]}}