{"id":6451,"date":"2021-01-24T10:36:44","date_gmt":"2021-01-24T10:36:44","guid":{"rendered":"http:\/\/staging.megapharm.al\/\/index.php\/product\/import-placeholder-for-2642\/"},"modified":"2021-01-24T10:36:50","modified_gmt":"2021-01-24T10:36:50","slug":"white-silk-anti-spot-intensive-treatment","status":"publish","type":"product","link":"https:\/\/staging.megapharm.al\/?product=white-silk-anti-spot-intensive-treatment","title":{"rendered":"White Silk Anti-Spot Intensive Treatment"},"content":{"rendered":"<p>White Silk Anti-Spot Intensive Treatment \u00ebsht\u00eb nj\u00eb serum anti-yndyror I p\u00ebrb\u00ebr\u00eb me acid Glikolik 9.8% i cili ka veti zbardhuese. Zbardh njollat e err\u00ebta dhe uniformon tonin e l\u00ebkur\u00ebs.<br \/>\nTestuar klinikisht dhe dermatologjikisht<br \/>\nTestuar p\u00ebr Nikel, Kobalt, Krom, Palladium dhe M\u00ebrkur.<br \/>\nP\u00ebr t\u00eb gjith\u00eb tipet e l\u00ebkur\u00ebs.<\/p>\n","protected":false},"excerpt":{"rendered":"<p>White Silk Anti-Spot Intensive Treatment \u00ebsht\u00eb nj\u00eb serum anti-yndyror I p\u00ebrb\u00ebr\u00eb me acid Glikolik 9.8% i cili ka veti zbardhuese. Zbardh njollat e err\u00ebta dhe uniformon tonin e l\u00ebkur\u00ebs.<br \/>\nTestuar klinikisht dhe dermatologjikisht<br \/>\nTestuar p\u00ebr Nikel, Kobalt, Krom, Palladium dhe M\u00ebrkur.<br \/>\nP\u00ebr t\u00eb gjith\u00eb tipet e l\u00ebkur\u00ebs.<\/p>\n","protected":false},"featured_media":5728,"comment_status":"open","ping_status":"closed","template":"","meta":[],"product_brand":[],"product_cat":[124],"product_tag":[],"class_list":{"0":"post-6451","1":"product","2":"type-product","3":"status-publish","4":"has-post-thumbnail","6":"product_cat-korff","8":"first","9":"instock","10":"shipping-taxable","11":"product-type-simple"},"_links":{"self":[{"href":"https:\/\/staging.megapharm.al\/index.php?rest_route=\/wp\/v2\/product\/6451","targetHints":{"allow":["GET"]}}],"collection":[{"href":"https:\/\/staging.megapharm.al\/index.php?rest_route=\/wp\/v2\/product"}],"about":[{"href":"https:\/\/staging.megapharm.al\/index.php?rest_route=\/wp\/v2\/types\/product"}],"replies":[{"embeddable":true,"href":"https:\/\/staging.megapharm.al\/index.php?rest_route=%2Fwp%2Fv2%2Fcomments&post=6451"}],"wp:featuredmedia":[{"embeddable":true,"href":"https:\/\/staging.megapharm.al\/index.php?rest_route=\/wp\/v2\/media\/5728"}],"wp:attachment":[{"href":"https:\/\/staging.megapharm.al\/index.php?rest_route=%2Fwp%2Fv2%2Fmedia&parent=6451"}],"wp:term":[{"taxonomy":"product_brand","embeddable":true,"href":"https:\/\/staging.megapharm.al\/index.php?rest_route=%2Fwp%2Fv2%2Fproduct_brand&post=6451"},{"taxonomy":"product_cat","embeddable":true,"href":"https:\/\/staging.megapharm.al\/index.php?rest_route=%2Fwp%2Fv2%2Fproduct_cat&post=6451"},{"taxonomy":"product_tag","embeddable":true,"href":"https:\/\/staging.megapharm.al\/index.php?rest_route=%2Fwp%2Fv2%2Fproduct_tag&post=6451"}],"curies":[{"name":"wp","href":"https:\/\/api.w.org\/{rel}","templated":true}]}}