{"id":6448,"date":"2021-01-24T10:36:44","date_gmt":"2021-01-24T10:36:44","guid":{"rendered":"http:\/\/staging.megapharm.al\/\/index.php\/product\/import-placeholder-for-2639\/"},"modified":"2021-01-24T10:36:49","modified_gmt":"2021-01-24T10:36:49","slug":"upgrade-eye-contour-cream","status":"publish","type":"product","link":"https:\/\/staging.megapharm.al\/?product=upgrade-eye-contour-cream","title":{"rendered":"Upgrade Eye Contour Cream"},"content":{"rendered":"<p>Krem forcues anti-rrudh\u00eb dhe kund\u00ebr lodhjes s\u00eb syve. Upgrade \u00ebsht\u00eb nj\u00eb trajtim mjaft efikas p\u00ebr zon\u00ebn e syve. P\u00ebrthithet leht\u00ebsisht nga l\u00ebkura dhe ka nj\u00eb tekstur\u00eb t\u00eb leht\u00eb. Tonifikon zon\u00ebn rreth syve dhe gjithashtu ka nj\u00eb efekt t\u00eb mir\u00eb anti-rrudhe. P\u00ebrb\u00ebhet nga: Sculpting Comlex Ekstrakt Avena sativa Ginkgo biloba. Ky formulim b\u00ebn t\u00eb mundur forcimin e indeve dhe redukton rrudhat, rrath\u00ebt e zinj t\u00eb syve dhe qeskat duke e b\u00ebr\u00eb l\u00ebkur\u00ebn rreth syve m\u00eb t\u00eb fort\u00eb, m\u00eb tonike dhe t\u00eb l\u00ebmuar. Pa derivate t\u00eb grurit. Testuar klinikisht, dermatologjikisht, oftalmogjikisht. Testuar p\u00ebr Nikel, Kobalt, Krom, Palladium dhe M\u00ebrkur.<\/p>\n","protected":false},"excerpt":{"rendered":"<p>Krem forcues anti-rrudh\u00eb dhe kund\u00ebr lodhjes s\u00eb syve. Upgrade \u00ebsht\u00eb nj\u00eb trajtim mjaft efikas p\u00ebr zon\u00ebn e syve. P\u00ebrthithet leht\u00ebsisht nga l\u00ebkura dhe ka nj\u00eb tekstur\u00eb t\u00eb leht\u00eb. Tonifikon zon\u00ebn rreth syve dhe gjithashtu ka nj\u00eb efekt t\u00eb mir\u00eb anti-rrudhe. P\u00ebrb\u00ebhet nga: Sculpting Comlex Ekstrakt Avena sativa Ginkgo biloba. Ky formulim b\u00ebn t\u00eb mundur forcimin e indeve dhe redukton rrudhat, rrath\u00ebt e zinj t\u00eb syve dhe qeskat duke e b\u00ebr\u00eb l\u00ebkur\u00ebn rreth syve m\u00eb t\u00eb fort\u00eb, m\u00eb tonike dhe t\u00eb l\u00ebmuar. Pa derivate t\u00eb grurit. Testuar klinikisht, dermatologjikisht, oftalmogjikisht. Testuar p\u00ebr Nikel, Kobalt, Krom, Palladium dhe M\u00ebrkur.<\/p>\n","protected":false},"featured_media":5725,"comment_status":"open","ping_status":"closed","template":"","meta":[],"product_brand":[],"product_cat":[124],"product_tag":[],"class_list":{"0":"post-6448","1":"product","2":"type-product","3":"status-publish","4":"has-post-thumbnail","6":"product_cat-korff","8":"first","9":"instock","10":"shipping-taxable","11":"product-type-simple"},"_links":{"self":[{"href":"https:\/\/staging.megapharm.al\/index.php?rest_route=\/wp\/v2\/product\/6448","targetHints":{"allow":["GET"]}}],"collection":[{"href":"https:\/\/staging.megapharm.al\/index.php?rest_route=\/wp\/v2\/product"}],"about":[{"href":"https:\/\/staging.megapharm.al\/index.php?rest_route=\/wp\/v2\/types\/product"}],"replies":[{"embeddable":true,"href":"https:\/\/staging.megapharm.al\/index.php?rest_route=%2Fwp%2Fv2%2Fcomments&post=6448"}],"wp:featuredmedia":[{"embeddable":true,"href":"https:\/\/staging.megapharm.al\/index.php?rest_route=\/wp\/v2\/media\/5725"}],"wp:attachment":[{"href":"https:\/\/staging.megapharm.al\/index.php?rest_route=%2Fwp%2Fv2%2Fmedia&parent=6448"}],"wp:term":[{"taxonomy":"product_brand","embeddable":true,"href":"https:\/\/staging.megapharm.al\/index.php?rest_route=%2Fwp%2Fv2%2Fproduct_brand&post=6448"},{"taxonomy":"product_cat","embeddable":true,"href":"https:\/\/staging.megapharm.al\/index.php?rest_route=%2Fwp%2Fv2%2Fproduct_cat&post=6448"},{"taxonomy":"product_tag","embeddable":true,"href":"https:\/\/staging.megapharm.al\/index.php?rest_route=%2Fwp%2Fv2%2Fproduct_tag&post=6448"}],"curies":[{"name":"wp","href":"https:\/\/api.w.org\/{rel}","templated":true}]}}