{"id":6447,"date":"2021-01-24T10:36:44","date_gmt":"2021-01-24T10:36:44","guid":{"rendered":"http:\/\/staging.megapharm.al\/\/index.php\/product\/import-placeholder-for-2638\/"},"modified":"2021-01-24T10:36:49","modified_gmt":"2021-01-24T10:36:49","slug":"upgrade-toning-remodeling-night-cream","status":"publish","type":"product","link":"https:\/\/staging.megapharm.al\/?product=upgrade-toning-remodeling-night-cream","title":{"rendered":"Upgrade Toning &amp; Remodeling Night Cream"},"content":{"rendered":"<p>Krem nate me efekt t\u00eb p\u00ebrforcuar, regjenerues kund\u00ebr rrudhave dhe r\u00ebnies s\u00eb l\u00ebkur\u00ebs. \u00cbsht\u00eb i pasur dhe p\u00ebrthithet shpejt nga l\u00ebkura. Formuluar me Kompleksin e Skulpturimit, vitamin\u00eb E dhe tripeptide nxit rinovimin qelizor, tonifikon l\u00ebkur\u00ebn dhe gjithashtu ushqen e ka efekt antioksidues. Pas disa p\u00ebrdorimesh konturet e fytyr\u00ebs riformohen, pamja \u00ebsht\u00eb m\u00eb tonike, e qet\u00eb dhe l\u00ebkura m\u00eb e ndri\u00e7uar.<br \/>\nTestuar klinikisht dhe dermatologjikisht.<br \/>\nTestuar p\u00ebr Nikel, Kobalt, Krom, Paladium dhe M\u00ebrkur.<\/p>\n","protected":false},"excerpt":{"rendered":"<p>Krem nate me efekt t\u00eb p\u00ebrforcuar, regjenerues kund\u00ebr rrudhave dhe r\u00ebnies s\u00eb l\u00ebkur\u00ebs. \u00cbsht\u00eb i pasur dhe p\u00ebrthithet shpejt nga l\u00ebkura. Formuluar me Kompleksin e Skulpturimit, vitamin\u00eb E dhe tripeptide nxit rinovimin qelizor, tonifikon l\u00ebkur\u00ebn dhe gjithashtu ushqen e ka efekt antioksidues. Pas disa p\u00ebrdorimesh konturet e fytyr\u00ebs riformohen, pamja \u00ebsht\u00eb m\u00eb tonike, e qet\u00eb dhe l\u00ebkura m\u00eb e ndri\u00e7uar.<br \/>\nTestuar klinikisht dhe dermatologjikisht.<br \/>\nTestuar p\u00ebr Nikel, Kobalt, Krom, Paladium dhe M\u00ebrkur.<\/p>\n","protected":false},"featured_media":5724,"comment_status":"open","ping_status":"closed","template":"","meta":[],"product_brand":[],"product_cat":[124],"product_tag":[],"class_list":{"0":"post-6447","1":"product","2":"type-product","3":"status-publish","4":"has-post-thumbnail","6":"product_cat-korff","8":"first","9":"instock","10":"shipping-taxable","11":"product-type-simple"},"_links":{"self":[{"href":"https:\/\/staging.megapharm.al\/index.php?rest_route=\/wp\/v2\/product\/6447","targetHints":{"allow":["GET"]}}],"collection":[{"href":"https:\/\/staging.megapharm.al\/index.php?rest_route=\/wp\/v2\/product"}],"about":[{"href":"https:\/\/staging.megapharm.al\/index.php?rest_route=\/wp\/v2\/types\/product"}],"replies":[{"embeddable":true,"href":"https:\/\/staging.megapharm.al\/index.php?rest_route=%2Fwp%2Fv2%2Fcomments&post=6447"}],"wp:featuredmedia":[{"embeddable":true,"href":"https:\/\/staging.megapharm.al\/index.php?rest_route=\/wp\/v2\/media\/5724"}],"wp:attachment":[{"href":"https:\/\/staging.megapharm.al\/index.php?rest_route=%2Fwp%2Fv2%2Fmedia&parent=6447"}],"wp:term":[{"taxonomy":"product_brand","embeddable":true,"href":"https:\/\/staging.megapharm.al\/index.php?rest_route=%2Fwp%2Fv2%2Fproduct_brand&post=6447"},{"taxonomy":"product_cat","embeddable":true,"href":"https:\/\/staging.megapharm.al\/index.php?rest_route=%2Fwp%2Fv2%2Fproduct_cat&post=6447"},{"taxonomy":"product_tag","embeddable":true,"href":"https:\/\/staging.megapharm.al\/index.php?rest_route=%2Fwp%2Fv2%2Fproduct_tag&post=6447"}],"curies":[{"name":"wp","href":"https:\/\/api.w.org\/{rel}","templated":true}]}}