{"id":6446,"date":"2021-01-24T10:36:44","date_gmt":"2021-01-24T10:36:44","guid":{"rendered":"http:\/\/staging.megapharm.al\/\/index.php\/product\/import-placeholder-for-2637\/"},"modified":"2024-10-24T23:12:23","modified_gmt":"2024-10-24T23:12:23","slug":"upgrade-toning-remodeling-day-cream-spf-15","status":"publish","type":"product","link":"https:\/\/staging.megapharm.al\/?product=upgrade-toning-remodeling-day-cream-spf-15","title":{"rendered":"Upgrade Toning &amp; Remodeling Day Cream SPF 15"},"content":{"rendered":"<p>Trajtim me veti p\u00ebrforcuese, anti-rrudh\u00eb, tonifikuese e cila p\u00ebrthithet mjaft leht\u00eb nga lekura. Formuluar me Sculpting Complex, acide yndyrore esenciale dhe vitamin\u00eb E, tonifikon, ristrukturon l\u00ebkur\u00ebn dhe gjithashtu ka efekt ushqyes, antioksidues. Fal\u00eb filtrit diellor SPF 15 l\u00ebkura \u00ebsht\u00eb e mbrojtur nga foto-plakja. Pas aplikimit l\u00ebkura \u00ebsht\u00eb m\u00eb e relaksuar, rrudhat m\u00eb pak t\u00eb dukshme, m\u00eb e tonifikuar.<br \/>\nPa derivate t\u00eb grurit. Testuar dermatologjikisht dhe klinikisht. Testuar p\u00ebr Nikel, Krom, Kobalt, M\u00ebrkur dhe Paladium.<\/p>\n","protected":false},"excerpt":{"rendered":"<p>Trajtim me veti p\u00ebrforcuese, anti-rrudh\u00eb, tonifikuese e cila p\u00ebrthithet mjaft leht\u00eb nga lekura. Formuluar me Sculpting Complex, acide yndyrore esenciale dhe vitamin\u00eb E, tonifikon, ristrukturon l\u00ebkur\u00ebn dhe gjithashtu ka efekt ushqyes, antioksidues. Fal\u00eb filtrit diellor SPF 15 l\u00ebkura \u00ebsht\u00eb e mbrojtur nga foto-plakja. Pas aplikimit l\u00ebkura \u00ebsht\u00eb m\u00eb e relaksuar, rrudhat m\u00eb pak t\u00eb dukshme, m\u00eb e tonifikuar.<br \/>\nPa derivate t\u00eb grurit. Testuar dermatologjikisht dhe klinikisht. Testuar p\u00ebr Nikel, Krom, Kobalt, M\u00ebrkur dhe Paladium.<\/p>\n","protected":false},"featured_media":5723,"comment_status":"open","ping_status":"closed","template":"","meta":[],"product_brand":[],"product_cat":[124],"product_tag":[],"class_list":{"0":"post-6446","1":"product","2":"type-product","3":"status-publish","4":"has-post-thumbnail","6":"product_cat-korff","8":"first","9":"instock","10":"shipping-taxable","11":"product-type-simple"},"_links":{"self":[{"href":"https:\/\/staging.megapharm.al\/index.php?rest_route=\/wp\/v2\/product\/6446","targetHints":{"allow":["GET"]}}],"collection":[{"href":"https:\/\/staging.megapharm.al\/index.php?rest_route=\/wp\/v2\/product"}],"about":[{"href":"https:\/\/staging.megapharm.al\/index.php?rest_route=\/wp\/v2\/types\/product"}],"replies":[{"embeddable":true,"href":"https:\/\/staging.megapharm.al\/index.php?rest_route=%2Fwp%2Fv2%2Fcomments&post=6446"}],"wp:featuredmedia":[{"embeddable":true,"href":"https:\/\/staging.megapharm.al\/index.php?rest_route=\/wp\/v2\/media\/5723"}],"wp:attachment":[{"href":"https:\/\/staging.megapharm.al\/index.php?rest_route=%2Fwp%2Fv2%2Fmedia&parent=6446"}],"wp:term":[{"taxonomy":"product_brand","embeddable":true,"href":"https:\/\/staging.megapharm.al\/index.php?rest_route=%2Fwp%2Fv2%2Fproduct_brand&post=6446"},{"taxonomy":"product_cat","embeddable":true,"href":"https:\/\/staging.megapharm.al\/index.php?rest_route=%2Fwp%2Fv2%2Fproduct_cat&post=6446"},{"taxonomy":"product_tag","embeddable":true,"href":"https:\/\/staging.megapharm.al\/index.php?rest_route=%2Fwp%2Fv2%2Fproduct_tag&post=6446"}],"curies":[{"name":"wp","href":"https:\/\/api.w.org\/{rel}","templated":true}]}}