{"id":6445,"date":"2021-01-24T10:36:43","date_gmt":"2021-01-24T10:36:43","guid":{"rendered":"http:\/\/staging.megapharm.al\/\/index.php\/product\/import-placeholder-for-2636\/"},"modified":"2021-01-24T10:36:48","modified_gmt":"2021-01-24T10:36:48","slug":"lifting-eye-and-lip-contour-cream-lifting-effect","status":"publish","type":"product","link":"https:\/\/staging.megapharm.al\/?product=lifting-eye-and-lip-contour-cream-lifting-effect","title":{"rendered":"Lifting Eye and Lip Contour Cream Lifting Effect"},"content":{"rendered":"<p>Krem p\u00ebr zonen rreth syve dhe buzeve. P\u00ebrb\u00ebhet nga acidi hialuronik dhe t\u00ebrsh\u00ebra (Avena Sativa). K\u00ebto p\u00ebrb\u00ebr\u00ebs tonifikojn\u00eb l\u00ebkur\u00ebn duke krijuar nj\u00eb efekt lifting t\u00eb menj\u00ebhersh\u00ebm. Acidi hialuronik b\u00ebn hidratimin e l\u00ebkur\u00ebs deri n\u00eb thell\u00ebsi dhe redukton rrudhat me nj\u00eb efekt filleri. Ka nj\u00eb tekstur\u00eb t\u00eb leht\u00eb n\u00eb form\u00eb krem-xheli, lehtesisht i p\u00ebrthithsh\u00ebm nga l\u00ebkura. Ky krem p\u00ebrb\u00ebhet dhe nga ekstraktet e Goji berry dhe nj\u00eb aktiv multimineral q\u00eb ndri\u00e7ojn\u00eb l\u00ebkur\u00ebn dhe i japin shk\u00eblqim. Jo komedogjenik. Testuar klinikisht dhe dermatologjikisht. Testuar p\u00ebr Nikel, Kobalt, Krom, Palladium dhe M\u00ebrkur.<\/p>\n","protected":false},"excerpt":{"rendered":"<p>Krem p\u00ebr zonen rreth syve dhe buzeve. P\u00ebrb\u00ebhet nga acidi hialuronik dhe t\u00ebrsh\u00ebra (Avena Sativa). K\u00ebto p\u00ebrb\u00ebr\u00ebs tonifikojn\u00eb l\u00ebkur\u00ebn duke krijuar nj\u00eb efekt lifting t\u00eb menj\u00ebhersh\u00ebm. Acidi hialuronik b\u00ebn hidratimin e l\u00ebkur\u00ebs deri n\u00eb thell\u00ebsi dhe redukton rrudhat me nj\u00eb efekt filleri. Ka nj\u00eb tekstur\u00eb t\u00eb leht\u00eb n\u00eb form\u00eb krem-xheli, lehtesisht i p\u00ebrthithsh\u00ebm nga l\u00ebkura. Ky krem p\u00ebrb\u00ebhet dhe nga ekstraktet e Goji berry dhe nj\u00eb aktiv multimineral q\u00eb ndri\u00e7ojn\u00eb l\u00ebkur\u00ebn dhe i japin shk\u00eblqim. Jo komedogjenik. Testuar klinikisht dhe dermatologjikisht. Testuar p\u00ebr Nikel, Kobalt, Krom, Palladium dhe M\u00ebrkur.<\/p>\n","protected":false},"featured_media":5722,"comment_status":"open","ping_status":"closed","template":"","meta":[],"product_brand":[],"product_cat":[124],"product_tag":[],"class_list":{"0":"post-6445","1":"product","2":"type-product","3":"status-publish","4":"has-post-thumbnail","6":"product_cat-korff","8":"first","9":"instock","10":"shipping-taxable","11":"product-type-simple"},"_links":{"self":[{"href":"https:\/\/staging.megapharm.al\/index.php?rest_route=\/wp\/v2\/product\/6445","targetHints":{"allow":["GET"]}}],"collection":[{"href":"https:\/\/staging.megapharm.al\/index.php?rest_route=\/wp\/v2\/product"}],"about":[{"href":"https:\/\/staging.megapharm.al\/index.php?rest_route=\/wp\/v2\/types\/product"}],"replies":[{"embeddable":true,"href":"https:\/\/staging.megapharm.al\/index.php?rest_route=%2Fwp%2Fv2%2Fcomments&post=6445"}],"wp:featuredmedia":[{"embeddable":true,"href":"https:\/\/staging.megapharm.al\/index.php?rest_route=\/wp\/v2\/media\/5722"}],"wp:attachment":[{"href":"https:\/\/staging.megapharm.al\/index.php?rest_route=%2Fwp%2Fv2%2Fmedia&parent=6445"}],"wp:term":[{"taxonomy":"product_brand","embeddable":true,"href":"https:\/\/staging.megapharm.al\/index.php?rest_route=%2Fwp%2Fv2%2Fproduct_brand&post=6445"},{"taxonomy":"product_cat","embeddable":true,"href":"https:\/\/staging.megapharm.al\/index.php?rest_route=%2Fwp%2Fv2%2Fproduct_cat&post=6445"},{"taxonomy":"product_tag","embeddable":true,"href":"https:\/\/staging.megapharm.al\/index.php?rest_route=%2Fwp%2Fv2%2Fproduct_tag&post=6445"}],"curies":[{"name":"wp","href":"https:\/\/api.w.org\/{rel}","templated":true}]}}