{"id":6444,"date":"2021-01-24T10:36:43","date_gmt":"2021-01-24T10:36:43","guid":{"rendered":"http:\/\/staging.megapharm.al\/\/index.php\/product\/import-placeholder-for-2635\/"},"modified":"2021-01-24T10:36:48","modified_gmt":"2021-01-24T10:36:48","slug":"lifting-intensive-serum","status":"publish","type":"product","link":"https:\/\/staging.megapharm.al\/?product=lifting-intensive-serum","title":{"rendered":"Lifting Intensive Serum"},"content":{"rendered":"<p>Serum me tekstur\u00ebn e nj\u00eb xhel-kremi, leht\u00ebsisht i p\u00ebrthithsh\u00ebm nga l\u00ebkura.<br \/>\nKombinimi i t\u00ebrsh\u00ebr\u00ebs me acidin hialuronik me pesh\u00eb molekulare t\u00eb larte dhe te ulet:<br \/>\n-Hidratojn\u00eb l\u00ebkur\u00ebn deri n\u00eb thell\u00ebsi.<br \/>\n-Pak\u00ebsojn\u00eb rrudhat.<br \/>\n-Rrisin elasticitetin dhe tonicitetin e l\u00ebkur\u00ebs.<br \/>\nEkstraktet e Goji Berrit i rikthejn\u00eb l\u00ebkur\u00ebs shk\u00eblqimin e munguar.<br \/>\nI p\u00ebrshtatsh\u00ebm p\u00ebr \u00e7do lloj l\u00ebkure.<\/p>\n","protected":false},"excerpt":{"rendered":"<p>Serum me tekstur\u00ebn e nj\u00eb xhel-kremi, leht\u00ebsisht i p\u00ebrthithsh\u00ebm nga l\u00ebkura.<br \/>\nKombinimi i t\u00ebrsh\u00ebr\u00ebs me acidin hialuronik me pesh\u00eb molekulare t\u00eb larte dhe te ulet:<br \/>\n-Hidratojn\u00eb l\u00ebkur\u00ebn deri n\u00eb thell\u00ebsi.<br \/>\n-Pak\u00ebsojn\u00eb rrudhat.<br \/>\n-Rrisin elasticitetin dhe tonicitetin e l\u00ebkur\u00ebs.<br \/>\nEkstraktet e Goji Berrit i rikthejn\u00eb l\u00ebkur\u00ebs shk\u00eblqimin e munguar.<br \/>\nI p\u00ebrshtatsh\u00ebm p\u00ebr \u00e7do lloj l\u00ebkure.<\/p>\n","protected":false},"featured_media":5721,"comment_status":"open","ping_status":"closed","template":"","meta":[],"product_brand":[],"product_cat":[124],"product_tag":[],"class_list":{"0":"post-6444","1":"product","2":"type-product","3":"status-publish","4":"has-post-thumbnail","6":"product_cat-korff","8":"first","9":"instock","10":"shipping-taxable","11":"product-type-simple"},"_links":{"self":[{"href":"https:\/\/staging.megapharm.al\/index.php?rest_route=\/wp\/v2\/product\/6444","targetHints":{"allow":["GET"]}}],"collection":[{"href":"https:\/\/staging.megapharm.al\/index.php?rest_route=\/wp\/v2\/product"}],"about":[{"href":"https:\/\/staging.megapharm.al\/index.php?rest_route=\/wp\/v2\/types\/product"}],"replies":[{"embeddable":true,"href":"https:\/\/staging.megapharm.al\/index.php?rest_route=%2Fwp%2Fv2%2Fcomments&post=6444"}],"wp:featuredmedia":[{"embeddable":true,"href":"https:\/\/staging.megapharm.al\/index.php?rest_route=\/wp\/v2\/media\/5721"}],"wp:attachment":[{"href":"https:\/\/staging.megapharm.al\/index.php?rest_route=%2Fwp%2Fv2%2Fmedia&parent=6444"}],"wp:term":[{"taxonomy":"product_brand","embeddable":true,"href":"https:\/\/staging.megapharm.al\/index.php?rest_route=%2Fwp%2Fv2%2Fproduct_brand&post=6444"},{"taxonomy":"product_cat","embeddable":true,"href":"https:\/\/staging.megapharm.al\/index.php?rest_route=%2Fwp%2Fv2%2Fproduct_cat&post=6444"},{"taxonomy":"product_tag","embeddable":true,"href":"https:\/\/staging.megapharm.al\/index.php?rest_route=%2Fwp%2Fv2%2Fproduct_tag&post=6444"}],"curies":[{"name":"wp","href":"https:\/\/api.w.org\/{rel}","templated":true}]}}