{"id":6443,"date":"2021-01-24T10:36:43","date_gmt":"2021-01-24T10:36:43","guid":{"rendered":"http:\/\/staging.megapharm.al\/\/index.php\/product\/import-placeholder-for-2634\/"},"modified":"2021-01-24T10:36:48","modified_gmt":"2021-01-24T10:36:48","slug":"lifting-night-cream-lifting-effect","status":"publish","type":"product","link":"https:\/\/staging.megapharm.al\/?product=lifting-night-cream-lifting-effect","title":{"rendered":"Lifting Night Cream Lifting Effect"},"content":{"rendered":"<p>Lifting Night Cream \u00ebsht\u00eb nj\u00eb trajtim nate i pasur dhe mjaft i rehatsh\u00ebm p\u00ebr l\u00ebkur\u00ebn. Formuluar me Acid Hialuronik me pesh\u00eb t\u00eb lart\u00eb dhe t\u00eb ul\u00ebt molekulare i cili hidraton l\u00ebkur\u00ebn n\u00eb thell\u00ebsi duke reduktuar rrudhat dhe Avena Sativa (4%), forcon, shtrin dhe ka nj\u00eb efekt lifting t\u00eb menj\u00ebhersh\u00ebm n\u00eb l\u00ebkur\u00eb. Ekstrakti i Goji Berry dhe p\u00ebrb\u00ebr\u00ebsit aktive multiminerale i japin shk\u00eblqim l\u00ebkur\u00ebs duke e b\u00ebr\u00eb at\u00eb me t\u00eb ndritshme. L\u00ebkura ushqehet intensivisht fal\u00eb ekstraktit t\u00eb Bambus\u00eb.<\/p>\n","protected":false},"excerpt":{"rendered":"<p>Lifting Night Cream \u00ebsht\u00eb nj\u00eb trajtim nate i pasur dhe mjaft i rehatsh\u00ebm p\u00ebr l\u00ebkur\u00ebn. Formuluar me Acid Hialuronik me pesh\u00eb t\u00eb lart\u00eb dhe t\u00eb ul\u00ebt molekulare i cili hidraton l\u00ebkur\u00ebn n\u00eb thell\u00ebsi duke reduktuar rrudhat dhe Avena Sativa (4%), forcon, shtrin dhe ka nj\u00eb efekt lifting t\u00eb menj\u00ebhersh\u00ebm n\u00eb l\u00ebkur\u00eb. Ekstrakti i Goji Berry dhe p\u00ebrb\u00ebr\u00ebsit aktive multiminerale i japin shk\u00eblqim l\u00ebkur\u00ebs duke e b\u00ebr\u00eb at\u00eb me t\u00eb ndritshme. L\u00ebkura ushqehet intensivisht fal\u00eb ekstraktit t\u00eb Bambus\u00eb.<\/p>\n","protected":false},"featured_media":5720,"comment_status":"open","ping_status":"closed","template":"","meta":[],"product_brand":[],"product_cat":[124],"product_tag":[],"class_list":{"0":"post-6443","1":"product","2":"type-product","3":"status-publish","4":"has-post-thumbnail","6":"product_cat-korff","8":"first","9":"instock","10":"shipping-taxable","11":"product-type-simple"},"_links":{"self":[{"href":"https:\/\/staging.megapharm.al\/index.php?rest_route=\/wp\/v2\/product\/6443","targetHints":{"allow":["GET"]}}],"collection":[{"href":"https:\/\/staging.megapharm.al\/index.php?rest_route=\/wp\/v2\/product"}],"about":[{"href":"https:\/\/staging.megapharm.al\/index.php?rest_route=\/wp\/v2\/types\/product"}],"replies":[{"embeddable":true,"href":"https:\/\/staging.megapharm.al\/index.php?rest_route=%2Fwp%2Fv2%2Fcomments&post=6443"}],"wp:featuredmedia":[{"embeddable":true,"href":"https:\/\/staging.megapharm.al\/index.php?rest_route=\/wp\/v2\/media\/5720"}],"wp:attachment":[{"href":"https:\/\/staging.megapharm.al\/index.php?rest_route=%2Fwp%2Fv2%2Fmedia&parent=6443"}],"wp:term":[{"taxonomy":"product_brand","embeddable":true,"href":"https:\/\/staging.megapharm.al\/index.php?rest_route=%2Fwp%2Fv2%2Fproduct_brand&post=6443"},{"taxonomy":"product_cat","embeddable":true,"href":"https:\/\/staging.megapharm.al\/index.php?rest_route=%2Fwp%2Fv2%2Fproduct_cat&post=6443"},{"taxonomy":"product_tag","embeddable":true,"href":"https:\/\/staging.megapharm.al\/index.php?rest_route=%2Fwp%2Fv2%2Fproduct_tag&post=6443"}],"curies":[{"name":"wp","href":"https:\/\/api.w.org\/{rel}","templated":true}]}}