{"id":6441,"date":"2021-01-24T10:36:43","date_gmt":"2021-01-24T10:36:43","guid":{"rendered":"http:\/\/staging.megapharm.al\/\/index.php\/product\/import-placeholder-for-2632\/"},"modified":"2022-09-26T08:41:52","modified_gmt":"2022-09-26T08:41:52","slug":"lifting-light-day-cream-lifting-effect-spf-15","status":"publish","type":"product","link":"https:\/\/staging.megapharm.al\/?product=lifting-light-day-cream-lifting-effect-spf-15","title":{"rendered":"Lifting Light Day Cream Lifting Effect (SPF 15)"},"content":{"rendered":"<p>Lifting Light Day Cream Lifting Effect (SPF 15) \u00ebsht\u00eb nj\u00eb krem dite me nj\u00eb tekstur\u00eb t\u00eb leht\u00eb i cili p\u00ebrthithet shpejt nga l\u00ebkura. I p\u00ebrber\u00eb me Acid Hialuronik me pesh\u00eb t\u00eb lart\u00eb molekulare dhe ekstrakt t\u00ebrsh\u00ebre (Avena Sativa) 4%, tonifikojne dhe i japin l\u00ebkur\u00ebs nj\u00eb efekt lifting t\u00eb menj\u00ebhersh\u00ebm. Acidi Hialuronik njihet p\u00ebr vetite e tij hidratuese intensive me efekt mbush\u00ebs dhe reduktues i rrudhave. Ekstrakti Goji Berry dhe p\u00ebrb\u00ebr\u00ebs aktive multiminerale i japin shk\u00eblqim l\u00ebkur\u00ebs dhe e ndri\u00e7ojn\u00eb at\u00eb. Ky krem p\u00ebrmban dhe Zink i cili b\u00ebn t\u00eb mundur reduktimin e prodhimit t\u00eb sebumit. Ideal p\u00ebr l\u00ebkurat mikse dhe t\u00eb yndyrshme.<\/p>\n","protected":false},"excerpt":{"rendered":"<p>Lifting Light Day Cream Lifting Effect (SPF 15) \u00ebsht\u00eb nj\u00eb krem dite me nj\u00eb tekstur\u00eb t\u00eb leht\u00eb i cili p\u00ebrthithet shpejt nga l\u00ebkura. I p\u00ebrber\u00eb me Acid Hialuronik me pesh\u00eb t\u00eb lart\u00eb molekulare dhe ekstrakt t\u00ebrsh\u00ebre (Avena Sativa) 4%, tonifikojne dhe i japin l\u00ebkur\u00ebs nj\u00eb efekt lifting t\u00eb menj\u00ebhersh\u00ebm. Acidi Hialuronik njihet p\u00ebr vetite e tij hidratuese intensive me efekt mbush\u00ebs dhe reduktues i rrudhave. Ekstrakti Goji Berry dhe p\u00ebrb\u00ebr\u00ebs aktive multiminerale i japin shk\u00eblqim l\u00ebkur\u00ebs dhe e ndri\u00e7ojn\u00eb at\u00eb. Ky krem p\u00ebrmban dhe Zink i cili b\u00ebn t\u00eb mundur reduktimin e prodhimit t\u00eb sebumit. Ideal p\u00ebr l\u00ebkurat mikse dhe t\u00eb yndyrshme.<\/p>\n","protected":false},"featured_media":5718,"comment_status":"open","ping_status":"closed","template":"","meta":[],"product_brand":[],"product_cat":[124],"product_tag":[],"class_list":{"0":"post-6441","1":"product","2":"type-product","3":"status-publish","4":"has-post-thumbnail","6":"product_cat-korff","8":"first","9":"instock","10":"shipping-taxable","11":"product-type-simple"},"_links":{"self":[{"href":"https:\/\/staging.megapharm.al\/index.php?rest_route=\/wp\/v2\/product\/6441","targetHints":{"allow":["GET"]}}],"collection":[{"href":"https:\/\/staging.megapharm.al\/index.php?rest_route=\/wp\/v2\/product"}],"about":[{"href":"https:\/\/staging.megapharm.al\/index.php?rest_route=\/wp\/v2\/types\/product"}],"replies":[{"embeddable":true,"href":"https:\/\/staging.megapharm.al\/index.php?rest_route=%2Fwp%2Fv2%2Fcomments&post=6441"}],"wp:featuredmedia":[{"embeddable":true,"href":"https:\/\/staging.megapharm.al\/index.php?rest_route=\/wp\/v2\/media\/5718"}],"wp:attachment":[{"href":"https:\/\/staging.megapharm.al\/index.php?rest_route=%2Fwp%2Fv2%2Fmedia&parent=6441"}],"wp:term":[{"taxonomy":"product_brand","embeddable":true,"href":"https:\/\/staging.megapharm.al\/index.php?rest_route=%2Fwp%2Fv2%2Fproduct_brand&post=6441"},{"taxonomy":"product_cat","embeddable":true,"href":"https:\/\/staging.megapharm.al\/index.php?rest_route=%2Fwp%2Fv2%2Fproduct_cat&post=6441"},{"taxonomy":"product_tag","embeddable":true,"href":"https:\/\/staging.megapharm.al\/index.php?rest_route=%2Fwp%2Fv2%2Fproduct_tag&post=6441"}],"curies":[{"name":"wp","href":"https:\/\/api.w.org\/{rel}","templated":true}]}}