{"id":6440,"date":"2021-01-24T10:36:43","date_gmt":"2021-01-24T10:36:43","guid":{"rendered":"http:\/\/staging.megapharm.al\/\/index.php\/product\/import-placeholder-for-2631\/"},"modified":"2021-01-24T10:36:47","modified_gmt":"2021-01-24T10:36:47","slug":"superlative-eye-contour-cream","status":"publish","type":"product","link":"https:\/\/staging.megapharm.al\/?product=superlative-eye-contour-cream","title":{"rendered":"Superlative Eye Contour Cream"},"content":{"rendered":"<p>Superlative Eye Contour \u00ebsht\u00eb nj\u00eb krem p\u00ebr zon\u00ebn e syve dhe mund t\u00eb p\u00ebrdoret dhe n\u00eb zon\u00ebn e konturit t\u00eb buz\u00ebve. Formulimi i tij me komplekse ushqyese, sericin\u00eb dhe kafeine, ushqejn\u00eb intensivisht l\u00ebkur\u00ebn duke reduktuar qeskat e syve, rrathet e zinj dhe mbushur rrudhat. Zona e syve do jet\u00eb menj\u00ebher\u00eb me e \u00e7lodhur dhe e ndri\u00e7uar. Testuar klinikisht dhe dermatologjikisht.<\/p>\n","protected":false},"excerpt":{"rendered":"<p>Superlative Eye Contour \u00ebsht\u00eb nj\u00eb krem p\u00ebr zon\u00ebn e syve dhe mund t\u00eb p\u00ebrdoret dhe n\u00eb zon\u00ebn e konturit t\u00eb buz\u00ebve. Formulimi i tij me komplekse ushqyese, sericin\u00eb dhe kafeine, ushqejn\u00eb intensivisht l\u00ebkur\u00ebn duke reduktuar qeskat e syve, rrathet e zinj dhe mbushur rrudhat. Zona e syve do jet\u00eb menj\u00ebher\u00eb me e \u00e7lodhur dhe e ndri\u00e7uar. Testuar klinikisht dhe dermatologjikisht.<\/p>\n","protected":false},"featured_media":5717,"comment_status":"open","ping_status":"closed","template":"","meta":[],"product_brand":[],"product_cat":[124],"product_tag":[],"class_list":{"0":"post-6440","1":"product","2":"type-product","3":"status-publish","4":"has-post-thumbnail","6":"product_cat-korff","8":"first","9":"instock","10":"shipping-taxable","11":"product-type-simple"},"_links":{"self":[{"href":"https:\/\/staging.megapharm.al\/index.php?rest_route=\/wp\/v2\/product\/6440","targetHints":{"allow":["GET"]}}],"collection":[{"href":"https:\/\/staging.megapharm.al\/index.php?rest_route=\/wp\/v2\/product"}],"about":[{"href":"https:\/\/staging.megapharm.al\/index.php?rest_route=\/wp\/v2\/types\/product"}],"replies":[{"embeddable":true,"href":"https:\/\/staging.megapharm.al\/index.php?rest_route=%2Fwp%2Fv2%2Fcomments&post=6440"}],"wp:featuredmedia":[{"embeddable":true,"href":"https:\/\/staging.megapharm.al\/index.php?rest_route=\/wp\/v2\/media\/5717"}],"wp:attachment":[{"href":"https:\/\/staging.megapharm.al\/index.php?rest_route=%2Fwp%2Fv2%2Fmedia&parent=6440"}],"wp:term":[{"taxonomy":"product_brand","embeddable":true,"href":"https:\/\/staging.megapharm.al\/index.php?rest_route=%2Fwp%2Fv2%2Fproduct_brand&post=6440"},{"taxonomy":"product_cat","embeddable":true,"href":"https:\/\/staging.megapharm.al\/index.php?rest_route=%2Fwp%2Fv2%2Fproduct_cat&post=6440"},{"taxonomy":"product_tag","embeddable":true,"href":"https:\/\/staging.megapharm.al\/index.php?rest_route=%2Fwp%2Fv2%2Fproduct_tag&post=6440"}],"curies":[{"name":"wp","href":"https:\/\/api.w.org\/{rel}","templated":true}]}}