{"id":6439,"date":"2021-01-24T10:36:43","date_gmt":"2021-01-24T10:36:43","guid":{"rendered":"http:\/\/staging.megapharm.al\/\/index.php\/product\/import-placeholder-for-2630\/"},"modified":"2021-01-24T10:36:47","modified_gmt":"2021-01-24T10:36:47","slug":"superlative-24-hours-face-balm","status":"publish","type":"product","link":"https:\/\/staging.megapharm.al\/?product=superlative-24-hours-face-balm","title":{"rendered":"Superlative 24 hours face balm"},"content":{"rendered":"<p>Balsami 24 or\u00ebsh i fytyr\u00ebs ka nj\u00eb struktur\u00eb shum\u00eb t\u00eb pasur, t\u00eb m\u00ebndafsht\u00eb, leht\u00ebsisht t\u00eb p\u00ebrthithshme, t\u00eb pasur me komplekse ushqyese, kalcium dhe nj\u00eb kompleks multivitaminash. Ajo ushqen dhe ristrukturon thell\u00ebsisht l\u00ebkur\u00ebn, duke ndihmuar n\u00eb kontrastin e rrudhave dhe plakjen e l\u00ebkur\u00ebs. L\u00ebkura e fytyr\u00ebs do t\u00eb duket m\u00eb e re, m\u00eb kompakte dhe m\u00eb e but\u00eb n\u00eb afat t\u00eb shkurt\u00ebr.<\/p>\n","protected":false},"excerpt":{"rendered":"<p>Balsami 24 or\u00ebsh i fytyr\u00ebs ka nj\u00eb struktur\u00eb shum\u00eb t\u00eb pasur, t\u00eb m\u00ebndafsht\u00eb, leht\u00ebsisht t\u00eb p\u00ebrthithshme, t\u00eb pasur me komplekse ushqyese, kalcium dhe nj\u00eb kompleks multivitaminash. Ajo ushqen dhe ristrukturon thell\u00ebsisht l\u00ebkur\u00ebn, duke ndihmuar n\u00eb kontrastin e rrudhave dhe plakjen e l\u00ebkur\u00ebs. L\u00ebkura e fytyr\u00ebs do t\u00eb duket m\u00eb e re, m\u00eb kompakte dhe m\u00eb e but\u00eb n\u00eb afat t\u00eb shkurt\u00ebr.<\/p>\n","protected":false},"featured_media":5716,"comment_status":"open","ping_status":"closed","template":"","meta":[],"product_brand":[],"product_cat":[124],"product_tag":[],"class_list":{"0":"post-6439","1":"product","2":"type-product","3":"status-publish","4":"has-post-thumbnail","6":"product_cat-korff","8":"first","9":"instock","10":"shipping-taxable","11":"product-type-simple"},"_links":{"self":[{"href":"https:\/\/staging.megapharm.al\/index.php?rest_route=\/wp\/v2\/product\/6439","targetHints":{"allow":["GET"]}}],"collection":[{"href":"https:\/\/staging.megapharm.al\/index.php?rest_route=\/wp\/v2\/product"}],"about":[{"href":"https:\/\/staging.megapharm.al\/index.php?rest_route=\/wp\/v2\/types\/product"}],"replies":[{"embeddable":true,"href":"https:\/\/staging.megapharm.al\/index.php?rest_route=%2Fwp%2Fv2%2Fcomments&post=6439"}],"wp:featuredmedia":[{"embeddable":true,"href":"https:\/\/staging.megapharm.al\/index.php?rest_route=\/wp\/v2\/media\/5716"}],"wp:attachment":[{"href":"https:\/\/staging.megapharm.al\/index.php?rest_route=%2Fwp%2Fv2%2Fmedia&parent=6439"}],"wp:term":[{"taxonomy":"product_brand","embeddable":true,"href":"https:\/\/staging.megapharm.al\/index.php?rest_route=%2Fwp%2Fv2%2Fproduct_brand&post=6439"},{"taxonomy":"product_cat","embeddable":true,"href":"https:\/\/staging.megapharm.al\/index.php?rest_route=%2Fwp%2Fv2%2Fproduct_cat&post=6439"},{"taxonomy":"product_tag","embeddable":true,"href":"https:\/\/staging.megapharm.al\/index.php?rest_route=%2Fwp%2Fv2%2Fproduct_tag&post=6439"}],"curies":[{"name":"wp","href":"https:\/\/api.w.org\/{rel}","templated":true}]}}