{"id":6437,"date":"2021-01-24T10:36:42","date_gmt":"2021-01-24T10:36:42","guid":{"rendered":"http:\/\/staging.megapharm.al\/\/index.php\/product\/import-placeholder-for-2628\/"},"modified":"2021-01-24T10:36:47","modified_gmt":"2021-01-24T10:36:47","slug":"superlative-face-elixir","status":"publish","type":"product","link":"https:\/\/staging.megapharm.al\/?product=superlative-face-elixir","title":{"rendered":"Superlative Face Elixir"},"content":{"rendered":"<p>Superlative Face Elisir, me Kompleksin Ushqyes, Vitamin\u00eb C dhe ekstraktin Rosehip, ndihmon p\u00ebr t\u00eb rivendosur penges\u00ebn e l\u00ebkur\u00ebs dhe nivelin optimal t\u00eb hidratimit dhe t\u00eb ushqyerit, duke luftuar plakjen e l\u00ebkur\u00ebs.<br \/>\nL\u00ebkura e fytyr\u00ebs s\u00eb shpejti do t\u00eb duket e rigjall\u00ebruar, tonifikuar, elastike dhe e ndritshme.<br \/>\nTestuar klinikisht dhe dermatologjikisht.<\/p>\n","protected":false},"excerpt":{"rendered":"<p>Superlative Face Elisir, me Kompleksin Ushqyes, Vitamin\u00eb C dhe ekstraktin Rosehip, ndihmon p\u00ebr t\u00eb rivendosur penges\u00ebn e l\u00ebkur\u00ebs dhe nivelin optimal t\u00eb hidratimit dhe t\u00eb ushqyerit, duke luftuar plakjen e l\u00ebkur\u00ebs.<br \/>\nL\u00ebkura e fytyr\u00ebs s\u00eb shpejti do t\u00eb duket e rigjall\u00ebruar, tonifikuar, elastike dhe e ndritshme.<br \/>\nTestuar klinikisht dhe dermatologjikisht.<\/p>\n","protected":false},"featured_media":5714,"comment_status":"open","ping_status":"closed","template":"","meta":[],"product_brand":[],"product_cat":[124],"product_tag":[],"class_list":{"0":"post-6437","1":"product","2":"type-product","3":"status-publish","4":"has-post-thumbnail","6":"product_cat-korff","8":"first","9":"instock","10":"shipping-taxable","11":"product-type-simple"},"_links":{"self":[{"href":"https:\/\/staging.megapharm.al\/index.php?rest_route=\/wp\/v2\/product\/6437","targetHints":{"allow":["GET"]}}],"collection":[{"href":"https:\/\/staging.megapharm.al\/index.php?rest_route=\/wp\/v2\/product"}],"about":[{"href":"https:\/\/staging.megapharm.al\/index.php?rest_route=\/wp\/v2\/types\/product"}],"replies":[{"embeddable":true,"href":"https:\/\/staging.megapharm.al\/index.php?rest_route=%2Fwp%2Fv2%2Fcomments&post=6437"}],"wp:featuredmedia":[{"embeddable":true,"href":"https:\/\/staging.megapharm.al\/index.php?rest_route=\/wp\/v2\/media\/5714"}],"wp:attachment":[{"href":"https:\/\/staging.megapharm.al\/index.php?rest_route=%2Fwp%2Fv2%2Fmedia&parent=6437"}],"wp:term":[{"taxonomy":"product_brand","embeddable":true,"href":"https:\/\/staging.megapharm.al\/index.php?rest_route=%2Fwp%2Fv2%2Fproduct_brand&post=6437"},{"taxonomy":"product_cat","embeddable":true,"href":"https:\/\/staging.megapharm.al\/index.php?rest_route=%2Fwp%2Fv2%2Fproduct_cat&post=6437"},{"taxonomy":"product_tag","embeddable":true,"href":"https:\/\/staging.megapharm.al\/index.php?rest_route=%2Fwp%2Fv2%2Fproduct_tag&post=6437"}],"curies":[{"name":"wp","href":"https:\/\/api.w.org\/{rel}","templated":true}]}}