{"id":6436,"date":"2021-01-24T10:36:42","date_gmt":"2021-01-24T10:36:42","guid":{"rendered":"http:\/\/staging.megapharm.al\/\/index.php\/product\/import-placeholder-for-2627\/"},"modified":"2021-01-24T10:36:47","modified_gmt":"2021-01-24T10:36:47","slug":"supreme-antiwrinkle-coloured-face-day-cream-spf-20","status":"publish","type":"product","link":"https:\/\/staging.megapharm.al\/?product=supreme-antiwrinkle-coloured-face-day-cream-spf-20","title":{"rendered":"Supreme Antiwrinkle Coloured Face Day Cream Spf 20"},"content":{"rendered":"<p>Krem me ngjyr\u00eb anti-age i formuluar me p\u00ebrb\u00ebr\u00ebs aktive t\u00eb cil\u00ebt forcojn\u00eb l\u00ebkuren e hidratojn\u00eb at\u00eb dhe zbehin rrudhat. Ky krem p\u00ebrmban dhe filtra mbrojt\u00ebs SPF 20 q\u00eb parandalojn\u00eb plakjen e l\u00ebkur\u00ebs.Kjo formule p\u00ebrmban gjalp Shea, Vitamine F, Vitamine B3 t\u00eb cilat ndihmojn\u00eb n\u00eb forcimin e barrier\u00ebs s\u00eb l\u00ebkur\u00ebs. Algat e kuqe dhe ekstrakti Pentapeptid 31 veprojn\u00eb kund\u00ebr plakjes s\u00eb l\u00ebkur\u00ebs.<\/p>\n","protected":false},"excerpt":{"rendered":"<p>Krem me ngjyr\u00eb anti-age i formuluar me p\u00ebrb\u00ebr\u00ebs aktive t\u00eb cil\u00ebt forcojn\u00eb l\u00ebkuren e hidratojn\u00eb at\u00eb dhe zbehin rrudhat. Ky krem p\u00ebrmban dhe filtra mbrojt\u00ebs SPF 20 q\u00eb parandalojn\u00eb plakjen e l\u00ebkur\u00ebs.Kjo formule p\u00ebrmban gjalp Shea, Vitamine F, Vitamine B3 t\u00eb cilat ndihmojn\u00eb n\u00eb forcimin e barrier\u00ebs s\u00eb l\u00ebkur\u00ebs. Algat e kuqe dhe ekstrakti Pentapeptid 31 veprojn\u00eb kund\u00ebr plakjes s\u00eb l\u00ebkur\u00ebs.<\/p>\n","protected":false},"featured_media":5713,"comment_status":"open","ping_status":"closed","template":"","meta":[],"product_brand":[],"product_cat":[124],"product_tag":[],"class_list":{"0":"post-6436","1":"product","2":"type-product","3":"status-publish","4":"has-post-thumbnail","6":"product_cat-korff","8":"first","9":"instock","10":"shipping-taxable","11":"product-type-simple"},"_links":{"self":[{"href":"https:\/\/staging.megapharm.al\/index.php?rest_route=\/wp\/v2\/product\/6436","targetHints":{"allow":["GET"]}}],"collection":[{"href":"https:\/\/staging.megapharm.al\/index.php?rest_route=\/wp\/v2\/product"}],"about":[{"href":"https:\/\/staging.megapharm.al\/index.php?rest_route=\/wp\/v2\/types\/product"}],"replies":[{"embeddable":true,"href":"https:\/\/staging.megapharm.al\/index.php?rest_route=%2Fwp%2Fv2%2Fcomments&post=6436"}],"wp:featuredmedia":[{"embeddable":true,"href":"https:\/\/staging.megapharm.al\/index.php?rest_route=\/wp\/v2\/media\/5713"}],"wp:attachment":[{"href":"https:\/\/staging.megapharm.al\/index.php?rest_route=%2Fwp%2Fv2%2Fmedia&parent=6436"}],"wp:term":[{"taxonomy":"product_brand","embeddable":true,"href":"https:\/\/staging.megapharm.al\/index.php?rest_route=%2Fwp%2Fv2%2Fproduct_brand&post=6436"},{"taxonomy":"product_cat","embeddable":true,"href":"https:\/\/staging.megapharm.al\/index.php?rest_route=%2Fwp%2Fv2%2Fproduct_cat&post=6436"},{"taxonomy":"product_tag","embeddable":true,"href":"https:\/\/staging.megapharm.al\/index.php?rest_route=%2Fwp%2Fv2%2Fproduct_tag&post=6436"}],"curies":[{"name":"wp","href":"https:\/\/api.w.org\/{rel}","templated":true}]}}