{"id":6433,"date":"2021-01-24T10:36:42","date_gmt":"2021-01-24T10:36:42","guid":{"rendered":"http:\/\/staging.megapharm.al\/\/index.php\/product\/import-placeholder-for-2624\/"},"modified":"2021-01-24T10:36:46","modified_gmt":"2021-01-24T10:36:46","slug":"supreme-anti-wrinkle-eye-contour-cream","status":"publish","type":"product","link":"https:\/\/staging.megapharm.al\/?product=supreme-anti-wrinkle-eye-contour-cream","title":{"rendered":"Supreme Anti-Wrinkle Eye Contour Cream"},"content":{"rendered":"<p>Trajtim anti-age dhe rind\u00ebrtues p\u00ebr konturin e syve. Fal\u00eb prezences se XL- peptideve dhe nj\u00eb filleri optik rrudhat jan\u00eb m\u00eb t\u00eb zbehta dhe m\u00eb t\u00eb reduktuara. Ginko Biloba dhe ekstraktet e kafein\u00ebs b\u00ebjn\u00eb t\u00eb mundur reduktimin e rratheve t\u00eb erret dhe qeskave poshte syve. P\u00ebrmban gjithashtu dhe Shea Oil, Vitamin\u00eb B3 dhe Vitamin\u00eb F t\u00eb cilat forcojn\u00eb barrier\u00ebn mbrojt\u00ebse t\u00eb l\u00ebkur\u00ebs.<\/p>\n","protected":false},"excerpt":{"rendered":"<p>Trajtim anti-age dhe rind\u00ebrtues p\u00ebr konturin e syve. Fal\u00eb prezences se XL- peptideve dhe nj\u00eb filleri optik rrudhat jan\u00eb m\u00eb t\u00eb zbehta dhe m\u00eb t\u00eb reduktuara. Ginko Biloba dhe ekstraktet e kafein\u00ebs b\u00ebjn\u00eb t\u00eb mundur reduktimin e rratheve t\u00eb erret dhe qeskave poshte syve. P\u00ebrmban gjithashtu dhe Shea Oil, Vitamin\u00eb B3 dhe Vitamin\u00eb F t\u00eb cilat forcojn\u00eb barrier\u00ebn mbrojt\u00ebse t\u00eb l\u00ebkur\u00ebs.<\/p>\n","protected":false},"featured_media":5710,"comment_status":"open","ping_status":"closed","template":"","meta":[],"product_brand":[],"product_cat":[124],"product_tag":[],"class_list":{"0":"post-6433","1":"product","2":"type-product","3":"status-publish","4":"has-post-thumbnail","6":"product_cat-korff","8":"first","9":"instock","10":"shipping-taxable","11":"product-type-simple"},"_links":{"self":[{"href":"https:\/\/staging.megapharm.al\/index.php?rest_route=\/wp\/v2\/product\/6433","targetHints":{"allow":["GET"]}}],"collection":[{"href":"https:\/\/staging.megapharm.al\/index.php?rest_route=\/wp\/v2\/product"}],"about":[{"href":"https:\/\/staging.megapharm.al\/index.php?rest_route=\/wp\/v2\/types\/product"}],"replies":[{"embeddable":true,"href":"https:\/\/staging.megapharm.al\/index.php?rest_route=%2Fwp%2Fv2%2Fcomments&post=6433"}],"wp:featuredmedia":[{"embeddable":true,"href":"https:\/\/staging.megapharm.al\/index.php?rest_route=\/wp\/v2\/media\/5710"}],"wp:attachment":[{"href":"https:\/\/staging.megapharm.al\/index.php?rest_route=%2Fwp%2Fv2%2Fmedia&parent=6433"}],"wp:term":[{"taxonomy":"product_brand","embeddable":true,"href":"https:\/\/staging.megapharm.al\/index.php?rest_route=%2Fwp%2Fv2%2Fproduct_brand&post=6433"},{"taxonomy":"product_cat","embeddable":true,"href":"https:\/\/staging.megapharm.al\/index.php?rest_route=%2Fwp%2Fv2%2Fproduct_cat&post=6433"},{"taxonomy":"product_tag","embeddable":true,"href":"https:\/\/staging.megapharm.al\/index.php?rest_route=%2Fwp%2Fv2%2Fproduct_tag&post=6433"}],"curies":[{"name":"wp","href":"https:\/\/api.w.org\/{rel}","templated":true}]}}