{"id":6432,"date":"2021-01-24T10:36:33","date_gmt":"2021-01-24T10:36:33","guid":{"rendered":"http:\/\/staging.megapharm.al\/\/index.php\/product\/import-placeholder-for-2623\/"},"modified":"2021-01-24T10:36:40","modified_gmt":"2021-01-24T10:36:40","slug":"supreme-antiwrinkle-face-serum","status":"publish","type":"product","link":"https:\/\/staging.megapharm.al\/?product=supreme-antiwrinkle-face-serum","title":{"rendered":"Supreme Antiwrinkle Face Serum"},"content":{"rendered":"<p>Serum p\u00ebr fytyr\u00ebn me nj\u00eb struktur\u00eb t\u00eb fresk\u00ebt, t\u00eb formuluar p\u00ebr ristrukturimin e fytyr\u00ebs dhe rrudhave me p\u00ebrb\u00ebr\u00ebs aktiv\u00eb kund\u00ebr mosh\u00ebs, q\u00eb forcojn\u00eb l\u00ebkur\u00ebn, hidratojn\u00eb, zvog\u00eblojn\u00eb rrudhat dhe p\u00ebrmir\u00ebsojn\u00eb tonin e l\u00ebkur\u00ebs. P\u00ebrdoret ve\u00e7an\u00ebrisht p\u00ebr t\u00eb p\u00ebrballuar ndryshimet e l\u00ebkur\u00ebs q\u00eb ndodhin gjat\u00eb menopauz\u00ebs: humbja e tonit dhe elasticitetit, ulja e qarkullimit t\u00eb qelizave dhe shk\u00eblqimit dhe tendencat p\u00ebr dehidratim t\u00eb l\u00ebkur\u00ebs.<br \/>\nP\u00ebrmban Shea Butter, Vitamin\u00eb F dhe Vitamin\u00eb B3, t\u00eb cilat kontribuojn\u00eb n\u00eb forcimin e l\u00ebkur\u00ebs dhe kufizimin e humbjes s\u00eb ujit transepidermal, nd\u00ebrsa Pentapeptidi 31 dhe ekstrakti i Algave t\u00eb Kuqe kryejn\u00eb veprimin anti-age.<\/p>\n","protected":false},"excerpt":{"rendered":"<p>Serum p\u00ebr fytyr\u00ebn me nj\u00eb struktur\u00eb t\u00eb fresk\u00ebt, t\u00eb formuluar p\u00ebr ristrukturimin e fytyr\u00ebs dhe rrudhave me p\u00ebrb\u00ebr\u00ebs aktiv\u00eb kund\u00ebr mosh\u00ebs, q\u00eb forcojn\u00eb l\u00ebkur\u00ebn, hidratojn\u00eb, zvog\u00eblojn\u00eb rrudhat dhe p\u00ebrmir\u00ebsojn\u00eb tonin e l\u00ebkur\u00ebs. P\u00ebrdoret ve\u00e7an\u00ebrisht p\u00ebr t\u00eb p\u00ebrballuar ndryshimet e l\u00ebkur\u00ebs q\u00eb ndodhin gjat\u00eb menopauz\u00ebs: humbja e tonit dhe elasticitetit, ulja e qarkullimit t\u00eb qelizave dhe shk\u00eblqimit dhe tendencat p\u00ebr dehidratim t\u00eb l\u00ebkur\u00ebs.<br \/>\nP\u00ebrmban Shea Butter, Vitamin\u00eb F dhe Vitamin\u00eb B3, t\u00eb cilat kontribuojn\u00eb n\u00eb forcimin e l\u00ebkur\u00ebs dhe kufizimin e humbjes s\u00eb ujit transepidermal, nd\u00ebrsa Pentapeptidi 31 dhe ekstrakti i Algave t\u00eb Kuqe kryejn\u00eb veprimin anti-age.<\/p>\n","protected":false},"featured_media":5709,"comment_status":"open","ping_status":"closed","template":"","meta":[],"product_brand":[],"product_cat":[124],"product_tag":[],"class_list":{"0":"post-6432","1":"product","2":"type-product","3":"status-publish","4":"has-post-thumbnail","6":"product_cat-korff","8":"first","9":"instock","10":"shipping-taxable","11":"product-type-simple"},"_links":{"self":[{"href":"https:\/\/staging.megapharm.al\/index.php?rest_route=\/wp\/v2\/product\/6432","targetHints":{"allow":["GET"]}}],"collection":[{"href":"https:\/\/staging.megapharm.al\/index.php?rest_route=\/wp\/v2\/product"}],"about":[{"href":"https:\/\/staging.megapharm.al\/index.php?rest_route=\/wp\/v2\/types\/product"}],"replies":[{"embeddable":true,"href":"https:\/\/staging.megapharm.al\/index.php?rest_route=%2Fwp%2Fv2%2Fcomments&post=6432"}],"wp:featuredmedia":[{"embeddable":true,"href":"https:\/\/staging.megapharm.al\/index.php?rest_route=\/wp\/v2\/media\/5709"}],"wp:attachment":[{"href":"https:\/\/staging.megapharm.al\/index.php?rest_route=%2Fwp%2Fv2%2Fmedia&parent=6432"}],"wp:term":[{"taxonomy":"product_brand","embeddable":true,"href":"https:\/\/staging.megapharm.al\/index.php?rest_route=%2Fwp%2Fv2%2Fproduct_brand&post=6432"},{"taxonomy":"product_cat","embeddable":true,"href":"https:\/\/staging.megapharm.al\/index.php?rest_route=%2Fwp%2Fv2%2Fproduct_cat&post=6432"},{"taxonomy":"product_tag","embeddable":true,"href":"https:\/\/staging.megapharm.al\/index.php?rest_route=%2Fwp%2Fv2%2Fproduct_tag&post=6432"}],"curies":[{"name":"wp","href":"https:\/\/api.w.org\/{rel}","templated":true}]}}