{"id":6431,"date":"2021-01-24T10:36:33","date_gmt":"2021-01-24T10:36:33","guid":{"rendered":"http:\/\/staging.megapharm.al\/\/index.php\/product\/import-placeholder-for-2622\/"},"modified":"2021-01-24T10:36:40","modified_gmt":"2021-01-24T10:36:40","slug":"correctionist-anti-wrinkle-and-regenerating-eye-cream","status":"publish","type":"product","link":"https:\/\/staging.megapharm.al\/?product=correctionist-anti-wrinkle-and-regenerating-eye-cream","title":{"rendered":"Correctionist Anti Wrinkle and Regenerating Eye Cream"},"content":{"rendered":"<p>Krem p\u00ebr syt\u00eb n\u00eb form\u00eb krem-xhel leht\u00ebsisht i p\u00ebrthithsh\u00ebm nga l\u00ebkura. P\u00ebrmban: Rejuvenating kompleks; nj\u00eb miks principesh aktive q\u00eb ndalon plakjen e l\u00ebkur\u00ebs, p\u00ebrmireson elsaticitetin e l\u00ebkur\u00ebs duke reduktuar rrudhat. Tonifikon dhe jep shk\u00eblqim zon\u00ebs s\u00eb syve. Derivate t\u00eb soj\u00ebs; l\u00ebkur\u00eb elastike dhe tonike Ginko Biloba + derivat i Kafein\u00ebs t\u00eb cilat n\u00eb bashk\u00ebpunim reduktojn\u00eb qeset posht\u00eb syve dhe rrath\u00ebt e err\u00ebt.<\/p>\n","protected":false},"excerpt":{"rendered":"<p>Krem p\u00ebr syt\u00eb n\u00eb form\u00eb krem-xhel leht\u00ebsisht i p\u00ebrthithsh\u00ebm nga l\u00ebkura. P\u00ebrmban: Rejuvenating kompleks; nj\u00eb miks principesh aktive q\u00eb ndalon plakjen e l\u00ebkur\u00ebs, p\u00ebrmireson elsaticitetin e l\u00ebkur\u00ebs duke reduktuar rrudhat. Tonifikon dhe jep shk\u00eblqim zon\u00ebs s\u00eb syve. Derivate t\u00eb soj\u00ebs; l\u00ebkur\u00eb elastike dhe tonike Ginko Biloba + derivat i Kafein\u00ebs t\u00eb cilat n\u00eb bashk\u00ebpunim reduktojn\u00eb qeset posht\u00eb syve dhe rrath\u00ebt e err\u00ebt.<\/p>\n","protected":false},"featured_media":5708,"comment_status":"open","ping_status":"closed","template":"","meta":[],"product_brand":[],"product_cat":[124],"product_tag":[],"class_list":{"0":"post-6431","1":"product","2":"type-product","3":"status-publish","4":"has-post-thumbnail","6":"product_cat-korff","8":"first","9":"instock","10":"shipping-taxable","11":"product-type-simple"},"_links":{"self":[{"href":"https:\/\/staging.megapharm.al\/index.php?rest_route=\/wp\/v2\/product\/6431","targetHints":{"allow":["GET"]}}],"collection":[{"href":"https:\/\/staging.megapharm.al\/index.php?rest_route=\/wp\/v2\/product"}],"about":[{"href":"https:\/\/staging.megapharm.al\/index.php?rest_route=\/wp\/v2\/types\/product"}],"replies":[{"embeddable":true,"href":"https:\/\/staging.megapharm.al\/index.php?rest_route=%2Fwp%2Fv2%2Fcomments&post=6431"}],"wp:featuredmedia":[{"embeddable":true,"href":"https:\/\/staging.megapharm.al\/index.php?rest_route=\/wp\/v2\/media\/5708"}],"wp:attachment":[{"href":"https:\/\/staging.megapharm.al\/index.php?rest_route=%2Fwp%2Fv2%2Fmedia&parent=6431"}],"wp:term":[{"taxonomy":"product_brand","embeddable":true,"href":"https:\/\/staging.megapharm.al\/index.php?rest_route=%2Fwp%2Fv2%2Fproduct_brand&post=6431"},{"taxonomy":"product_cat","embeddable":true,"href":"https:\/\/staging.megapharm.al\/index.php?rest_route=%2Fwp%2Fv2%2Fproduct_cat&post=6431"},{"taxonomy":"product_tag","embeddable":true,"href":"https:\/\/staging.megapharm.al\/index.php?rest_route=%2Fwp%2Fv2%2Fproduct_tag&post=6431"}],"curies":[{"name":"wp","href":"https:\/\/api.w.org\/{rel}","templated":true}]}}