{"id":6430,"date":"2021-01-24T10:36:33","date_gmt":"2021-01-24T10:36:33","guid":{"rendered":"http:\/\/staging.megapharm.al\/\/index.php\/product\/import-placeholder-for-2621\/"},"modified":"2021-01-24T10:36:39","modified_gmt":"2021-01-24T10:36:39","slug":"correctionist-ng-regenerating-rich-wrinkle-cream","status":"publish","type":"product","link":"https:\/\/staging.megapharm.al\/?product=correctionist-ng-regenerating-rich-wrinkle-cream","title":{"rendered":"Correctionist NG Regenerating Rich Wrinkle Cream"},"content":{"rendered":"<p>Krem hidratues p\u00ebr l\u00ebkur\u00ebn, mjaft I pasur dhe leht\u00ebsisht i p\u00ebrthithsh\u00ebm. P\u00ebrmban Rejuvenating Complex, nj\u00eb miks p\u00ebrb\u00ebr\u00ebsish aktive t\u00eb cil\u00ebt minimizojne rrudhat, ndalojn\u00eb plakjen e l\u00ebkur\u00ebs, kthejn elasticitetin. L\u00ebkura \u00ebsht\u00eb m\u00eb tonike dhe me shk\u00eblqim. P\u00ebrmban gjithashtu vaj Macadamia dhe vaj Argani t\u00eb cil\u00ebt jan\u00eb 2 hidratues t\u00eb mir\u00eb. P\u00ebrzierja e dyll\u00ebrave bimore zbusin dhe ushqejn\u00eb l\u00ebkur\u00ebn. Trajtim i k\u00ebshilluar p\u00ebr l\u00ebkur\u00eb t\u00eb that\u00eb dhe t\u00eb ndjeshme.<\/p>\n","protected":false},"excerpt":{"rendered":"<p>Krem hidratues p\u00ebr l\u00ebkur\u00ebn, mjaft I pasur dhe leht\u00ebsisht i p\u00ebrthithsh\u00ebm. P\u00ebrmban Rejuvenating Complex, nj\u00eb miks p\u00ebrb\u00ebr\u00ebsish aktive t\u00eb cil\u00ebt minimizojne rrudhat, ndalojn\u00eb plakjen e l\u00ebkur\u00ebs, kthejn elasticitetin. L\u00ebkura \u00ebsht\u00eb m\u00eb tonike dhe me shk\u00eblqim. P\u00ebrmban gjithashtu vaj Macadamia dhe vaj Argani t\u00eb cil\u00ebt jan\u00eb 2 hidratues t\u00eb mir\u00eb. P\u00ebrzierja e dyll\u00ebrave bimore zbusin dhe ushqejn\u00eb l\u00ebkur\u00ebn. Trajtim i k\u00ebshilluar p\u00ebr l\u00ebkur\u00eb t\u00eb that\u00eb dhe t\u00eb ndjeshme.<\/p>\n","protected":false},"featured_media":5707,"comment_status":"open","ping_status":"closed","template":"","meta":[],"product_brand":[],"product_cat":[124],"product_tag":[],"class_list":{"0":"post-6430","1":"product","2":"type-product","3":"status-publish","4":"has-post-thumbnail","6":"product_cat-korff","8":"first","9":"instock","10":"shipping-taxable","11":"product-type-simple"},"_links":{"self":[{"href":"https:\/\/staging.megapharm.al\/index.php?rest_route=\/wp\/v2\/product\/6430","targetHints":{"allow":["GET"]}}],"collection":[{"href":"https:\/\/staging.megapharm.al\/index.php?rest_route=\/wp\/v2\/product"}],"about":[{"href":"https:\/\/staging.megapharm.al\/index.php?rest_route=\/wp\/v2\/types\/product"}],"replies":[{"embeddable":true,"href":"https:\/\/staging.megapharm.al\/index.php?rest_route=%2Fwp%2Fv2%2Fcomments&post=6430"}],"wp:featuredmedia":[{"embeddable":true,"href":"https:\/\/staging.megapharm.al\/index.php?rest_route=\/wp\/v2\/media\/5707"}],"wp:attachment":[{"href":"https:\/\/staging.megapharm.al\/index.php?rest_route=%2Fwp%2Fv2%2Fmedia&parent=6430"}],"wp:term":[{"taxonomy":"product_brand","embeddable":true,"href":"https:\/\/staging.megapharm.al\/index.php?rest_route=%2Fwp%2Fv2%2Fproduct_brand&post=6430"},{"taxonomy":"product_cat","embeddable":true,"href":"https:\/\/staging.megapharm.al\/index.php?rest_route=%2Fwp%2Fv2%2Fproduct_cat&post=6430"},{"taxonomy":"product_tag","embeddable":true,"href":"https:\/\/staging.megapharm.al\/index.php?rest_route=%2Fwp%2Fv2%2Fproduct_tag&post=6430"}],"curies":[{"name":"wp","href":"https:\/\/api.w.org\/{rel}","templated":true}]}}