{"id":6429,"date":"2021-01-24T10:36:32","date_gmt":"2021-01-24T10:36:32","guid":{"rendered":"http:\/\/staging.megapharm.al\/\/index.php\/product\/import-placeholder-for-2620\/"},"modified":"2024-10-24T23:04:32","modified_gmt":"2024-10-24T23:04:32","slug":"correctionist-ng-regenerating-light-wrinkle-cream","status":"publish","type":"product","link":"https:\/\/staging.megapharm.al\/?product=correctionist-ng-regenerating-light-wrinkle-cream","title":{"rendered":"Correctionist NG Regenerating Light Wrinkle Cream"},"content":{"rendered":"<p>Krem fytyre me nj\u00eb tekstur\u00eb t\u00eb leht\u00eb, t\u00eb but\u00eb dhe q\u00eb p\u00ebrthithet me leht\u00ebsi. Formula p\u00ebrmban Rejuvenating Complex, nj\u00eb miks p\u00ebrb\u00ebr\u00ebsish aktiv\u00eb q\u00eb ndalon plakjen e l\u00ebkur\u00ebs, redukton rrudhat, rrit elasticitetin, tonicitetin, hidratimin e l\u00ebkur\u00ebs dhe shk\u00eblqimin. Fal\u00eb prezenc\u00ebs s\u00eb zinkut reduktohet prodhimi i yndyr\u00ebs dhe l\u00ebkura \u00ebsht\u00eb m\u00eb e past\u00ebr. I p\u00ebrshtatsh\u00ebm p\u00ebr l\u00ebkura normale dhe t\u00eb yndyrshme.<\/p>\n","protected":false},"excerpt":{"rendered":"<p>Krem fytyre me nj\u00eb tekstur\u00eb t\u00eb leht\u00eb, t\u00eb but\u00eb dhe q\u00eb p\u00ebrthithet me leht\u00ebsi. Formula p\u00ebrmban Rejuvenating Complex, nj\u00eb miks p\u00ebrb\u00ebr\u00ebsish aktiv\u00eb q\u00eb ndalon plakjen e l\u00ebkur\u00ebs, redukton rrudhat, rrit elasticitetin, tonicitetin, hidratimin e l\u00ebkur\u00ebs dhe shk\u00eblqimin. Fal\u00eb prezenc\u00ebs s\u00eb zinkut reduktohet prodhimi i yndyr\u00ebs dhe l\u00ebkura \u00ebsht\u00eb m\u00eb e past\u00ebr. I p\u00ebrshtatsh\u00ebm p\u00ebr l\u00ebkura normale dhe t\u00eb yndyrshme.<\/p>\n","protected":false},"featured_media":5706,"comment_status":"open","ping_status":"closed","template":"","meta":[],"product_brand":[],"product_cat":[124],"product_tag":[],"class_list":{"0":"post-6429","1":"product","2":"type-product","3":"status-publish","4":"has-post-thumbnail","6":"product_cat-korff","8":"first","9":"instock","10":"shipping-taxable","11":"product-type-simple"},"_links":{"self":[{"href":"https:\/\/staging.megapharm.al\/index.php?rest_route=\/wp\/v2\/product\/6429","targetHints":{"allow":["GET"]}}],"collection":[{"href":"https:\/\/staging.megapharm.al\/index.php?rest_route=\/wp\/v2\/product"}],"about":[{"href":"https:\/\/staging.megapharm.al\/index.php?rest_route=\/wp\/v2\/types\/product"}],"replies":[{"embeddable":true,"href":"https:\/\/staging.megapharm.al\/index.php?rest_route=%2Fwp%2Fv2%2Fcomments&post=6429"}],"wp:featuredmedia":[{"embeddable":true,"href":"https:\/\/staging.megapharm.al\/index.php?rest_route=\/wp\/v2\/media\/5706"}],"wp:attachment":[{"href":"https:\/\/staging.megapharm.al\/index.php?rest_route=%2Fwp%2Fv2%2Fmedia&parent=6429"}],"wp:term":[{"taxonomy":"product_brand","embeddable":true,"href":"https:\/\/staging.megapharm.al\/index.php?rest_route=%2Fwp%2Fv2%2Fproduct_brand&post=6429"},{"taxonomy":"product_cat","embeddable":true,"href":"https:\/\/staging.megapharm.al\/index.php?rest_route=%2Fwp%2Fv2%2Fproduct_cat&post=6429"},{"taxonomy":"product_tag","embeddable":true,"href":"https:\/\/staging.megapharm.al\/index.php?rest_route=%2Fwp%2Fv2%2Fproduct_tag&post=6429"}],"curies":[{"name":"wp","href":"https:\/\/api.w.org\/{rel}","templated":true}]}}