{"id":6428,"date":"2021-01-24T10:36:32","date_gmt":"2021-01-24T10:36:32","guid":{"rendered":"http:\/\/staging.megapharm.al\/\/index.php\/product\/import-placeholder-for-2619\/"},"modified":"2021-01-24T10:36:39","modified_gmt":"2021-01-24T10:36:39","slug":"correctionist-anti-wrinkle-regenerating-serum","status":"publish","type":"product","link":"https:\/\/staging.megapharm.al\/?product=correctionist-anti-wrinkle-regenerating-serum","title":{"rendered":"Correctionist Anti Wrinkle Regenerating Serum"},"content":{"rendered":"<p>Serum me nj\u00eb tekstur\u00eb krem-xheli q\u00eb p\u00ebrthithet leht\u00ebsisht. P\u00ebrmban kompleksin Rejuvenating (kombinim i disa principeve aktive), q\u00eb parandalon plakjen e l\u00ebkur\u00ebs, pak\u00ebson rrudhat, rrit tonicitetin dhe elasticitetin e l\u00ebkur\u00ebs.<br \/>\nPrania e ekstrakteve t\u00eb Evodias i rikthen shk\u00eblqimin e humbur l\u00ebkur\u00ebs tuaj. Trajtim i p\u00ebrshtatsh\u00ebm p\u00ebr \u00e7do lloj l\u00ebkure, jo komedogjenik, i testuar dermatologjikisht dhe klinikisht, i testuar p\u00ebr nikel, krom, kobalt, m\u00ebrkur dhe paladium.<\/p>\n","protected":false},"excerpt":{"rendered":"<p>Serum me nj\u00eb tekstur\u00eb krem-xheli q\u00eb p\u00ebrthithet leht\u00ebsisht. P\u00ebrmban kompleksin Rejuvenating (kombinim i disa principeve aktive), q\u00eb parandalon plakjen e l\u00ebkur\u00ebs, pak\u00ebson rrudhat, rrit tonicitetin dhe elasticitetin e l\u00ebkur\u00ebs.<br \/>\nPrania e ekstrakteve t\u00eb Evodias i rikthen shk\u00eblqimin e humbur l\u00ebkur\u00ebs tuaj. Trajtim i p\u00ebrshtatsh\u00ebm p\u00ebr \u00e7do lloj l\u00ebkure, jo komedogjenik, i testuar dermatologjikisht dhe klinikisht, i testuar p\u00ebr nikel, krom, kobalt, m\u00ebrkur dhe paladium.<\/p>\n","protected":false},"featured_media":5705,"comment_status":"open","ping_status":"closed","template":"","meta":[],"product_brand":[],"product_cat":[124],"product_tag":[],"class_list":{"0":"post-6428","1":"product","2":"type-product","3":"status-publish","4":"has-post-thumbnail","6":"product_cat-korff","8":"first","9":"instock","10":"shipping-taxable","11":"product-type-simple"},"_links":{"self":[{"href":"https:\/\/staging.megapharm.al\/index.php?rest_route=\/wp\/v2\/product\/6428","targetHints":{"allow":["GET"]}}],"collection":[{"href":"https:\/\/staging.megapharm.al\/index.php?rest_route=\/wp\/v2\/product"}],"about":[{"href":"https:\/\/staging.megapharm.al\/index.php?rest_route=\/wp\/v2\/types\/product"}],"replies":[{"embeddable":true,"href":"https:\/\/staging.megapharm.al\/index.php?rest_route=%2Fwp%2Fv2%2Fcomments&post=6428"}],"wp:featuredmedia":[{"embeddable":true,"href":"https:\/\/staging.megapharm.al\/index.php?rest_route=\/wp\/v2\/media\/5705"}],"wp:attachment":[{"href":"https:\/\/staging.megapharm.al\/index.php?rest_route=%2Fwp%2Fv2%2Fmedia&parent=6428"}],"wp:term":[{"taxonomy":"product_brand","embeddable":true,"href":"https:\/\/staging.megapharm.al\/index.php?rest_route=%2Fwp%2Fv2%2Fproduct_brand&post=6428"},{"taxonomy":"product_cat","embeddable":true,"href":"https:\/\/staging.megapharm.al\/index.php?rest_route=%2Fwp%2Fv2%2Fproduct_cat&post=6428"},{"taxonomy":"product_tag","embeddable":true,"href":"https:\/\/staging.megapharm.al\/index.php?rest_route=%2Fwp%2Fv2%2Fproduct_tag&post=6428"}],"curies":[{"name":"wp","href":"https:\/\/api.w.org\/{rel}","templated":true}]}}