{"id":6425,"date":"2021-01-24T10:36:32","date_gmt":"2021-01-24T10:36:32","guid":{"rendered":"http:\/\/staging.megapharm.al\/\/index.php\/product\/import-placeholder-for-2616\/"},"modified":"2021-01-24T10:36:38","modified_gmt":"2021-01-24T10:36:38","slug":"hydro-radiance-intensive-moisturizing-face-cream","status":"publish","type":"product","link":"https:\/\/staging.megapharm.al\/?product=hydro-radiance-intensive-moisturizing-face-cream","title":{"rendered":"Hydro Radiance Intensive Moisturizing Face Cream"},"content":{"rendered":"<p>Krem p\u00ebr fytyr\u00ebn me nj\u00eb struktur\u00eb t\u00eb but\u00eb dhe kremoze. Formulimi i tij me Kompleksin Hydroplus me baz\u00eb Acidin Hialuronik me pesh\u00eb t\u00eb lart\u00eb dhe t\u00eb ul\u00ebt molekulare dhe ekstraktin Viola Tricolor hidraton thell\u00ebsisht l\u00ebkur\u00ebn dhe parandalon dehidratimin.<br \/>\nP\u00ebrb\u00ebr\u00ebsit aktiv\u00eb specifik\u00eb kund\u00ebr plakjes ndihmojn\u00eb n\u00eb ruajtjen e bukuris\u00eb s\u00eb l\u00ebkur\u00ebs, duke parandaluar formimin e rrudhave, nd\u00ebrsa pluhuri i diamantit garanton shk\u00eblqimin e l\u00ebkur\u00ebs. L\u00ebkura n\u00eb fytyr\u00eb shfaqet menj\u00ebher\u00eb m\u00eb e but\u00eb dhe m\u00eb rrezatuese. Trajtimi ve\u00e7an\u00ebrisht i p\u00ebrshtatsh\u00ebm p\u00ebr l\u00ebkur\u00ebn e that\u00eb dhe shum\u00eb t\u00eb that\u00eb.<\/p>\n","protected":false},"excerpt":{"rendered":"<p>Krem p\u00ebr fytyr\u00ebn me nj\u00eb struktur\u00eb t\u00eb but\u00eb dhe kremoze. Formulimi i tij me Kompleksin Hydroplus me baz\u00eb Acidin Hialuronik me pesh\u00eb t\u00eb lart\u00eb dhe t\u00eb ul\u00ebt molekulare dhe ekstraktin Viola Tricolor hidraton thell\u00ebsisht l\u00ebkur\u00ebn dhe parandalon dehidratimin.<br \/>\nP\u00ebrb\u00ebr\u00ebsit aktiv\u00eb specifik\u00eb kund\u00ebr plakjes ndihmojn\u00eb n\u00eb ruajtjen e bukuris\u00eb s\u00eb l\u00ebkur\u00ebs, duke parandaluar formimin e rrudhave, nd\u00ebrsa pluhuri i diamantit garanton shk\u00eblqimin e l\u00ebkur\u00ebs. L\u00ebkura n\u00eb fytyr\u00eb shfaqet menj\u00ebher\u00eb m\u00eb e but\u00eb dhe m\u00eb rrezatuese. Trajtimi ve\u00e7an\u00ebrisht i p\u00ebrshtatsh\u00ebm p\u00ebr l\u00ebkur\u00ebn e that\u00eb dhe shum\u00eb t\u00eb that\u00eb.<\/p>\n","protected":false},"featured_media":5702,"comment_status":"open","ping_status":"closed","template":"","meta":[],"product_brand":[],"product_cat":[124],"product_tag":[],"class_list":{"0":"post-6425","1":"product","2":"type-product","3":"status-publish","4":"has-post-thumbnail","6":"product_cat-korff","8":"first","9":"instock","10":"shipping-taxable","11":"product-type-simple"},"_links":{"self":[{"href":"https:\/\/staging.megapharm.al\/index.php?rest_route=\/wp\/v2\/product\/6425","targetHints":{"allow":["GET"]}}],"collection":[{"href":"https:\/\/staging.megapharm.al\/index.php?rest_route=\/wp\/v2\/product"}],"about":[{"href":"https:\/\/staging.megapharm.al\/index.php?rest_route=\/wp\/v2\/types\/product"}],"replies":[{"embeddable":true,"href":"https:\/\/staging.megapharm.al\/index.php?rest_route=%2Fwp%2Fv2%2Fcomments&post=6425"}],"wp:featuredmedia":[{"embeddable":true,"href":"https:\/\/staging.megapharm.al\/index.php?rest_route=\/wp\/v2\/media\/5702"}],"wp:attachment":[{"href":"https:\/\/staging.megapharm.al\/index.php?rest_route=%2Fwp%2Fv2%2Fmedia&parent=6425"}],"wp:term":[{"taxonomy":"product_brand","embeddable":true,"href":"https:\/\/staging.megapharm.al\/index.php?rest_route=%2Fwp%2Fv2%2Fproduct_brand&post=6425"},{"taxonomy":"product_cat","embeddable":true,"href":"https:\/\/staging.megapharm.al\/index.php?rest_route=%2Fwp%2Fv2%2Fproduct_cat&post=6425"},{"taxonomy":"product_tag","embeddable":true,"href":"https:\/\/staging.megapharm.al\/index.php?rest_route=%2Fwp%2Fv2%2Fproduct_tag&post=6425"}],"curies":[{"name":"wp","href":"https:\/\/api.w.org\/{rel}","templated":true}]}}