{"id":6424,"date":"2021-01-24T10:36:32","date_gmt":"2021-01-24T10:36:32","guid":{"rendered":"http:\/\/staging.megapharm.al\/\/index.php\/product\/import-placeholder-for-2615\/"},"modified":"2021-01-24T10:36:38","modified_gmt":"2021-01-24T10:36:38","slug":"hydro-radiance-moisturizing-cream","status":"publish","type":"product","link":"https:\/\/staging.megapharm.al\/?product=hydro-radiance-moisturizing-cream","title":{"rendered":"Hydro Radiance Moisturizing Cream"},"content":{"rendered":"<p>Krem p\u00ebr t\u00eb gjitha tipet e l\u00ebkurave. Ka nj\u00eb struktur\u00eb t\u00eb but\u00eb dhe kompakte q\u00eb, n\u00eb kontakt me l\u00ebkur\u00ebn, shnd\u00ebrrohet n\u00eb nj\u00eb emulsion t\u00eb fresk\u00ebt dhe t\u00eb leht\u00eb. Formulimi i tij me Kompleksin Hydroplus me baz\u00eb Acidin Hialuronik me pesh\u00eb t\u00eb lart\u00eb dhe t\u00eb ul\u00ebt molekulare dhe ekstraktin Viola Tricolor hidraton thell\u00ebsisht l\u00ebkur\u00ebn dhe parandalon dehidratimin.<\/p>\n","protected":false},"excerpt":{"rendered":"<p>Krem p\u00ebr t\u00eb gjitha tipet e l\u00ebkurave. Ka nj\u00eb struktur\u00eb t\u00eb but\u00eb dhe kompakte q\u00eb, n\u00eb kontakt me l\u00ebkur\u00ebn, shnd\u00ebrrohet n\u00eb nj\u00eb emulsion t\u00eb fresk\u00ebt dhe t\u00eb leht\u00eb. Formulimi i tij me Kompleksin Hydroplus me baz\u00eb Acidin Hialuronik me pesh\u00eb t\u00eb lart\u00eb dhe t\u00eb ul\u00ebt molekulare dhe ekstraktin Viola Tricolor hidraton thell\u00ebsisht l\u00ebkur\u00ebn dhe parandalon dehidratimin.<\/p>\n","protected":false},"featured_media":5701,"comment_status":"open","ping_status":"closed","template":"","meta":[],"product_brand":[],"product_cat":[124],"product_tag":[],"class_list":{"0":"post-6424","1":"product","2":"type-product","3":"status-publish","4":"has-post-thumbnail","6":"product_cat-korff","8":"first","9":"instock","10":"shipping-taxable","11":"product-type-simple"},"_links":{"self":[{"href":"https:\/\/staging.megapharm.al\/index.php?rest_route=\/wp\/v2\/product\/6424","targetHints":{"allow":["GET"]}}],"collection":[{"href":"https:\/\/staging.megapharm.al\/index.php?rest_route=\/wp\/v2\/product"}],"about":[{"href":"https:\/\/staging.megapharm.al\/index.php?rest_route=\/wp\/v2\/types\/product"}],"replies":[{"embeddable":true,"href":"https:\/\/staging.megapharm.al\/index.php?rest_route=%2Fwp%2Fv2%2Fcomments&post=6424"}],"wp:featuredmedia":[{"embeddable":true,"href":"https:\/\/staging.megapharm.al\/index.php?rest_route=\/wp\/v2\/media\/5701"}],"wp:attachment":[{"href":"https:\/\/staging.megapharm.al\/index.php?rest_route=%2Fwp%2Fv2%2Fmedia&parent=6424"}],"wp:term":[{"taxonomy":"product_brand","embeddable":true,"href":"https:\/\/staging.megapharm.al\/index.php?rest_route=%2Fwp%2Fv2%2Fproduct_brand&post=6424"},{"taxonomy":"product_cat","embeddable":true,"href":"https:\/\/staging.megapharm.al\/index.php?rest_route=%2Fwp%2Fv2%2Fproduct_cat&post=6424"},{"taxonomy":"product_tag","embeddable":true,"href":"https:\/\/staging.megapharm.al\/index.php?rest_route=%2Fwp%2Fv2%2Fproduct_tag&post=6424"}],"curies":[{"name":"wp","href":"https:\/\/api.w.org\/{rel}","templated":true}]}}