{"id":6423,"date":"2021-01-24T10:36:31","date_gmt":"2021-01-24T10:36:31","guid":{"rendered":"http:\/\/staging.megapharm.al\/\/index.php\/product\/import-placeholder-for-2614\/"},"modified":"2021-01-24T10:36:38","modified_gmt":"2021-01-24T10:36:38","slug":"cleansing-white-clay-mask","status":"publish","type":"product","link":"https:\/\/staging.megapharm.al\/?product=cleansing-white-clay-mask","title":{"rendered":"Cleansing White Clay Mask"},"content":{"rendered":"<p>Maska me argjil\u00eb t\u00eb bardh\u00eb \u00ebsht\u00eb e p\u00ebrshtatshme p\u00ebr fytyrat mikse dhe t\u00eb yndyrshme.<br \/>\nArgjila e bardh\u00eb dhe dioksidi i titanit thithin sebumin e tep\u00ebrt n\u00eb l\u00ebkur\u00eb dhe zvog\u00eblojn\u00eb diametrin e poreve, zinku dhe corallina officinalis kan\u00eb nj\u00eb efekt balancues t\u00eb sebumit, nd\u00ebrsa mikroperlat speciale matifikuese ulin shk\u00eblqimin e l\u00ebkur\u00ebs. Ekstrakti i \u00e7ajit jeshil siguron nj\u00eb efekt energjik nd\u00ebrsa mentja jep nj\u00eb ndjesi t\u00eb k\u00ebndshme freskie.<\/p>\n","protected":false},"excerpt":{"rendered":"<p>Maska me argjil\u00eb t\u00eb bardh\u00eb \u00ebsht\u00eb e p\u00ebrshtatshme p\u00ebr fytyrat mikse dhe t\u00eb yndyrshme.<br \/>\nArgjila e bardh\u00eb dhe dioksidi i titanit thithin sebumin e tep\u00ebrt n\u00eb l\u00ebkur\u00eb dhe zvog\u00eblojn\u00eb diametrin e poreve, zinku dhe corallina officinalis kan\u00eb nj\u00eb efekt balancues t\u00eb sebumit, nd\u00ebrsa mikroperlat speciale matifikuese ulin shk\u00eblqimin e l\u00ebkur\u00ebs. Ekstrakti i \u00e7ajit jeshil siguron nj\u00eb efekt energjik nd\u00ebrsa mentja jep nj\u00eb ndjesi t\u00eb k\u00ebndshme freskie.<\/p>\n","protected":false},"featured_media":5700,"comment_status":"open","ping_status":"closed","template":"","meta":[],"product_brand":[],"product_cat":[124],"product_tag":[],"class_list":{"0":"post-6423","1":"product","2":"type-product","3":"status-publish","4":"has-post-thumbnail","6":"product_cat-korff","8":"first","9":"instock","10":"shipping-taxable","11":"product-type-simple"},"_links":{"self":[{"href":"https:\/\/staging.megapharm.al\/index.php?rest_route=\/wp\/v2\/product\/6423","targetHints":{"allow":["GET"]}}],"collection":[{"href":"https:\/\/staging.megapharm.al\/index.php?rest_route=\/wp\/v2\/product"}],"about":[{"href":"https:\/\/staging.megapharm.al\/index.php?rest_route=\/wp\/v2\/types\/product"}],"replies":[{"embeddable":true,"href":"https:\/\/staging.megapharm.al\/index.php?rest_route=%2Fwp%2Fv2%2Fcomments&post=6423"}],"wp:featuredmedia":[{"embeddable":true,"href":"https:\/\/staging.megapharm.al\/index.php?rest_route=\/wp\/v2\/media\/5700"}],"wp:attachment":[{"href":"https:\/\/staging.megapharm.al\/index.php?rest_route=%2Fwp%2Fv2%2Fmedia&parent=6423"}],"wp:term":[{"taxonomy":"product_brand","embeddable":true,"href":"https:\/\/staging.megapharm.al\/index.php?rest_route=%2Fwp%2Fv2%2Fproduct_brand&post=6423"},{"taxonomy":"product_cat","embeddable":true,"href":"https:\/\/staging.megapharm.al\/index.php?rest_route=%2Fwp%2Fv2%2Fproduct_cat&post=6423"},{"taxonomy":"product_tag","embeddable":true,"href":"https:\/\/staging.megapharm.al\/index.php?rest_route=%2Fwp%2Fv2%2Fproduct_tag&post=6423"}],"curies":[{"name":"wp","href":"https:\/\/api.w.org\/{rel}","templated":true}]}}