{"id":6422,"date":"2021-01-24T10:36:31","date_gmt":"2021-01-24T10:36:31","guid":{"rendered":"http:\/\/staging.megapharm.al\/\/index.php\/product\/import-placeholder-for-2613\/"},"modified":"2021-01-24T10:36:38","modified_gmt":"2021-01-24T10:36:38","slug":"cleansing-revitalizing-black-peeling","status":"publish","type":"product","link":"https:\/\/staging.megapharm.al\/?product=cleansing-revitalizing-black-peeling","title":{"rendered":"Cleansing Revitalizing Black Peeling"},"content":{"rendered":"<p>Scrub delikat fytyre, pastrues dhe rigjall\u00ebrues.<br \/>\nIdeal p\u00ebr t\u00eb gjitha llojet e l\u00ebkur\u00ebs. Karboni thith dhe ekuilibron sebumin e tep\u00ebrt dhe, n\u00eb bashk\u00ebpunim me kristalet e Corundum, eliminon papast\u00ebrtit\u00eb dhe qelizat e vdekura, duke promovuar rigjenerimin e qelizave e duke dh\u00ebn\u00eb but\u00ebsi dhe shk\u00eblqim n\u00eb l\u00ebkur\u00eb.<br \/>\nGjalpi Karit\u00e9 dhe p\u00ebrzierja e dyll\u00ebrave vegjetale ushqejn\u00eb dhe hidratojn\u00eb nd\u00ebrsa kamomili i jep k\u00ebnaq\u00ebsi t\u00eb menj\u00ebhershme l\u00ebkur\u00ebs.<\/p>\n","protected":false},"excerpt":{"rendered":"<p>Scrub delikat fytyre, pastrues dhe rigjall\u00ebrues.<br \/>\nIdeal p\u00ebr t\u00eb gjitha llojet e l\u00ebkur\u00ebs. Karboni thith dhe ekuilibron sebumin e tep\u00ebrt dhe, n\u00eb bashk\u00ebpunim me kristalet e Corundum, eliminon papast\u00ebrtit\u00eb dhe qelizat e vdekura, duke promovuar rigjenerimin e qelizave e duke dh\u00ebn\u00eb but\u00ebsi dhe shk\u00eblqim n\u00eb l\u00ebkur\u00eb.<br \/>\nGjalpi Karit\u00e9 dhe p\u00ebrzierja e dyll\u00ebrave vegjetale ushqejn\u00eb dhe hidratojn\u00eb nd\u00ebrsa kamomili i jep k\u00ebnaq\u00ebsi t\u00eb menj\u00ebhershme l\u00ebkur\u00ebs.<\/p>\n","protected":false},"featured_media":5699,"comment_status":"open","ping_status":"closed","template":"","meta":[],"product_brand":[],"product_cat":[124],"product_tag":[],"class_list":{"0":"post-6422","1":"product","2":"type-product","3":"status-publish","4":"has-post-thumbnail","6":"product_cat-korff","8":"first","9":"instock","10":"shipping-taxable","11":"product-type-simple"},"_links":{"self":[{"href":"https:\/\/staging.megapharm.al\/index.php?rest_route=\/wp\/v2\/product\/6422","targetHints":{"allow":["GET"]}}],"collection":[{"href":"https:\/\/staging.megapharm.al\/index.php?rest_route=\/wp\/v2\/product"}],"about":[{"href":"https:\/\/staging.megapharm.al\/index.php?rest_route=\/wp\/v2\/types\/product"}],"replies":[{"embeddable":true,"href":"https:\/\/staging.megapharm.al\/index.php?rest_route=%2Fwp%2Fv2%2Fcomments&post=6422"}],"wp:featuredmedia":[{"embeddable":true,"href":"https:\/\/staging.megapharm.al\/index.php?rest_route=\/wp\/v2\/media\/5699"}],"wp:attachment":[{"href":"https:\/\/staging.megapharm.al\/index.php?rest_route=%2Fwp%2Fv2%2Fmedia&parent=6422"}],"wp:term":[{"taxonomy":"product_brand","embeddable":true,"href":"https:\/\/staging.megapharm.al\/index.php?rest_route=%2Fwp%2Fv2%2Fproduct_brand&post=6422"},{"taxonomy":"product_cat","embeddable":true,"href":"https:\/\/staging.megapharm.al\/index.php?rest_route=%2Fwp%2Fv2%2Fproduct_cat&post=6422"},{"taxonomy":"product_tag","embeddable":true,"href":"https:\/\/staging.megapharm.al\/index.php?rest_route=%2Fwp%2Fv2%2Fproduct_tag&post=6422"}],"curies":[{"name":"wp","href":"https:\/\/api.w.org\/{rel}","templated":true}]}}