{"id":6420,"date":"2021-01-24T10:36:31","date_gmt":"2021-01-24T10:36:31","guid":{"rendered":"http:\/\/staging.megapharm.al\/\/index.php\/product\/import-placeholder-for-2611\/"},"modified":"2021-01-24T10:36:37","modified_gmt":"2021-01-24T10:36:37","slug":"cleasing-deep-cleasing-balm","status":"publish","type":"product","link":"https:\/\/staging.megapharm.al\/?product=cleasing-deep-cleasing-balm","title":{"rendered":"Cleasing deep-cleasing balm"},"content":{"rendered":"<p>Balsam pastrues p\u00ebr fytyr\u00ebn, ideal p\u00ebr l\u00ebkura normale dhe t\u00eb thata.<br \/>\nShea Butter n\u00eb formul\u00eb ka nj\u00eb veprim ushqyes, nd\u00ebrsa p\u00ebrzierja e dyll\u00ebrave vegjetal dhe vitamin\u00ebs E rigjeneron dhe hidraton l\u00ebkur\u00ebn but\u00ebsisht.<\/p>\n","protected":false},"excerpt":{"rendered":"<p>Balsam pastrues p\u00ebr fytyr\u00ebn, ideal p\u00ebr l\u00ebkura normale dhe t\u00eb thata.<br \/>\nShea Butter n\u00eb formul\u00eb ka nj\u00eb veprim ushqyes, nd\u00ebrsa p\u00ebrzierja e dyll\u00ebrave vegjetal dhe vitamin\u00ebs E rigjeneron dhe hidraton l\u00ebkur\u00ebn but\u00ebsisht.<\/p>\n","protected":false},"featured_media":5697,"comment_status":"open","ping_status":"closed","template":"","meta":[],"product_brand":[],"product_cat":[124],"product_tag":[],"class_list":{"0":"post-6420","1":"product","2":"type-product","3":"status-publish","4":"has-post-thumbnail","6":"product_cat-korff","8":"first","9":"instock","10":"shipping-taxable","11":"product-type-simple"},"_links":{"self":[{"href":"https:\/\/staging.megapharm.al\/index.php?rest_route=\/wp\/v2\/product\/6420","targetHints":{"allow":["GET"]}}],"collection":[{"href":"https:\/\/staging.megapharm.al\/index.php?rest_route=\/wp\/v2\/product"}],"about":[{"href":"https:\/\/staging.megapharm.al\/index.php?rest_route=\/wp\/v2\/types\/product"}],"replies":[{"embeddable":true,"href":"https:\/\/staging.megapharm.al\/index.php?rest_route=%2Fwp%2Fv2%2Fcomments&post=6420"}],"wp:featuredmedia":[{"embeddable":true,"href":"https:\/\/staging.megapharm.al\/index.php?rest_route=\/wp\/v2\/media\/5697"}],"wp:attachment":[{"href":"https:\/\/staging.megapharm.al\/index.php?rest_route=%2Fwp%2Fv2%2Fmedia&parent=6420"}],"wp:term":[{"taxonomy":"product_brand","embeddable":true,"href":"https:\/\/staging.megapharm.al\/index.php?rest_route=%2Fwp%2Fv2%2Fproduct_brand&post=6420"},{"taxonomy":"product_cat","embeddable":true,"href":"https:\/\/staging.megapharm.al\/index.php?rest_route=%2Fwp%2Fv2%2Fproduct_cat&post=6420"},{"taxonomy":"product_tag","embeddable":true,"href":"https:\/\/staging.megapharm.al\/index.php?rest_route=%2Fwp%2Fv2%2Fproduct_tag&post=6420"}],"curies":[{"name":"wp","href":"https:\/\/api.w.org\/{rel}","templated":true}]}}