{"id":6419,"date":"2021-01-24T10:36:31","date_gmt":"2021-01-24T10:36:31","guid":{"rendered":"http:\/\/staging.megapharm.al\/\/index.php\/product\/import-placeholder-for-2610\/"},"modified":"2021-01-24T10:36:37","modified_gmt":"2021-01-24T10:36:37","slug":"cleansing-biphasic-make-up-remover","status":"publish","type":"product","link":"https:\/\/staging.megapharm.al\/?product=cleansing-biphasic-make-up-remover","title":{"rendered":"Cleansing Biphasic make-up remover"},"content":{"rendered":"<p>Solucion bifazik q\u00eb pastron make-up nga fytyra, syt\u00eb dhe buz\u00ebt; gjithashtu shum\u00eb I p\u00ebrshtatsh\u00ebm p\u00ebr pastrimin e make-up rezistent ndaj ujit. E l\u00eb l\u00ebkur\u00ebn t\u00eb past\u00ebr duke dh\u00ebn\u00eb nj\u00eb ndjesi mir\u00ebqenie. E pasur me ekstrakte t\u00eb Ganoderma Lucidum.<br \/>\nP\u00ebr t\u00eb gjitha llojet e l\u00ebkurave.<\/p>\n","protected":false},"excerpt":{"rendered":"<p>Solucion bifazik q\u00eb pastron make-up nga fytyra, syt\u00eb dhe buz\u00ebt; gjithashtu shum\u00eb I p\u00ebrshtatsh\u00ebm p\u00ebr pastrimin e make-up rezistent ndaj ujit. E l\u00eb l\u00ebkur\u00ebn t\u00eb past\u00ebr duke dh\u00ebn\u00eb nj\u00eb ndjesi mir\u00ebqenie. E pasur me ekstrakte t\u00eb Ganoderma Lucidum.<br \/>\nP\u00ebr t\u00eb gjitha llojet e l\u00ebkurave.<\/p>\n","protected":false},"featured_media":5696,"comment_status":"open","ping_status":"closed","template":"","meta":[],"product_brand":[],"product_cat":[124],"product_tag":[],"class_list":{"0":"post-6419","1":"product","2":"type-product","3":"status-publish","4":"has-post-thumbnail","6":"product_cat-korff","8":"first","9":"instock","10":"shipping-taxable","11":"product-type-simple"},"_links":{"self":[{"href":"https:\/\/staging.megapharm.al\/index.php?rest_route=\/wp\/v2\/product\/6419","targetHints":{"allow":["GET"]}}],"collection":[{"href":"https:\/\/staging.megapharm.al\/index.php?rest_route=\/wp\/v2\/product"}],"about":[{"href":"https:\/\/staging.megapharm.al\/index.php?rest_route=\/wp\/v2\/types\/product"}],"replies":[{"embeddable":true,"href":"https:\/\/staging.megapharm.al\/index.php?rest_route=%2Fwp%2Fv2%2Fcomments&post=6419"}],"wp:featuredmedia":[{"embeddable":true,"href":"https:\/\/staging.megapharm.al\/index.php?rest_route=\/wp\/v2\/media\/5696"}],"wp:attachment":[{"href":"https:\/\/staging.megapharm.al\/index.php?rest_route=%2Fwp%2Fv2%2Fmedia&parent=6419"}],"wp:term":[{"taxonomy":"product_brand","embeddable":true,"href":"https:\/\/staging.megapharm.al\/index.php?rest_route=%2Fwp%2Fv2%2Fproduct_brand&post=6419"},{"taxonomy":"product_cat","embeddable":true,"href":"https:\/\/staging.megapharm.al\/index.php?rest_route=%2Fwp%2Fv2%2Fproduct_cat&post=6419"},{"taxonomy":"product_tag","embeddable":true,"href":"https:\/\/staging.megapharm.al\/index.php?rest_route=%2Fwp%2Fv2%2Fproduct_tag&post=6419"}],"curies":[{"name":"wp","href":"https:\/\/api.w.org\/{rel}","templated":true}]}}