{"id":6417,"date":"2021-01-24T10:36:31","date_gmt":"2021-01-24T10:36:31","guid":{"rendered":"http:\/\/staging.megapharm.al\/\/index.php\/product\/import-placeholder-for-2608\/"},"modified":"2021-01-24T10:36:37","modified_gmt":"2021-01-24T10:36:37","slug":"cleansing-purifying-cleansing-gel","status":"publish","type":"product","link":"https:\/\/staging.megapharm.al\/?product=cleansing-purifying-cleansing-gel","title":{"rendered":"Cleansing Purifying Cleansing Gel"},"content":{"rendered":"<p>Xhel pastrues delikat p\u00ebr l\u00ebkura mikse dhe t\u00eb yndyrshme. Produkt me nj\u00eb tekstur\u00eb t\u00eb fresk\u00ebt q\u00eb pastron n\u00eb thell\u00ebsi dhe heq me leht\u00ebsi make up-in. I pasuruar me ekstrakte t\u00eb Ganoderma lucidum, mund\u00ebson q\u00eb l\u00ebkura juaj t\u00eb jet\u00eb e but\u00eb dhe e l\u00ebmuar<\/p>\n","protected":false},"excerpt":{"rendered":"<p>Xhel pastrues delikat p\u00ebr l\u00ebkura mikse dhe t\u00eb yndyrshme. Produkt me nj\u00eb tekstur\u00eb t\u00eb fresk\u00ebt q\u00eb pastron n\u00eb thell\u00ebsi dhe heq me leht\u00ebsi make up-in. I pasuruar me ekstrakte t\u00eb Ganoderma lucidum, mund\u00ebson q\u00eb l\u00ebkura juaj t\u00eb jet\u00eb e but\u00eb dhe e l\u00ebmuar<\/p>\n","protected":false},"featured_media":5694,"comment_status":"open","ping_status":"closed","template":"","meta":[],"product_brand":[],"product_cat":[124],"product_tag":[],"class_list":{"0":"post-6417","1":"product","2":"type-product","3":"status-publish","4":"has-post-thumbnail","6":"product_cat-korff","8":"first","9":"instock","10":"shipping-taxable","11":"product-type-simple"},"_links":{"self":[{"href":"https:\/\/staging.megapharm.al\/index.php?rest_route=\/wp\/v2\/product\/6417","targetHints":{"allow":["GET"]}}],"collection":[{"href":"https:\/\/staging.megapharm.al\/index.php?rest_route=\/wp\/v2\/product"}],"about":[{"href":"https:\/\/staging.megapharm.al\/index.php?rest_route=\/wp\/v2\/types\/product"}],"replies":[{"embeddable":true,"href":"https:\/\/staging.megapharm.al\/index.php?rest_route=%2Fwp%2Fv2%2Fcomments&post=6417"}],"wp:featuredmedia":[{"embeddable":true,"href":"https:\/\/staging.megapharm.al\/index.php?rest_route=\/wp\/v2\/media\/5694"}],"wp:attachment":[{"href":"https:\/\/staging.megapharm.al\/index.php?rest_route=%2Fwp%2Fv2%2Fmedia&parent=6417"}],"wp:term":[{"taxonomy":"product_brand","embeddable":true,"href":"https:\/\/staging.megapharm.al\/index.php?rest_route=%2Fwp%2Fv2%2Fproduct_brand&post=6417"},{"taxonomy":"product_cat","embeddable":true,"href":"https:\/\/staging.megapharm.al\/index.php?rest_route=%2Fwp%2Fv2%2Fproduct_cat&post=6417"},{"taxonomy":"product_tag","embeddable":true,"href":"https:\/\/staging.megapharm.al\/index.php?rest_route=%2Fwp%2Fv2%2Fproduct_tag&post=6417"}],"curies":[{"name":"wp","href":"https:\/\/api.w.org\/{rel}","templated":true}]}}