{"id":6414,"date":"2021-01-24T10:36:30","date_gmt":"2021-01-24T10:36:30","guid":{"rendered":"http:\/\/staging.megapharm.al\/\/index.php\/product\/import-placeholder-for-2604\/"},"modified":"2021-01-24T10:36:36","modified_gmt":"2021-01-24T10:36:36","slug":"after-sun-moisturizing-and-restoring-2","status":"publish","type":"product","link":"https:\/\/staging.megapharm.al\/?product=after-sun-moisturizing-and-restoring-2","title":{"rendered":"After Sun Moisturizing and Restoring"},"content":{"rendered":"<p>Emulsion n\u00eb form\u00eb fluidi, me tekstur\u00eb t\u00eb fresk\u00ebt e cila p\u00ebrthithet shum\u00eb shpejt nga l\u00ebkura p\u00ebr fytyr\u00ebn dhe trupin me efekt qet\u00ebsues, hidratues dhe ushqyes.<br \/>\nFormula inovative me DNA Safe Complex ruan bukurin\u00eb e l\u00ebkur\u00ebs, fotoplakjen dhe ushqen n\u00eb thell\u00ebsi indet e d\u00ebmtuara .<br \/>\nPas perdorimit l\u00ebkura q\u00ebndron e ndritshme.<br \/>\nE p\u00ebrshtatshme p\u00ebr cdo tip l\u00ebkure<br \/>\nTestuar dermatologjikisht dhe klinikisht. Testuar p\u00ebr Nikel, Krom, Kobalt, M\u00ebrkur dhe Paladium.<\/p>\n","protected":false},"excerpt":{"rendered":"<p>Emulsion n\u00eb form\u00eb fluidi, me tekstur\u00eb t\u00eb fresk\u00ebt e cila p\u00ebrthithet shum\u00eb shpejt nga l\u00ebkura p\u00ebr fytyr\u00ebn dhe trupin me efekt qet\u00ebsues, hidratues dhe ushqyes.<br \/>\nFormula inovative me DNA Safe Complex ruan bukurin\u00eb e l\u00ebkur\u00ebs, fotoplakjen dhe ushqen n\u00eb thell\u00ebsi indet e d\u00ebmtuara .<br \/>\nPas perdorimit l\u00ebkura q\u00ebndron e ndritshme.<br \/>\nE p\u00ebrshtatshme p\u00ebr cdo tip l\u00ebkure<br \/>\nTestuar dermatologjikisht dhe klinikisht. Testuar p\u00ebr Nikel, Krom, Kobalt, M\u00ebrkur dhe Paladium.<\/p>\n","protected":false},"featured_media":5691,"comment_status":"open","ping_status":"closed","template":"","meta":[],"product_brand":[],"product_cat":[124],"product_tag":[],"class_list":{"0":"post-6414","1":"product","2":"type-product","3":"status-publish","4":"has-post-thumbnail","6":"product_cat-korff","8":"first","9":"instock","10":"shipping-taxable","11":"product-type-simple"},"_links":{"self":[{"href":"https:\/\/staging.megapharm.al\/index.php?rest_route=\/wp\/v2\/product\/6414","targetHints":{"allow":["GET"]}}],"collection":[{"href":"https:\/\/staging.megapharm.al\/index.php?rest_route=\/wp\/v2\/product"}],"about":[{"href":"https:\/\/staging.megapharm.al\/index.php?rest_route=\/wp\/v2\/types\/product"}],"replies":[{"embeddable":true,"href":"https:\/\/staging.megapharm.al\/index.php?rest_route=%2Fwp%2Fv2%2Fcomments&post=6414"}],"wp:featuredmedia":[{"embeddable":true,"href":"https:\/\/staging.megapharm.al\/index.php?rest_route=\/wp\/v2\/media\/5691"}],"wp:attachment":[{"href":"https:\/\/staging.megapharm.al\/index.php?rest_route=%2Fwp%2Fv2%2Fmedia&parent=6414"}],"wp:term":[{"taxonomy":"product_brand","embeddable":true,"href":"https:\/\/staging.megapharm.al\/index.php?rest_route=%2Fwp%2Fv2%2Fproduct_brand&post=6414"},{"taxonomy":"product_cat","embeddable":true,"href":"https:\/\/staging.megapharm.al\/index.php?rest_route=%2Fwp%2Fv2%2Fproduct_cat&post=6414"},{"taxonomy":"product_tag","embeddable":true,"href":"https:\/\/staging.megapharm.al\/index.php?rest_route=%2Fwp%2Fv2%2Fproduct_tag&post=6414"}],"curies":[{"name":"wp","href":"https:\/\/api.w.org\/{rel}","templated":true}]}}