{"id":6412,"date":"2021-01-24T10:36:30","date_gmt":"2021-01-24T10:36:30","guid":{"rendered":"http:\/\/staging.megapharm.al\/\/index.php\/product\/import-placeholder-for-2602\/"},"modified":"2021-01-24T10:36:35","modified_gmt":"2021-01-24T10:36:35","slug":"after-sun-body-gel","status":"publish","type":"product","link":"https:\/\/staging.megapharm.al\/?product=after-sun-body-gel","title":{"rendered":"After Sun Body Gel"},"content":{"rendered":"<p>Produkt i cili vjen n\u00eb form\u00eb\u00a0 xheli transparent. Jep nj\u00eb ndjesi freskie n\u00eb momentin e aplikimit pas ekspozimit n\u00eb diell.<br \/>\nFormulimi inovativ me DNA Safe Complex, Aloe Vera, Acid Hialuronik, Alantoine dhe Pantenol t\u00eb cilat sh\u00ebrbejn\u00eb p\u00ebr hidratimin, rigjenerimin dhe zbutjen duke e l\u00ebn\u00eb l\u00ebkur\u00ebn t\u00eb fresk\u00ebt dhe t\u00eb relaksuar.<br \/>\nPa ngjyrues.<br \/>\nJo ngjit\u00ebs.<br \/>\nP\u00ebrthithet shpejt nga l\u00ebkura.<br \/>\nArom\u00eb t\u00eb leht\u00eb.<br \/>\nTestuar dermatologjikisht dhe klinikisht. Testuar p\u00ebr Nikel, Krom, Kobalt, M\u00ebrkur dhe Paladium.<\/p>\n","protected":false},"excerpt":{"rendered":"<p>Produkt i cili vjen n\u00eb form\u00eb\u00a0 xheli transparent. Jep nj\u00eb ndjesi freskie n\u00eb momentin e aplikimit pas ekspozimit n\u00eb diell.<br \/>\nFormulimi inovativ me DNA Safe Complex, Aloe Vera, Acid Hialuronik, Alantoine dhe Pantenol t\u00eb cilat sh\u00ebrbejn\u00eb p\u00ebr hidratimin, rigjenerimin dhe zbutjen duke e l\u00ebn\u00eb l\u00ebkur\u00ebn t\u00eb fresk\u00ebt dhe t\u00eb relaksuar.<br \/>\nPa ngjyrues.<br \/>\nJo ngjit\u00ebs.<br \/>\nP\u00ebrthithet shpejt nga l\u00ebkura.<br \/>\nArom\u00eb t\u00eb leht\u00eb.<br \/>\nTestuar dermatologjikisht dhe klinikisht. Testuar p\u00ebr Nikel, Krom, Kobalt, M\u00ebrkur dhe Paladium.<\/p>\n","protected":false},"featured_media":5689,"comment_status":"open","ping_status":"closed","template":"","meta":[],"product_brand":[],"product_cat":[124],"product_tag":[],"class_list":{"0":"post-6412","1":"product","2":"type-product","3":"status-publish","4":"has-post-thumbnail","6":"product_cat-korff","8":"first","9":"instock","10":"shipping-taxable","11":"product-type-simple"},"_links":{"self":[{"href":"https:\/\/staging.megapharm.al\/index.php?rest_route=\/wp\/v2\/product\/6412","targetHints":{"allow":["GET"]}}],"collection":[{"href":"https:\/\/staging.megapharm.al\/index.php?rest_route=\/wp\/v2\/product"}],"about":[{"href":"https:\/\/staging.megapharm.al\/index.php?rest_route=\/wp\/v2\/types\/product"}],"replies":[{"embeddable":true,"href":"https:\/\/staging.megapharm.al\/index.php?rest_route=%2Fwp%2Fv2%2Fcomments&post=6412"}],"wp:featuredmedia":[{"embeddable":true,"href":"https:\/\/staging.megapharm.al\/index.php?rest_route=\/wp\/v2\/media\/5689"}],"wp:attachment":[{"href":"https:\/\/staging.megapharm.al\/index.php?rest_route=%2Fwp%2Fv2%2Fmedia&parent=6412"}],"wp:term":[{"taxonomy":"product_brand","embeddable":true,"href":"https:\/\/staging.megapharm.al\/index.php?rest_route=%2Fwp%2Fv2%2Fproduct_brand&post=6412"},{"taxonomy":"product_cat","embeddable":true,"href":"https:\/\/staging.megapharm.al\/index.php?rest_route=%2Fwp%2Fv2%2Fproduct_cat&post=6412"},{"taxonomy":"product_tag","embeddable":true,"href":"https:\/\/staging.megapharm.al\/index.php?rest_route=%2Fwp%2Fv2%2Fproduct_tag&post=6412"}],"curies":[{"name":"wp","href":"https:\/\/api.w.org\/{rel}","templated":true}]}}