{"id":6411,"date":"2021-01-24T10:36:30","date_gmt":"2021-01-24T10:36:30","guid":{"rendered":"http:\/\/staging.megapharm.al\/\/index.php\/product\/import-placeholder-for-2601\/"},"modified":"2021-01-24T10:36:35","modified_gmt":"2021-01-24T10:36:35","slug":"after-sun-drop-moisturizing-and-antiwrinkle","status":"publish","type":"product","link":"https:\/\/staging.megapharm.al\/?product=after-sun-drop-moisturizing-and-antiwrinkle","title":{"rendered":"After Sun Drop Moisturizing and Antiwrinkle"},"content":{"rendered":"<p>Hidratuesi me pika sh\u00ebrben si nje trajtim p\u00ebr rrudhat e fytyr\u00ebs pas ekspozimit n\u00eb diell.<br \/>\nFormulimi inovativ me DNA Safe Complex jep efekt qet\u00ebsues, riparues dhe hidraton, rigjeneron, riparon indet e fotoplakjes duke riparuar krijimin e rrudhave dhe shenjave t\u00eb mosh\u00ebs.<br \/>\nL\u00ebkura rifiton elasticitet dhe tonaliteti i fituar nga rrezet e diellit mbahet uniform dhe l\u00ebkura shk\u00eblqen.<br \/>\nI p\u00ebrshtatsh\u00ebm per cdo tip l\u00ebkure.<br \/>\nTestuar dermatologjikisht dhe klinikisht. Testuar p\u00ebr Nikel, Krom,<br \/>\nKobalt, M\u00ebrkur dhe Paladium.<\/p>\n","protected":false},"excerpt":{"rendered":"<p>Hidratuesi me pika sh\u00ebrben si nje trajtim p\u00ebr rrudhat e fytyr\u00ebs pas ekspozimit n\u00eb diell.<br \/>\nFormulimi inovativ me DNA Safe Complex jep efekt qet\u00ebsues, riparues dhe hidraton, rigjeneron, riparon indet e fotoplakjes duke riparuar krijimin e rrudhave dhe shenjave t\u00eb mosh\u00ebs.<br \/>\nL\u00ebkura rifiton elasticitet dhe tonaliteti i fituar nga rrezet e diellit mbahet uniform dhe l\u00ebkura shk\u00eblqen.<br \/>\nI p\u00ebrshtatsh\u00ebm per cdo tip l\u00ebkure.<br \/>\nTestuar dermatologjikisht dhe klinikisht. Testuar p\u00ebr Nikel, Krom,<br \/>\nKobalt, M\u00ebrkur dhe Paladium.<\/p>\n","protected":false},"featured_media":5685,"comment_status":"open","ping_status":"closed","template":"","meta":[],"product_brand":[],"product_cat":[124],"product_tag":[],"class_list":{"0":"post-6411","1":"product","2":"type-product","3":"status-publish","4":"has-post-thumbnail","6":"product_cat-korff","8":"first","9":"instock","10":"shipping-taxable","11":"product-type-simple"},"_links":{"self":[{"href":"https:\/\/staging.megapharm.al\/index.php?rest_route=\/wp\/v2\/product\/6411","targetHints":{"allow":["GET"]}}],"collection":[{"href":"https:\/\/staging.megapharm.al\/index.php?rest_route=\/wp\/v2\/product"}],"about":[{"href":"https:\/\/staging.megapharm.al\/index.php?rest_route=\/wp\/v2\/types\/product"}],"replies":[{"embeddable":true,"href":"https:\/\/staging.megapharm.al\/index.php?rest_route=%2Fwp%2Fv2%2Fcomments&post=6411"}],"wp:featuredmedia":[{"embeddable":true,"href":"https:\/\/staging.megapharm.al\/index.php?rest_route=\/wp\/v2\/media\/5685"}],"wp:attachment":[{"href":"https:\/\/staging.megapharm.al\/index.php?rest_route=%2Fwp%2Fv2%2Fmedia&parent=6411"}],"wp:term":[{"taxonomy":"product_brand","embeddable":true,"href":"https:\/\/staging.megapharm.al\/index.php?rest_route=%2Fwp%2Fv2%2Fproduct_brand&post=6411"},{"taxonomy":"product_cat","embeddable":true,"href":"https:\/\/staging.megapharm.al\/index.php?rest_route=%2Fwp%2Fv2%2Fproduct_cat&post=6411"},{"taxonomy":"product_tag","embeddable":true,"href":"https:\/\/staging.megapharm.al\/index.php?rest_route=%2Fwp%2Fv2%2Fproduct_tag&post=6411"}],"curies":[{"name":"wp","href":"https:\/\/api.w.org\/{rel}","templated":true}]}}