{"id":6408,"date":"2021-01-24T10:36:29","date_gmt":"2021-01-24T10:36:29","guid":{"rendered":"http:\/\/staging.megapharm.al\/\/index.php\/product\/import-placeholder-for-2598\/"},"modified":"2024-10-28T13:18:21","modified_gmt":"2024-10-28T13:18:21","slug":"super-bronzing-sun-cream-tan-enhancer","status":"publish","type":"product","link":"https:\/\/staging.megapharm.al\/?product=super-bronzing-sun-cream-tan-enhancer","title":{"rendered":"Super Bronzing Sun Cream Tan Enhancer"},"content":{"rendered":"<p>Super Bronzing Sun Cream Tan Enhancer \u00ebsht\u00eb nj\u00eb emulsion i but\u00eb p\u00ebr l\u00ebkur\u00ebn me efekt kadifeje i p\u00ebrshtatsh\u00ebm p\u00ebr fytyr\u00eb dhe trup.<br \/>\nFormulimi inovativ me DNA Safe Complex e cila ruan elasticitetin dhe bukurin\u00eb e l\u00ebkur\u00ebs si dhe stimulon melaninen e cila p\u00ebrshpejton dhe intensifikon marrjen e rrezeve t\u00eb diellit.<br \/>\nL\u00ebkura fiton nj\u00eb ngjyr\u00eb intensive dhe bronzi brenda pak dit\u00ebsh dhe ekspozimin ndaj diellit b\u00ebhet akoma dhe m\u00eb i k\u00ebndsh\u00ebm p\u00ebr shkak t\u00eb efektit freskues q\u00eb jep produkti duke e l\u00ebne l\u00ebkur\u00ebn t\u00eb fresk\u00ebt dhe t\u00eb ndritshme.<br \/>\nPa filter mbrojt\u00ebs.<br \/>\nE p\u00ebrshtatshme p\u00ebr l\u00ebkura t\u00eb cilat jan\u00eb ekspozuar m\u00eb par\u00eb n\u00eb diell.<br \/>\nTestuar dermatologjikisht dhe klinikisht. Testuar p\u00ebr Nikel, Krom, Kobalt, M\u00ebrkur dhe Paladium.<\/p>\n","protected":false},"excerpt":{"rendered":"<p>Super Bronzing Sun Cream Tan Enhancer \u00ebsht\u00eb nj\u00eb emulsion i but\u00eb p\u00ebr l\u00ebkur\u00ebn me efekt kadifeje i p\u00ebrshtatsh\u00ebm p\u00ebr fytyr\u00eb dhe trup.<br \/>\nFormulimi inovativ me DNA Safe Complex e cila ruan elasticitetin dhe bukurin\u00eb e l\u00ebkur\u00ebs si dhe stimulon melaninen e cila p\u00ebrshpejton dhe intensifikon marrjen e rrezeve t\u00eb diellit.<br \/>\nL\u00ebkura fiton nj\u00eb ngjyr\u00eb intensive dhe bronzi brenda pak dit\u00ebsh dhe ekspozimin ndaj diellit b\u00ebhet akoma dhe m\u00eb i k\u00ebndsh\u00ebm p\u00ebr shkak t\u00eb efektit freskues q\u00eb jep produkti duke e l\u00ebne l\u00ebkur\u00ebn t\u00eb fresk\u00ebt dhe t\u00eb ndritshme.<br \/>\nPa filter mbrojt\u00ebs.<br \/>\nE p\u00ebrshtatshme p\u00ebr l\u00ebkura t\u00eb cilat jan\u00eb ekspozuar m\u00eb par\u00eb n\u00eb diell.<br \/>\nTestuar dermatologjikisht dhe klinikisht. Testuar p\u00ebr Nikel, Krom, Kobalt, M\u00ebrkur dhe Paladium.<\/p>\n","protected":false},"featured_media":5686,"comment_status":"open","ping_status":"closed","template":"","meta":[],"product_brand":[],"product_cat":[124],"product_tag":[],"class_list":{"0":"post-6408","1":"product","2":"type-product","3":"status-publish","4":"has-post-thumbnail","6":"product_cat-korff","8":"first","9":"instock","10":"shipping-taxable","11":"product-type-simple"},"_links":{"self":[{"href":"https:\/\/staging.megapharm.al\/index.php?rest_route=\/wp\/v2\/product\/6408","targetHints":{"allow":["GET"]}}],"collection":[{"href":"https:\/\/staging.megapharm.al\/index.php?rest_route=\/wp\/v2\/product"}],"about":[{"href":"https:\/\/staging.megapharm.al\/index.php?rest_route=\/wp\/v2\/types\/product"}],"replies":[{"embeddable":true,"href":"https:\/\/staging.megapharm.al\/index.php?rest_route=%2Fwp%2Fv2%2Fcomments&post=6408"}],"wp:featuredmedia":[{"embeddable":true,"href":"https:\/\/staging.megapharm.al\/index.php?rest_route=\/wp\/v2\/media\/5686"}],"wp:attachment":[{"href":"https:\/\/staging.megapharm.al\/index.php?rest_route=%2Fwp%2Fv2%2Fmedia&parent=6408"}],"wp:term":[{"taxonomy":"product_brand","embeddable":true,"href":"https:\/\/staging.megapharm.al\/index.php?rest_route=%2Fwp%2Fv2%2Fproduct_brand&post=6408"},{"taxonomy":"product_cat","embeddable":true,"href":"https:\/\/staging.megapharm.al\/index.php?rest_route=%2Fwp%2Fv2%2Fproduct_cat&post=6408"},{"taxonomy":"product_tag","embeddable":true,"href":"https:\/\/staging.megapharm.al\/index.php?rest_route=%2Fwp%2Fv2%2Fproduct_tag&post=6408"}],"curies":[{"name":"wp","href":"https:\/\/api.w.org\/{rel}","templated":true}]}}