{"id":6407,"date":"2021-01-24T10:36:29","date_gmt":"2021-01-24T10:36:29","guid":{"rendered":"http:\/\/staging.megapharm.al\/\/index.php\/product\/import-placeholder-for-2597\/"},"modified":"2021-01-24T10:36:34","modified_gmt":"2021-01-24T10:36:34","slug":"super-bronzing-sun-water-tan-enhancer","status":"publish","type":"product","link":"https:\/\/staging.megapharm.al\/?product=super-bronzing-sun-water-tan-enhancer","title":{"rendered":"Super Bronzing Sun Water Tan Enhancer"},"content":{"rendered":"<p>Produkt i cili vjen n\u00eb form\u00ebn e ujit abronzues, i fresk\u00ebt dhe i leht\u00eb p\u00ebr l\u00ebkur\u00ebn e fytyr\u00ebs dhe trupit.<br \/>\nStimulon me 2% prodhimin e melamin\u00ebs.<br \/>\nLekura fiton nj\u00eb ngjyr\u00eb intensive dhe bronzi brenda pak dit\u00ebsh dhe ekspozimi ndaj diellit b\u00ebhet akoma dhe m\u00eb i k\u00ebndsh\u00ebm p\u00ebr shkak t\u00eb efektit freskues q\u00eb jep produkti.<br \/>\nPa filter mbrojt\u00ebs.<br \/>\nE p\u00ebrshtatshme p\u00ebr l\u00ebkurat t\u00eb cilat jan\u00eb ekspozuar m\u00eb par\u00eb n\u00eb diell.<br \/>\nTestuar dermatologjikisht dhe klinikisht. Testuar p\u00ebr Nikel, Krom, Kobalt, M\u00ebrkur dhe Paladium.<\/p>\n","protected":false},"excerpt":{"rendered":"<p>Produkt i cili vjen n\u00eb form\u00ebn e ujit abronzues, i fresk\u00ebt dhe i leht\u00eb p\u00ebr l\u00ebkur\u00ebn e fytyr\u00ebs dhe trupit.<br \/>\nStimulon me 2% prodhimin e melamin\u00ebs.<br \/>\nLekura fiton nj\u00eb ngjyr\u00eb intensive dhe bronzi brenda pak dit\u00ebsh dhe ekspozimi ndaj diellit b\u00ebhet akoma dhe m\u00eb i k\u00ebndsh\u00ebm p\u00ebr shkak t\u00eb efektit freskues q\u00eb jep produkti.<br \/>\nPa filter mbrojt\u00ebs.<br \/>\nE p\u00ebrshtatshme p\u00ebr l\u00ebkurat t\u00eb cilat jan\u00eb ekspozuar m\u00eb par\u00eb n\u00eb diell.<br \/>\nTestuar dermatologjikisht dhe klinikisht. Testuar p\u00ebr Nikel, Krom, Kobalt, M\u00ebrkur dhe Paladium.<\/p>\n","protected":false},"featured_media":5685,"comment_status":"open","ping_status":"closed","template":"","meta":[],"product_brand":[],"product_cat":[124],"product_tag":[],"class_list":{"0":"post-6407","1":"product","2":"type-product","3":"status-publish","4":"has-post-thumbnail","6":"product_cat-korff","8":"first","9":"instock","10":"shipping-taxable","11":"product-type-simple"},"_links":{"self":[{"href":"https:\/\/staging.megapharm.al\/index.php?rest_route=\/wp\/v2\/product\/6407","targetHints":{"allow":["GET"]}}],"collection":[{"href":"https:\/\/staging.megapharm.al\/index.php?rest_route=\/wp\/v2\/product"}],"about":[{"href":"https:\/\/staging.megapharm.al\/index.php?rest_route=\/wp\/v2\/types\/product"}],"replies":[{"embeddable":true,"href":"https:\/\/staging.megapharm.al\/index.php?rest_route=%2Fwp%2Fv2%2Fcomments&post=6407"}],"wp:featuredmedia":[{"embeddable":true,"href":"https:\/\/staging.megapharm.al\/index.php?rest_route=\/wp\/v2\/media\/5685"}],"wp:attachment":[{"href":"https:\/\/staging.megapharm.al\/index.php?rest_route=%2Fwp%2Fv2%2Fmedia&parent=6407"}],"wp:term":[{"taxonomy":"product_brand","embeddable":true,"href":"https:\/\/staging.megapharm.al\/index.php?rest_route=%2Fwp%2Fv2%2Fproduct_brand&post=6407"},{"taxonomy":"product_cat","embeddable":true,"href":"https:\/\/staging.megapharm.al\/index.php?rest_route=%2Fwp%2Fv2%2Fproduct_cat&post=6407"},{"taxonomy":"product_tag","embeddable":true,"href":"https:\/\/staging.megapharm.al\/index.php?rest_route=%2Fwp%2Fv2%2Fproduct_tag&post=6407"}],"curies":[{"name":"wp","href":"https:\/\/api.w.org\/{rel}","templated":true}]}}