{"id":6400,"date":"2021-01-24T10:36:21","date_gmt":"2021-01-24T10:36:21","guid":{"rendered":"http:\/\/staging.megapharm.al\/\/index.php\/product\/import-placeholder-for-2590\/"},"modified":"2021-01-24T10:36:27","modified_gmt":"2021-01-24T10:36:27","slug":"sun-secret-sun-protection-compact-foundation-spf-50","status":"publish","type":"product","link":"https:\/\/staging.megapharm.al\/?product=sun-secret-sun-protection-compact-foundation-spf-50","title":{"rendered":"Sun Secret Sun Protection Compact Foundation SPF 50+"},"content":{"rendered":"<p>Korff Sun Secret pud\u00ebr kompakte SPF 50+ \u00ebsht\u00eb nj\u00eb trajtim make-up me mbulim natyral si dhe me mbrojtje t\u00eb lart\u00eb nga dielli.<br \/>\nFormula inovative, me DNA-Safe Complex mbron fytyr\u00ebn nga rrezatimi diellor, ndalon fotoplakjen, parandalon rrudhat dhe minimizon krijimin e njollave. E p\u00ebrshtatshme p\u00ebr l\u00ebkurat e \u00e7el\u00ebta dhe t\u00eb ndjeshme.<br \/>\nVe\u00e7orit\u00eb e produktit<br \/>\nRezistent ndaj ujit.<br \/>\nVetem filtra fizik.<br \/>\nPa konservues. Jo komedogjenik.<br \/>\nTestuar dermatologjikisht dhe klinikisht.<br \/>\nI testuar p\u00ebr Nikel, Kobalt, Krom, Palladium dhe M\u00ebrkur.<\/p>\n","protected":false},"excerpt":{"rendered":"<p>Korff Sun Secret pud\u00ebr kompakte SPF 50+ \u00ebsht\u00eb nj\u00eb trajtim make-up me mbulim natyral si dhe me mbrojtje t\u00eb lart\u00eb nga dielli.<br \/>\nFormula inovative, me DNA-Safe Complex mbron fytyr\u00ebn nga rrezatimi diellor, ndalon fotoplakjen, parandalon rrudhat dhe minimizon krijimin e njollave. E p\u00ebrshtatshme p\u00ebr l\u00ebkurat e \u00e7el\u00ebta dhe t\u00eb ndjeshme.<br \/>\nVe\u00e7orit\u00eb e produktit<br \/>\nRezistent ndaj ujit.<br \/>\nVetem filtra fizik.<br \/>\nPa konservues. Jo komedogjenik.<br \/>\nTestuar dermatologjikisht dhe klinikisht.<br \/>\nI testuar p\u00ebr Nikel, Kobalt, Krom, Palladium dhe M\u00ebrkur.<\/p>\n","protected":false},"featured_media":5679,"comment_status":"open","ping_status":"closed","template":"","meta":[],"product_brand":[],"product_cat":[124],"product_tag":[],"class_list":{"0":"post-6400","1":"product","2":"type-product","3":"status-publish","4":"has-post-thumbnail","6":"product_cat-korff","8":"first","9":"instock","10":"shipping-taxable","11":"product-type-simple"},"_links":{"self":[{"href":"https:\/\/staging.megapharm.al\/index.php?rest_route=\/wp\/v2\/product\/6400","targetHints":{"allow":["GET"]}}],"collection":[{"href":"https:\/\/staging.megapharm.al\/index.php?rest_route=\/wp\/v2\/product"}],"about":[{"href":"https:\/\/staging.megapharm.al\/index.php?rest_route=\/wp\/v2\/types\/product"}],"replies":[{"embeddable":true,"href":"https:\/\/staging.megapharm.al\/index.php?rest_route=%2Fwp%2Fv2%2Fcomments&post=6400"}],"wp:featuredmedia":[{"embeddable":true,"href":"https:\/\/staging.megapharm.al\/index.php?rest_route=\/wp\/v2\/media\/5679"}],"wp:attachment":[{"href":"https:\/\/staging.megapharm.al\/index.php?rest_route=%2Fwp%2Fv2%2Fmedia&parent=6400"}],"wp:term":[{"taxonomy":"product_brand","embeddable":true,"href":"https:\/\/staging.megapharm.al\/index.php?rest_route=%2Fwp%2Fv2%2Fproduct_brand&post=6400"},{"taxonomy":"product_cat","embeddable":true,"href":"https:\/\/staging.megapharm.al\/index.php?rest_route=%2Fwp%2Fv2%2Fproduct_cat&post=6400"},{"taxonomy":"product_tag","embeddable":true,"href":"https:\/\/staging.megapharm.al\/index.php?rest_route=%2Fwp%2Fv2%2Fproduct_tag&post=6400"}],"curies":[{"name":"wp","href":"https:\/\/api.w.org\/{rel}","templated":true}]}}