{"id":6365,"date":"2021-01-24T10:36:04","date_gmt":"2021-01-24T10:36:04","guid":{"rendered":"http:\/\/staging.megapharm.al\/\/index.php\/product\/import-placeholder-for-2549\/"},"modified":"2021-01-24T10:36:12","modified_gmt":"2021-01-24T10:36:12","slug":"shampo-bio-volume","status":"publish","type":"product","link":"https:\/\/staging.megapharm.al\/?product=shampo-bio-volume","title":{"rendered":"Shampo Bio-Volume"},"content":{"rendered":"<p>Trajtim voluminoz p\u00ebr flok\u00eb t\u00eb dob\u00ebt, t\u00eb holl\u00eb dhe skalp sensitiv..<br \/>\nP\u00ebr ti dh\u00ebnv flokut t\u00eb holl\u00eb volum \u00ebsht\u00eb e r\u00ebnd\u00ebsishme t\u00eb zgjidhni nj\u00eb trajtim i cili rigjeneron dhe forcon nd\u00ebrkoh\u00eb q\u00eb vepron but\u00ebsisht n\u00eb flok\u00eb dhe skalp. Bio-Volume \u00ebsht\u00eb nj\u00eb shampo rigjeneruese ,kremoze e formuluar me baz\u00eb proteinike bim\u00ebsh t\u00eb hidrolizuara duke i dh\u00ebn\u00eb flokut volum,gjat\u00ebsi dhe shk\u00eblqim.<br \/>\nP\u00ebrdorimi<br \/>\nP\u00ebrhapeni n\u00eb flok\u00eb t\u00eb lagur , masazhojeni but\u00ebsisht dhe pastaj shp\u00eblajeni.<\/p>\n","protected":false},"excerpt":{"rendered":"<p>Trajtim voluminoz p\u00ebr flok\u00eb t\u00eb dob\u00ebt, t\u00eb holl\u00eb dhe skalp sensitiv..<br \/>\nP\u00ebr ti dh\u00ebnv flokut t\u00eb holl\u00eb volum \u00ebsht\u00eb e r\u00ebnd\u00ebsishme t\u00eb zgjidhni nj\u00eb trajtim i cili rigjeneron dhe forcon nd\u00ebrkoh\u00eb q\u00eb vepron but\u00ebsisht n\u00eb flok\u00eb dhe skalp. Bio-Volume \u00ebsht\u00eb nj\u00eb shampo rigjeneruese ,kremoze e formuluar me baz\u00eb proteinike bim\u00ebsh t\u00eb hidrolizuara duke i dh\u00ebn\u00eb flokut volum,gjat\u00ebsi dhe shk\u00eblqim.<br \/>\nP\u00ebrdorimi<br \/>\nP\u00ebrhapeni n\u00eb flok\u00eb t\u00eb lagur , masazhojeni but\u00ebsisht dhe pastaj shp\u00eblajeni.<\/p>\n","protected":false},"featured_media":5671,"comment_status":"open","ping_status":"closed","template":"","meta":[],"product_brand":[],"product_cat":[121],"product_tag":[],"class_list":{"0":"post-6365","1":"product","2":"type-product","3":"status-publish","4":"has-post-thumbnail","6":"product_cat-bioclin","8":"first","9":"instock","10":"shipping-taxable","11":"product-type-simple"},"_links":{"self":[{"href":"https:\/\/staging.megapharm.al\/index.php?rest_route=\/wp\/v2\/product\/6365","targetHints":{"allow":["GET"]}}],"collection":[{"href":"https:\/\/staging.megapharm.al\/index.php?rest_route=\/wp\/v2\/product"}],"about":[{"href":"https:\/\/staging.megapharm.al\/index.php?rest_route=\/wp\/v2\/types\/product"}],"replies":[{"embeddable":true,"href":"https:\/\/staging.megapharm.al\/index.php?rest_route=%2Fwp%2Fv2%2Fcomments&post=6365"}],"wp:featuredmedia":[{"embeddable":true,"href":"https:\/\/staging.megapharm.al\/index.php?rest_route=\/wp\/v2\/media\/5671"}],"wp:attachment":[{"href":"https:\/\/staging.megapharm.al\/index.php?rest_route=%2Fwp%2Fv2%2Fmedia&parent=6365"}],"wp:term":[{"taxonomy":"product_brand","embeddable":true,"href":"https:\/\/staging.megapharm.al\/index.php?rest_route=%2Fwp%2Fv2%2Fproduct_brand&post=6365"},{"taxonomy":"product_cat","embeddable":true,"href":"https:\/\/staging.megapharm.al\/index.php?rest_route=%2Fwp%2Fv2%2Fproduct_cat&post=6365"},{"taxonomy":"product_tag","embeddable":true,"href":"https:\/\/staging.megapharm.al\/index.php?rest_route=%2Fwp%2Fv2%2Fproduct_tag&post=6365"}],"curies":[{"name":"wp","href":"https:\/\/api.w.org\/{rel}","templated":true}]}}