{"id":6364,"date":"2021-01-24T10:36:04","date_gmt":"2021-01-24T10:36:04","guid":{"rendered":"http:\/\/staging.megapharm.al\/\/index.php\/product\/import-placeholder-for-2548\/"},"modified":"2021-01-24T10:36:12","modified_gmt":"2021-01-24T10:36:12","slug":"shampo-bio-hydra","status":"publish","type":"product","link":"https:\/\/staging.megapharm.al\/?product=shampo-bio-hydra","title":{"rendered":"Shampo Bio-Hydra"},"content":{"rendered":"<p>Hidratim i p\u00ebrditsh\u00ebm.<br \/>\nP\u00ebr t\u00eb mbajtur flok\u00eb t\u00eb sh\u00ebndetsh\u00ebm \u00ebsht\u00eb e r\u00ebnd\u00ebsishme t\u00eb zgjidhni produkte q\u00eb jan\u00eb jasht\u00ebzakonisht t\u00eb butv\u00eb n\u00eb flok\u00eb dhe n\u00eb scalp. Bio-Hydra \u00ebsht\u00eb nj\u00eb shampo kremoze dhe hidratuese e formuluar me Acid Hyaluronic Biotech e cila ushqen, hidraton dhe i jep,flokut shk\u00eblqim.<br \/>\nP\u00ebrdorimi<br \/>\nP\u00ebrhapeni n\u00eb flok\u00eb t\u00eb lagur ,masazhojeni but\u00ebsisht dhe pastaj shp\u00eblajeni.<\/p>\n","protected":false},"excerpt":{"rendered":"<p>Hidratim i p\u00ebrditsh\u00ebm.<br \/>\nP\u00ebr t\u00eb mbajtur flok\u00eb t\u00eb sh\u00ebndetsh\u00ebm \u00ebsht\u00eb e r\u00ebnd\u00ebsishme t\u00eb zgjidhni produkte q\u00eb jan\u00eb jasht\u00ebzakonisht t\u00eb butv\u00eb n\u00eb flok\u00eb dhe n\u00eb scalp. Bio-Hydra \u00ebsht\u00eb nj\u00eb shampo kremoze dhe hidratuese e formuluar me Acid Hyaluronic Biotech e cila ushqen, hidraton dhe i jep,flokut shk\u00eblqim.<br \/>\nP\u00ebrdorimi<br \/>\nP\u00ebrhapeni n\u00eb flok\u00eb t\u00eb lagur ,masazhojeni but\u00ebsisht dhe pastaj shp\u00eblajeni.<\/p>\n","protected":false},"featured_media":5670,"comment_status":"open","ping_status":"closed","template":"","meta":[],"product_brand":[],"product_cat":[121],"product_tag":[],"class_list":{"0":"post-6364","1":"product","2":"type-product","3":"status-publish","4":"has-post-thumbnail","6":"product_cat-bioclin","8":"first","9":"instock","10":"shipping-taxable","11":"product-type-simple"},"_links":{"self":[{"href":"https:\/\/staging.megapharm.al\/index.php?rest_route=\/wp\/v2\/product\/6364","targetHints":{"allow":["GET"]}}],"collection":[{"href":"https:\/\/staging.megapharm.al\/index.php?rest_route=\/wp\/v2\/product"}],"about":[{"href":"https:\/\/staging.megapharm.al\/index.php?rest_route=\/wp\/v2\/types\/product"}],"replies":[{"embeddable":true,"href":"https:\/\/staging.megapharm.al\/index.php?rest_route=%2Fwp%2Fv2%2Fcomments&post=6364"}],"wp:featuredmedia":[{"embeddable":true,"href":"https:\/\/staging.megapharm.al\/index.php?rest_route=\/wp\/v2\/media\/5670"}],"wp:attachment":[{"href":"https:\/\/staging.megapharm.al\/index.php?rest_route=%2Fwp%2Fv2%2Fmedia&parent=6364"}],"wp:term":[{"taxonomy":"product_brand","embeddable":true,"href":"https:\/\/staging.megapharm.al\/index.php?rest_route=%2Fwp%2Fv2%2Fproduct_brand&post=6364"},{"taxonomy":"product_cat","embeddable":true,"href":"https:\/\/staging.megapharm.al\/index.php?rest_route=%2Fwp%2Fv2%2Fproduct_cat&post=6364"},{"taxonomy":"product_tag","embeddable":true,"href":"https:\/\/staging.megapharm.al\/index.php?rest_route=%2Fwp%2Fv2%2Fproduct_tag&post=6364"}],"curies":[{"name":"wp","href":"https:\/\/api.w.org\/{rel}","templated":true}]}}