{"id":6363,"date":"2021-01-24T10:36:03","date_gmt":"2021-01-24T10:36:03","guid":{"rendered":"http:\/\/staging.megapharm.al\/\/index.php\/product\/import-placeholder-for-2547\/"},"modified":"2021-01-24T10:36:11","modified_gmt":"2021-01-24T10:36:11","slug":"shampo-bio-nutri","status":"publish","type":"product","link":"https:\/\/staging.megapharm.al\/?product=shampo-bio-nutri","title":{"rendered":"Shampo Bio-Nutri"},"content":{"rendered":"<p>Shampo ushqyese p\u00ebr trajtimin e flok\u00ebve t\u00eb that\u00eb , t\u00eb dob\u00ebt dhe p\u00ebr scalp sensitiv<br \/>\nP\u00ebr t\u00eb ushqyer flok\u00ebt e that\u00eb dhe t\u00eb dob\u00ebt \u00ebsht\u00eb e r\u00ebnd\u00ebsishme t\u00eb zgjedh\u00ebsh trajtimin e duhur i cili ristrukturon dhe forcon por n\u00eb t\u00eb nj\u00ebjt\u00ebn koh\u00eb t\u00eb jet\u00eb i but\u00eb n\u00eb flok\u00eb dhe scalp. Bio-Nutri \u00ebsht\u00eb nj\u00eb shampoo e pasur,kremoze dhe ristrukturuese p\u00ebr flok\u00eb t\u00eb that\u00eb e cila n\u00eb formul\u00ebn e saj p\u00ebrmban Pantenol duke i dh\u00ebn\u00eb k\u00ebshtu flokut shk\u00eblqim,fort\u00ebsi dhe ushqyerje.<br \/>\nP\u00ebrdorimi;<br \/>\nMasazhojeni but\u00ebsisht n\u00eb flok\u00eb t\u00eb lagur dhe scalp dhe shp\u00eblajeni me uj\u00eb t\u00eb bollsh\u00ebm.<\/p>\n","protected":false},"excerpt":{"rendered":"<p>Shampo ushqyese p\u00ebr trajtimin e flok\u00ebve t\u00eb that\u00eb , t\u00eb dob\u00ebt dhe p\u00ebr scalp sensitiv<br \/>\nP\u00ebr t\u00eb ushqyer flok\u00ebt e that\u00eb dhe t\u00eb dob\u00ebt \u00ebsht\u00eb e r\u00ebnd\u00ebsishme t\u00eb zgjedh\u00ebsh trajtimin e duhur i cili ristrukturon dhe forcon por n\u00eb t\u00eb nj\u00ebjt\u00ebn koh\u00eb t\u00eb jet\u00eb i but\u00eb n\u00eb flok\u00eb dhe scalp. Bio-Nutri \u00ebsht\u00eb nj\u00eb shampoo e pasur,kremoze dhe ristrukturuese p\u00ebr flok\u00eb t\u00eb that\u00eb e cila n\u00eb formul\u00ebn e saj p\u00ebrmban Pantenol duke i dh\u00ebn\u00eb k\u00ebshtu flokut shk\u00eblqim,fort\u00ebsi dhe ushqyerje.<br \/>\nP\u00ebrdorimi;<br \/>\nMasazhojeni but\u00ebsisht n\u00eb flok\u00eb t\u00eb lagur dhe scalp dhe shp\u00eblajeni me uj\u00eb t\u00eb bollsh\u00ebm.<\/p>\n","protected":false},"featured_media":5669,"comment_status":"open","ping_status":"closed","template":"","meta":[],"product_brand":[],"product_cat":[121],"product_tag":[],"class_list":{"0":"post-6363","1":"product","2":"type-product","3":"status-publish","4":"has-post-thumbnail","6":"product_cat-bioclin","8":"first","9":"instock","10":"shipping-taxable","11":"product-type-simple"},"_links":{"self":[{"href":"https:\/\/staging.megapharm.al\/index.php?rest_route=\/wp\/v2\/product\/6363","targetHints":{"allow":["GET"]}}],"collection":[{"href":"https:\/\/staging.megapharm.al\/index.php?rest_route=\/wp\/v2\/product"}],"about":[{"href":"https:\/\/staging.megapharm.al\/index.php?rest_route=\/wp\/v2\/types\/product"}],"replies":[{"embeddable":true,"href":"https:\/\/staging.megapharm.al\/index.php?rest_route=%2Fwp%2Fv2%2Fcomments&post=6363"}],"wp:featuredmedia":[{"embeddable":true,"href":"https:\/\/staging.megapharm.al\/index.php?rest_route=\/wp\/v2\/media\/5669"}],"wp:attachment":[{"href":"https:\/\/staging.megapharm.al\/index.php?rest_route=%2Fwp%2Fv2%2Fmedia&parent=6363"}],"wp:term":[{"taxonomy":"product_brand","embeddable":true,"href":"https:\/\/staging.megapharm.al\/index.php?rest_route=%2Fwp%2Fv2%2Fproduct_brand&post=6363"},{"taxonomy":"product_cat","embeddable":true,"href":"https:\/\/staging.megapharm.al\/index.php?rest_route=%2Fwp%2Fv2%2Fproduct_cat&post=6363"},{"taxonomy":"product_tag","embeddable":true,"href":"https:\/\/staging.megapharm.al\/index.php?rest_route=%2Fwp%2Fv2%2Fproduct_tag&post=6363"}],"curies":[{"name":"wp","href":"https:\/\/api.w.org\/{rel}","templated":true}]}}