{"id":6361,"date":"2021-01-24T10:36:03","date_gmt":"2021-01-24T10:36:03","guid":{"rendered":"http:\/\/staging.megapharm.al\/\/index.php\/product\/import-placeholder-for-2545\/"},"modified":"2021-01-24T10:36:11","modified_gmt":"2021-01-24T10:36:11","slug":"phydrium-advance-anti-loss-shampoo","status":"publish","type":"product","link":"https:\/\/staging.megapharm.al\/?product=phydrium-advance-anti-loss-shampoo","title":{"rendered":"Phydrium Advance Anti-Loss Shampoo"},"content":{"rendered":"<p>Trajtim kund\u00ebr r\u00ebnies s\u00eb flok\u00ebve.Bioclin Phydrium Advance, \u00ebsht\u00eb trajtimi i par\u00eb fitoteknologjik kund\u00ebr r\u00ebnies s\u00eb flok\u00ebve me Stimoxidil\u00ae, stimulon procesin e rigjenerimit t\u00eb flok\u00ebve dhe gjithashtu riforcon dhe i gjall\u00ebron ato.<br \/>\n&gt;Kompleks Stimoxidil\u00ae dhe vitamina t\u00eb grupit B: Kontribuojn\u00eb n\u00eb riaktivizimin e mikro-qarkullimit lokal dhe stimulojn\u00eb rigjenerimin qelizor duke parandaluar plakjen e parakohshme.<br \/>\n&gt;Kompleks Stimoxidil\u00ae: antioksidant dhe zbut\u00ebs me efekt maksimal kund\u00ebr r\u00ebnies.<br \/>\n&gt;Vitamina te grupit B, Biotina, Pro-Vitamina B5, Vitamina B6 e B3: Ushqyes, rigjenerues, i jep flok\u00ebve shk\u00eblqim elasticitet dhe fort\u00ebsi. pas trajtimit flok\u00ebt jan\u00eb m\u00eb t\u00eb ushqyer, m\u00eb energjik\u00eb m\u00eb t\u00eb fort\u00eb nga rr\u00ebnja deri n\u00eb maja.<br \/>\nPa paraben.Pa ngjyrues. Pa sles e sls . Testuar Dermatologjikisht, klinikisht dhe mikrobiologjikisht.<br \/>\nTestuar per nikel, kobalt, krom, palladium dhe m\u00ebrkur.<br \/>\nVe\u00e7orit\u00eb e produktit<br \/>\nP\u00ebrdorimi i k\u00ebsaj shampoje kund\u00ebr r\u00ebnies s\u00eb flok\u00ebve ka rezultuar statistikisht tI suksesshem pas 3 muajsh aplikim.<br \/>\nP\u00ebrdorimi<br \/>\nAplikoni nj\u00eb sasi t\u00eb mjaftueshme t\u00eb produktit n\u00eb skalp dhe n\u00eb flok\u00ebt e lagur dhe masazhojeni deri sa t\u00eb formohet shkum\u00eb. L\u00ebreni t\u00eb veproj\u00eb p\u00ebr pak minuta dhe shp\u00eblajeni.K\u00ebshillohet t\u00eb p\u00ebrdoret 2-3 her\u00eb n\u00eb jav\u00eb.Mund t\u00eb p\u00ebrdoret edhe \u00e7do dit\u00eb.<\/p>\n<p>Sasia: 200ml<\/p>\n","protected":false},"excerpt":{"rendered":"<p>Trajtim kund\u00ebr r\u00ebnies s\u00eb flok\u00ebve.Bioclin Phydrium Advance, \u00ebsht\u00eb trajtimi i par\u00eb fitoteknologjik kund\u00ebr r\u00ebnies s\u00eb flok\u00ebve me Stimoxidil\u00ae, stimulon procesin e rigjenerimit t\u00eb flok\u00ebve dhe gjithashtu riforcon dhe i gjall\u00ebron ato.<br \/>\n&gt;Kompleks Stimoxidil\u00ae dhe vitamina t\u00eb grupit B: Kontribuojn\u00eb n\u00eb riaktivizimin e mikro-qarkullimit lokal dhe stimulojn\u00eb rigjenerimin qelizor duke parandaluar plakjen e parakohshme.<br \/>\n&gt;Kompleks Stimoxidil\u00ae: antioksidant dhe zbut\u00ebs me efekt maksimal kund\u00ebr r\u00ebnies.<br \/>\n&gt;Vitamina te grupit B, Biotina, Pro-Vitamina B5, Vitamina B6 e B3: Ushqyes, rigjenerues, i jep flok\u00ebve shk\u00eblqim elasticitet dhe fort\u00ebsi. pas trajtimit flok\u00ebt jan\u00eb m\u00eb t\u00eb ushqyer, m\u00eb energjik\u00eb m\u00eb t\u00eb fort\u00eb nga rr\u00ebnja deri n\u00eb maja.<br \/>\nPa paraben.Pa ngjyrues. Pa sles e sls . Testuar Dermatologjikisht, klinikisht dhe mikrobiologjikisht.<br \/>\nTestuar per nikel, kobalt, krom, palladium dhe m\u00ebrkur.<br \/>\nVe\u00e7orit\u00eb e produktit<br \/>\nP\u00ebrdorimi i k\u00ebsaj shampoje kund\u00ebr r\u00ebnies s\u00eb flok\u00ebve ka rezultuar statistikisht tI suksesshem pas 3 muajsh aplikim.<br \/>\nP\u00ebrdorimi<br \/>\nAplikoni nj\u00eb sasi t\u00eb mjaftueshme t\u00eb produktit n\u00eb skalp dhe n\u00eb flok\u00ebt e lagur dhe masazhojeni deri sa t\u00eb formohet shkum\u00eb. L\u00ebreni t\u00eb veproj\u00eb p\u00ebr pak minuta dhe shp\u00eblajeni.K\u00ebshillohet t\u00eb p\u00ebrdoret 2-3 her\u00eb n\u00eb jav\u00eb.Mund t\u00eb p\u00ebrdoret edhe \u00e7do dit\u00eb.<\/p>\n<p>Sasia: 200ml<\/p>\n","protected":false},"featured_media":5667,"comment_status":"open","ping_status":"closed","template":"","meta":[],"product_brand":[],"product_cat":[121],"product_tag":[],"class_list":{"0":"post-6361","1":"product","2":"type-product","3":"status-publish","4":"has-post-thumbnail","6":"product_cat-bioclin","8":"first","9":"instock","10":"shipping-taxable","11":"product-type-simple"},"_links":{"self":[{"href":"https:\/\/staging.megapharm.al\/index.php?rest_route=\/wp\/v2\/product\/6361","targetHints":{"allow":["GET"]}}],"collection":[{"href":"https:\/\/staging.megapharm.al\/index.php?rest_route=\/wp\/v2\/product"}],"about":[{"href":"https:\/\/staging.megapharm.al\/index.php?rest_route=\/wp\/v2\/types\/product"}],"replies":[{"embeddable":true,"href":"https:\/\/staging.megapharm.al\/index.php?rest_route=%2Fwp%2Fv2%2Fcomments&post=6361"}],"wp:featuredmedia":[{"embeddable":true,"href":"https:\/\/staging.megapharm.al\/index.php?rest_route=\/wp\/v2\/media\/5667"}],"wp:attachment":[{"href":"https:\/\/staging.megapharm.al\/index.php?rest_route=%2Fwp%2Fv2%2Fmedia&parent=6361"}],"wp:term":[{"taxonomy":"product_brand","embeddable":true,"href":"https:\/\/staging.megapharm.al\/index.php?rest_route=%2Fwp%2Fv2%2Fproduct_brand&post=6361"},{"taxonomy":"product_cat","embeddable":true,"href":"https:\/\/staging.megapharm.al\/index.php?rest_route=%2Fwp%2Fv2%2Fproduct_cat&post=6361"},{"taxonomy":"product_tag","embeddable":true,"href":"https:\/\/staging.megapharm.al\/index.php?rest_route=%2Fwp%2Fv2%2Fproduct_tag&post=6361"}],"curies":[{"name":"wp","href":"https:\/\/api.w.org\/{rel}","templated":true}]}}