{"id":6360,"date":"2021-01-24T10:36:03","date_gmt":"2021-01-24T10:36:03","guid":{"rendered":"http:\/\/staging.megapharm.al\/\/index.php\/product\/import-placeholder-for-2544\/"},"modified":"2021-01-24T10:36:11","modified_gmt":"2021-01-24T10:36:11","slug":"acnelia-c-dermo-purifying-cleanser-anti-imperfection","status":"publish","type":"product","link":"https:\/\/staging.megapharm.al\/?product=acnelia-c-dermo-purifying-cleanser-anti-imperfection","title":{"rendered":"Acnelia C Dermo Purifying Cleanser Anti-Imperfection"},"content":{"rendered":"<p>E p\u00ebrshtatshme p\u00ebr l\u00ebkur\u00ebn e ndjeshme dhe t\u00eb irrituar.<br \/>\nShkum\u00eb e but\u00eb pastruese p\u00ebr kujdesin e p\u00ebrditsh\u00ebm t\u00eb l\u00ebkur\u00ebs t\u00eb prirur ndaj akneve.Ideale p\u00ebr faz\u00ebn akute t\u00eb akneve, ajo ka nj\u00eb efekt thell\u00ebsisht dezinfektues, pastrues dhe sekretues t\u00eb sebumit.<br \/>\nP\u00ebrb\u00ebrja bazohet n\u00eb komponent\u00eb delikat\u00eb surfaktant\u00eb q\u00eb e b\u00ebjn\u00eb shkum\u00ebn pastruese ve\u00e7an\u00ebrisht t\u00eb p\u00ebrshtatshme p\u00ebr l\u00ebkur\u00eb t\u00eb ndjeshme dhe t\u00eb irrituar.<br \/>\nRezultati: L\u00ebkura pastrohet plot\u00ebsisht.<br \/>\nP\u00ebrdoret \u00e7do dit\u00eb, parandalon rritjen e baktereve dhe tolerohet m\u00eb mir\u00eb sesa lar\u00ebsit konvencionale.<br \/>\nVe\u00e7orit\u00eb e produktit<br \/>\nP\u00ebrb\u00ebhet nga:<br \/>\n\u2022 Salicilat Natriumi:Pastron n\u00eb thell\u00ebsi poret<br \/>\n\u2022 BG Acnacidol dhe Zinc PCA: Ndalon p\u00ebrhapjen e baktereve q\u00eb shkaktojn\u00eb pu\u00e7rra<br \/>\n\u2022 Komplekse qet\u00ebsuese: Reduktojne irritimet e l\u00ebkur\u00ebs dhe zvog\u00eblon skuqjen<\/p>\n<p>\u2022 Pa paraben<br \/>\n\u2022 Pa ngjyrues<br \/>\n\u2022 E testuar dermatologjikisht<br \/>\n\u2022 E testuar klinikisht<br \/>\n\u2022 E testuar mikrobiologjikisht<br \/>\n\u2022 Pa SLS, SLES Hipoalergjik<br \/>\nP\u00ebrdorimi<br \/>\nAplikojeni n\u00eb l\u00ebkur\u00eb t\u00eb lagur, masazhojeni dhe shplajeni.Thajeni but\u00ebsisht.<\/p>\n<p>Sasia: 200ml<\/p>\n","protected":false},"excerpt":{"rendered":"<p>E p\u00ebrshtatshme p\u00ebr l\u00ebkur\u00ebn e ndjeshme dhe t\u00eb irrituar.<br \/>\nShkum\u00eb e but\u00eb pastruese p\u00ebr kujdesin e p\u00ebrditsh\u00ebm t\u00eb l\u00ebkur\u00ebs t\u00eb prirur ndaj akneve.Ideale p\u00ebr faz\u00ebn akute t\u00eb akneve, ajo ka nj\u00eb efekt thell\u00ebsisht dezinfektues, pastrues dhe sekretues t\u00eb sebumit.<br \/>\nP\u00ebrb\u00ebrja bazohet n\u00eb komponent\u00eb delikat\u00eb surfaktant\u00eb q\u00eb e b\u00ebjn\u00eb shkum\u00ebn pastruese ve\u00e7an\u00ebrisht t\u00eb p\u00ebrshtatshme p\u00ebr l\u00ebkur\u00eb t\u00eb ndjeshme dhe t\u00eb irrituar.<br \/>\nRezultati: L\u00ebkura pastrohet plot\u00ebsisht.<br \/>\nP\u00ebrdoret \u00e7do dit\u00eb, parandalon rritjen e baktereve dhe tolerohet m\u00eb mir\u00eb sesa lar\u00ebsit konvencionale.<br \/>\nVe\u00e7orit\u00eb e produktit<br \/>\nP\u00ebrb\u00ebhet nga:<br \/>\n\u2022 Salicilat Natriumi:Pastron n\u00eb thell\u00ebsi poret<br \/>\n\u2022 BG Acnacidol dhe Zinc PCA: Ndalon p\u00ebrhapjen e baktereve q\u00eb shkaktojn\u00eb pu\u00e7rra<br \/>\n\u2022 Komplekse qet\u00ebsuese: Reduktojne irritimet e l\u00ebkur\u00ebs dhe zvog\u00eblon skuqjen<\/p>\n<p>\u2022 Pa paraben<br \/>\n\u2022 Pa ngjyrues<br \/>\n\u2022 E testuar dermatologjikisht<br \/>\n\u2022 E testuar klinikisht<br \/>\n\u2022 E testuar mikrobiologjikisht<br \/>\n\u2022 Pa SLS, SLES Hipoalergjik<br \/>\nP\u00ebrdorimi<br \/>\nAplikojeni n\u00eb l\u00ebkur\u00eb t\u00eb lagur, masazhojeni dhe shplajeni.Thajeni but\u00ebsisht.<\/p>\n<p>Sasia: 200ml<\/p>\n","protected":false},"featured_media":5666,"comment_status":"open","ping_status":"closed","template":"","meta":[],"product_brand":[],"product_cat":[121],"product_tag":[],"class_list":{"0":"post-6360","1":"product","2":"type-product","3":"status-publish","4":"has-post-thumbnail","6":"product_cat-bioclin","8":"first","9":"instock","10":"shipping-taxable","11":"product-type-simple"},"_links":{"self":[{"href":"https:\/\/staging.megapharm.al\/index.php?rest_route=\/wp\/v2\/product\/6360","targetHints":{"allow":["GET"]}}],"collection":[{"href":"https:\/\/staging.megapharm.al\/index.php?rest_route=\/wp\/v2\/product"}],"about":[{"href":"https:\/\/staging.megapharm.al\/index.php?rest_route=\/wp\/v2\/types\/product"}],"replies":[{"embeddable":true,"href":"https:\/\/staging.megapharm.al\/index.php?rest_route=%2Fwp%2Fv2%2Fcomments&post=6360"}],"wp:featuredmedia":[{"embeddable":true,"href":"https:\/\/staging.megapharm.al\/index.php?rest_route=\/wp\/v2\/media\/5666"}],"wp:attachment":[{"href":"https:\/\/staging.megapharm.al\/index.php?rest_route=%2Fwp%2Fv2%2Fmedia&parent=6360"}],"wp:term":[{"taxonomy":"product_brand","embeddable":true,"href":"https:\/\/staging.megapharm.al\/index.php?rest_route=%2Fwp%2Fv2%2Fproduct_brand&post=6360"},{"taxonomy":"product_cat","embeddable":true,"href":"https:\/\/staging.megapharm.al\/index.php?rest_route=%2Fwp%2Fv2%2Fproduct_cat&post=6360"},{"taxonomy":"product_tag","embeddable":true,"href":"https:\/\/staging.megapharm.al\/index.php?rest_route=%2Fwp%2Fv2%2Fproduct_tag&post=6360"}],"curies":[{"name":"wp","href":"https:\/\/api.w.org\/{rel}","templated":true}]}}