{"id":6359,"date":"2021-01-24T10:36:03","date_gmt":"2021-01-24T10:36:03","guid":{"rendered":"http:\/\/staging.megapharm.al\/\/index.php\/product\/import-placeholder-for-2543\/"},"modified":"2021-01-24T10:36:10","modified_gmt":"2021-01-24T10:36:10","slug":"bioclin-acnelia-k-cream","status":"publish","type":"product","link":"https:\/\/staging.megapharm.al\/?product=bioclin-acnelia-k-cream","title":{"rendered":"Bioclin acnelia K cream"},"content":{"rendered":"<p>Bioclin Acnelia K Cream \u00ebsht\u00eb nj\u00eb trajtim l\u00ebmues specifik p\u00ebr l\u00ebkur\u00eb akneike dhe t\u00eb yndyrshme.<br \/>\nKa veprim mikro-eksfoliues, l\u00ebmon sip\u00ebrfaqen e l\u00ebkur\u00ebs dhe p\u00ebrmireson pamjen estetike t\u00eb imp\u00ebrfeksioneve t\u00eb l\u00ebkur\u00ebs (Salicilati Sodiumit 2%)<br \/>\nQet\u00ebson l\u00ebkur\u00ebn duke parandaluar skuqjet (Soothing Complex)<br \/>\nRregullon dhe normalizon prodhimin e sebumit duke reduktuar yndyr\u00ebn e tep\u00ebrt p\u00ebr nj\u00eb efekt sa me mat t\u00eb l\u00ebkur\u00ebs dhe lufton shtimin e baktereve q\u00eb jan shkak i akneve (Acnacidol\u2122BG 3%, Zink dhe Baker PCA 0,3%)<br \/>\nNeutralizon pamjen e yndyr\u00ebs n\u00eb l\u00ebkur\u00eb (Kompleks opak (matifikues) shedrites)<br \/>\nN\u00eb vet\u00ebm pak koh\u00eb papast\u00ebrtit\u00eb e l\u00ebkur\u00ebs zhduken, skuqjet zbehen dhe l\u00ebkura uniformohet dhe shk\u00eblqen.<br \/>\nVe\u00e7ori t\u00eb produktit<br \/>\nP\u00ebr l\u00ebkur\u00eb mikse, t\u00eb yndyrshme dhe me tendenc\u00eb akneike.<br \/>\nP\u00ebrdorimi<br \/>\nAplikojeni m\u00ebngjes dhe dark\u00eb duke masazhuar but\u00ebsisht deri n\u00eb p\u00ebrthithje.Evitoni konturin e syve.<\/p>\n<p>Sasia:30ml<\/p>\n","protected":false},"excerpt":{"rendered":"<p>Bioclin Acnelia K Cream \u00ebsht\u00eb nj\u00eb trajtim l\u00ebmues specifik p\u00ebr l\u00ebkur\u00eb akneike dhe t\u00eb yndyrshme.<br \/>\nKa veprim mikro-eksfoliues, l\u00ebmon sip\u00ebrfaqen e l\u00ebkur\u00ebs dhe p\u00ebrmireson pamjen estetike t\u00eb imp\u00ebrfeksioneve t\u00eb l\u00ebkur\u00ebs (Salicilati Sodiumit 2%)<br \/>\nQet\u00ebson l\u00ebkur\u00ebn duke parandaluar skuqjet (Soothing Complex)<br \/>\nRregullon dhe normalizon prodhimin e sebumit duke reduktuar yndyr\u00ebn e tep\u00ebrt p\u00ebr nj\u00eb efekt sa me mat t\u00eb l\u00ebkur\u00ebs dhe lufton shtimin e baktereve q\u00eb jan shkak i akneve (Acnacidol\u2122BG 3%, Zink dhe Baker PCA 0,3%)<br \/>\nNeutralizon pamjen e yndyr\u00ebs n\u00eb l\u00ebkur\u00eb (Kompleks opak (matifikues) shedrites)<br \/>\nN\u00eb vet\u00ebm pak koh\u00eb papast\u00ebrtit\u00eb e l\u00ebkur\u00ebs zhduken, skuqjet zbehen dhe l\u00ebkura uniformohet dhe shk\u00eblqen.<br \/>\nVe\u00e7ori t\u00eb produktit<br \/>\nP\u00ebr l\u00ebkur\u00eb mikse, t\u00eb yndyrshme dhe me tendenc\u00eb akneike.<br \/>\nP\u00ebrdorimi<br \/>\nAplikojeni m\u00ebngjes dhe dark\u00eb duke masazhuar but\u00ebsisht deri n\u00eb p\u00ebrthithje.Evitoni konturin e syve.<\/p>\n<p>Sasia:30ml<\/p>\n","protected":false},"featured_media":5665,"comment_status":"open","ping_status":"closed","template":"","meta":[],"product_brand":[],"product_cat":[121],"product_tag":[],"class_list":{"0":"post-6359","1":"product","2":"type-product","3":"status-publish","4":"has-post-thumbnail","6":"product_cat-bioclin","8":"first","9":"instock","10":"shipping-taxable","11":"product-type-simple"},"_links":{"self":[{"href":"https:\/\/staging.megapharm.al\/index.php?rest_route=\/wp\/v2\/product\/6359","targetHints":{"allow":["GET"]}}],"collection":[{"href":"https:\/\/staging.megapharm.al\/index.php?rest_route=\/wp\/v2\/product"}],"about":[{"href":"https:\/\/staging.megapharm.al\/index.php?rest_route=\/wp\/v2\/types\/product"}],"replies":[{"embeddable":true,"href":"https:\/\/staging.megapharm.al\/index.php?rest_route=%2Fwp%2Fv2%2Fcomments&post=6359"}],"wp:featuredmedia":[{"embeddable":true,"href":"https:\/\/staging.megapharm.al\/index.php?rest_route=\/wp\/v2\/media\/5665"}],"wp:attachment":[{"href":"https:\/\/staging.megapharm.al\/index.php?rest_route=%2Fwp%2Fv2%2Fmedia&parent=6359"}],"wp:term":[{"taxonomy":"product_brand","embeddable":true,"href":"https:\/\/staging.megapharm.al\/index.php?rest_route=%2Fwp%2Fv2%2Fproduct_brand&post=6359"},{"taxonomy":"product_cat","embeddable":true,"href":"https:\/\/staging.megapharm.al\/index.php?rest_route=%2Fwp%2Fv2%2Fproduct_cat&post=6359"},{"taxonomy":"product_tag","embeddable":true,"href":"https:\/\/staging.megapharm.al\/index.php?rest_route=%2Fwp%2Fv2%2Fproduct_tag&post=6359"}],"curies":[{"name":"wp","href":"https:\/\/api.w.org\/{rel}","templated":true}]}}