{"id":6357,"date":"2021-01-24T10:36:03","date_gmt":"2021-01-24T10:36:03","guid":{"rendered":"http:\/\/staging.megapharm.al\/\/index.php\/product\/import-placeholder-for-2541\/"},"modified":"2021-01-24T10:36:10","modified_gmt":"2021-01-24T10:36:10","slug":"acnelia-skin-purifying-cleansing-gel","status":"publish","type":"product","link":"https:\/\/staging.megapharm.al\/?product=acnelia-skin-purifying-cleansing-gel","title":{"rendered":"Acnelia Skin Purifying Cleansing Gel"},"content":{"rendered":"<p>Lar\u00ebs shkumues i dizenjuar p\u00ebr higjen\u00ebn e fytyrave mikse, t\u00eb yndyrshme dhe me tendenc\u00eb p\u00ebr akne.<br \/>\nFal\u00eb kombinimit kompleks t\u00eb p\u00ebrb\u00ebr\u00ebsve, lar\u00ebsi vepron me efektivitet dhe but\u00ebsi duke parandaluar aknet dhe nj\u00ebkoh\u00ebsisht duke qet\u00ebsuar l\u00ebkur\u00ebn e inflamuar dhe t\u00eb ndjeshme.<br \/>\nRezultatet:<br \/>\nL\u00ebkura \u00ebsht\u00eb e pastruar dhe e hidratuar.<br \/>\nPoret jan\u00eb m\u00eb pak t\u00eb dukshme dhe l\u00ebkura ndjehet uniforme.<br \/>\nVe\u00e7orit\u00eb e produktit<br \/>\nPastron but\u00ebsisht l\u00ebkur\u00ebn dhe ka efekt zbut\u00ebs, leht\u00ebson fytyr\u00ebn nga papast\u00ebrtit\u00eb dhe yndyra e tep\u00ebrt, mbetjet e make up-i dhe smogu pa e thar\u00eb l\u00ebkur\u00ebn.<br \/>\n\u2022 Natrium Silicilat: Purifikon poret n\u00eb thell\u00ebsi duke i b\u00ebr\u00eb ato m\u00eb pak t\u00eb dukshme<br \/>\n\u2022 Acnacidol \u2122 BG dhe Zinc PCA:Ndihmon n\u00eb parandalimin e zhvillimit t\u00eb mikroorganizmave q\u00eb shkaktojn\u00eb aknet<\/p>\n<p>Zbut irritimin dhe leht\u00ebson skuqjen e l\u00ebkur\u00ebs.<br \/>\n\u2022 Pa SLS, SLES<br \/>\n\u2022 Pa ngjyrues<br \/>\n\u2022 Pa parabene<br \/>\n\u2022 Nuk bllokon poret<br \/>\n\u2022 E testuar klinikisht, dermatologjikisht dhe mikrobiologjikisht<br \/>\n\u2022 Pa nikel, krom, kobalt, palladium dhe m\u00ebrkur<br \/>\nP\u00ebrdorimi<br \/>\nMasazhoni leht\u00eb n\u00eb p\u00ebll\u00ebmb\u00ebn e dor\u00ebs nj\u00eb sasi t\u00eb vog\u00ebl produkti dhe hollojeni me pak uj\u00eb.Aplikojeni n\u00eb l\u00ebkur\u00ebn e lagur dhe m\u00eb pas shp\u00eblajeni.<\/p>\n<p>Sasia: 200ml<\/p>\n","protected":false},"excerpt":{"rendered":"<p>Lar\u00ebs shkumues i dizenjuar p\u00ebr higjen\u00ebn e fytyrave mikse, t\u00eb yndyrshme dhe me tendenc\u00eb p\u00ebr akne.<br \/>\nFal\u00eb kombinimit kompleks t\u00eb p\u00ebrb\u00ebr\u00ebsve, lar\u00ebsi vepron me efektivitet dhe but\u00ebsi duke parandaluar aknet dhe nj\u00ebkoh\u00ebsisht duke qet\u00ebsuar l\u00ebkur\u00ebn e inflamuar dhe t\u00eb ndjeshme.<br \/>\nRezultatet:<br \/>\nL\u00ebkura \u00ebsht\u00eb e pastruar dhe e hidratuar.<br \/>\nPoret jan\u00eb m\u00eb pak t\u00eb dukshme dhe l\u00ebkura ndjehet uniforme.<br \/>\nVe\u00e7orit\u00eb e produktit<br \/>\nPastron but\u00ebsisht l\u00ebkur\u00ebn dhe ka efekt zbut\u00ebs, leht\u00ebson fytyr\u00ebn nga papast\u00ebrtit\u00eb dhe yndyra e tep\u00ebrt, mbetjet e make up-i dhe smogu pa e thar\u00eb l\u00ebkur\u00ebn.<br \/>\n\u2022 Natrium Silicilat: Purifikon poret n\u00eb thell\u00ebsi duke i b\u00ebr\u00eb ato m\u00eb pak t\u00eb dukshme<br \/>\n\u2022 Acnacidol \u2122 BG dhe Zinc PCA:Ndihmon n\u00eb parandalimin e zhvillimit t\u00eb mikroorganizmave q\u00eb shkaktojn\u00eb aknet<\/p>\n<p>Zbut irritimin dhe leht\u00ebson skuqjen e l\u00ebkur\u00ebs.<br \/>\n\u2022 Pa SLS, SLES<br \/>\n\u2022 Pa ngjyrues<br \/>\n\u2022 Pa parabene<br \/>\n\u2022 Nuk bllokon poret<br \/>\n\u2022 E testuar klinikisht, dermatologjikisht dhe mikrobiologjikisht<br \/>\n\u2022 Pa nikel, krom, kobalt, palladium dhe m\u00ebrkur<br \/>\nP\u00ebrdorimi<br \/>\nMasazhoni leht\u00eb n\u00eb p\u00ebll\u00ebmb\u00ebn e dor\u00ebs nj\u00eb sasi t\u00eb vog\u00ebl produkti dhe hollojeni me pak uj\u00eb.Aplikojeni n\u00eb l\u00ebkur\u00ebn e lagur dhe m\u00eb pas shp\u00eblajeni.<\/p>\n<p>Sasia: 200ml<\/p>\n","protected":false},"featured_media":5663,"comment_status":"open","ping_status":"closed","template":"","meta":[],"product_brand":[],"product_cat":[121],"product_tag":[],"class_list":{"0":"post-6357","1":"product","2":"type-product","3":"status-publish","4":"has-post-thumbnail","6":"product_cat-bioclin","8":"first","9":"instock","10":"shipping-taxable","11":"product-type-simple"},"_links":{"self":[{"href":"https:\/\/staging.megapharm.al\/index.php?rest_route=\/wp\/v2\/product\/6357","targetHints":{"allow":["GET"]}}],"collection":[{"href":"https:\/\/staging.megapharm.al\/index.php?rest_route=\/wp\/v2\/product"}],"about":[{"href":"https:\/\/staging.megapharm.al\/index.php?rest_route=\/wp\/v2\/types\/product"}],"replies":[{"embeddable":true,"href":"https:\/\/staging.megapharm.al\/index.php?rest_route=%2Fwp%2Fv2%2Fcomments&post=6357"}],"wp:featuredmedia":[{"embeddable":true,"href":"https:\/\/staging.megapharm.al\/index.php?rest_route=\/wp\/v2\/media\/5663"}],"wp:attachment":[{"href":"https:\/\/staging.megapharm.al\/index.php?rest_route=%2Fwp%2Fv2%2Fmedia&parent=6357"}],"wp:term":[{"taxonomy":"product_brand","embeddable":true,"href":"https:\/\/staging.megapharm.al\/index.php?rest_route=%2Fwp%2Fv2%2Fproduct_brand&post=6357"},{"taxonomy":"product_cat","embeddable":true,"href":"https:\/\/staging.megapharm.al\/index.php?rest_route=%2Fwp%2Fv2%2Fproduct_cat&post=6357"},{"taxonomy":"product_tag","embeddable":true,"href":"https:\/\/staging.megapharm.al\/index.php?rest_route=%2Fwp%2Fv2%2Fproduct_tag&post=6357"}],"curies":[{"name":"wp","href":"https:\/\/api.w.org\/{rel}","templated":true}]}}