{"id":6356,"date":"2021-01-24T10:36:03","date_gmt":"2021-01-24T10:36:03","guid":{"rendered":"http:\/\/staging.megapharm.al\/\/index.php\/product\/import-placeholder-for-2539\/"},"modified":"2021-01-24T10:36:10","modified_gmt":"2021-01-24T10:36:10","slug":"bioactive-styling-strong-wave-mousse","status":"publish","type":"product","link":"https:\/\/staging.megapharm.al\/?product=bioactive-styling-strong-wave-mousse","title":{"rendered":"BIOACTIVE STYLING STRONG WAVE MOUSSE"},"content":{"rendered":"<p>Stilimi dhe modelimi i shkumb\u00ebs \u00ebsht\u00eb e p\u00ebrb\u00ebr\u00eb nga nj\u00eb struktur\u00eb t\u00eb but\u00eb dhe t\u00eb leht\u00eb.<br \/>\nNuk l\u00eb mbetje. P\u00ebrdorni me flok\u00eb t\u00eb lagur, duke shp\u00ebrndar\u00eb n\u00eb p\u00ebll\u00ebmb\u00ebn e dor\u00ebs sasin\u00eb e nevojshme p\u00ebr nj\u00eb rezultat t\u00eb but\u00eb dhe natyral. P\u00ebr nj\u00eb stil m\u00eb t\u00eb strukturuar, shp\u00ebrndani n\u00eb flok\u00eb t\u00eb that\u00eb.<\/p>\n<p>Sasia: 200 ml<\/p>\n","protected":false},"excerpt":{"rendered":"<p>Stilimi dhe modelimi i shkumb\u00ebs \u00ebsht\u00eb e p\u00ebrb\u00ebr\u00eb nga nj\u00eb struktur\u00eb t\u00eb but\u00eb dhe t\u00eb leht\u00eb.<br \/>\nNuk l\u00eb mbetje. P\u00ebrdorni me flok\u00eb t\u00eb lagur, duke shp\u00ebrndar\u00eb n\u00eb p\u00ebll\u00ebmb\u00ebn e dor\u00ebs sasin\u00eb e nevojshme p\u00ebr nj\u00eb rezultat t\u00eb but\u00eb dhe natyral. P\u00ebr nj\u00eb stil m\u00eb t\u00eb strukturuar, shp\u00ebrndani n\u00eb flok\u00eb t\u00eb that\u00eb.<\/p>\n<p>Sasia: 200 ml<\/p>\n","protected":false},"featured_media":5662,"comment_status":"open","ping_status":"closed","template":"","meta":[],"product_brand":[],"product_cat":[122],"product_tag":[],"class_list":{"0":"post-6356","1":"product","2":"type-product","3":"status-publish","4":"has-post-thumbnail","6":"product_cat-farmagan","8":"first","9":"instock","10":"shipping-taxable","11":"product-type-simple"},"_links":{"self":[{"href":"https:\/\/staging.megapharm.al\/index.php?rest_route=\/wp\/v2\/product\/6356","targetHints":{"allow":["GET"]}}],"collection":[{"href":"https:\/\/staging.megapharm.al\/index.php?rest_route=\/wp\/v2\/product"}],"about":[{"href":"https:\/\/staging.megapharm.al\/index.php?rest_route=\/wp\/v2\/types\/product"}],"replies":[{"embeddable":true,"href":"https:\/\/staging.megapharm.al\/index.php?rest_route=%2Fwp%2Fv2%2Fcomments&post=6356"}],"wp:featuredmedia":[{"embeddable":true,"href":"https:\/\/staging.megapharm.al\/index.php?rest_route=\/wp\/v2\/media\/5662"}],"wp:attachment":[{"href":"https:\/\/staging.megapharm.al\/index.php?rest_route=%2Fwp%2Fv2%2Fmedia&parent=6356"}],"wp:term":[{"taxonomy":"product_brand","embeddable":true,"href":"https:\/\/staging.megapharm.al\/index.php?rest_route=%2Fwp%2Fv2%2Fproduct_brand&post=6356"},{"taxonomy":"product_cat","embeddable":true,"href":"https:\/\/staging.megapharm.al\/index.php?rest_route=%2Fwp%2Fv2%2Fproduct_cat&post=6356"},{"taxonomy":"product_tag","embeddable":true,"href":"https:\/\/staging.megapharm.al\/index.php?rest_route=%2Fwp%2Fv2%2Fproduct_tag&post=6356"}],"curies":[{"name":"wp","href":"https:\/\/api.w.org\/{rel}","templated":true}]}}