{"id":6355,"date":"2021-01-24T10:36:02","date_gmt":"2021-01-24T10:36:02","guid":{"rendered":"http:\/\/staging.megapharm.al\/\/index.php\/product\/import-placeholder-for-2538\/"},"modified":"2021-01-24T10:36:10","modified_gmt":"2021-01-24T10:36:10","slug":"bioactive-styling-hyper-hair-spray","status":"publish","type":"product","link":"https:\/\/staging.megapharm.al\/?product=bioactive-styling-hyper-hair-spray","title":{"rendered":"BIOACTIVE STYLING HYPER HAIR SPRAY"},"content":{"rendered":"<p>E krijuar posa\u00e7\u00ebrisht p\u00ebr nj\u00eb stilim perfekt dhe afatgjat\u00eb.<br \/>\nFale provitamines B5 sjell but\u00ebsi dhe shk\u00eblqim n\u00eb flok\u00eb.<br \/>\nSasia: 400 ml<\/p>\n","protected":false},"excerpt":{"rendered":"<p>E krijuar posa\u00e7\u00ebrisht p\u00ebr nj\u00eb stilim perfekt dhe afatgjat\u00eb.<br \/>\nFale provitamines B5 sjell but\u00ebsi dhe shk\u00eblqim n\u00eb flok\u00eb.<br \/>\nSasia: 400 ml<\/p>\n","protected":false},"featured_media":5661,"comment_status":"open","ping_status":"closed","template":"","meta":[],"product_brand":[],"product_cat":[122],"product_tag":[],"class_list":{"0":"post-6355","1":"product","2":"type-product","3":"status-publish","4":"has-post-thumbnail","6":"product_cat-farmagan","8":"first","9":"instock","10":"shipping-taxable","11":"product-type-simple"},"_links":{"self":[{"href":"https:\/\/staging.megapharm.al\/index.php?rest_route=\/wp\/v2\/product\/6355","targetHints":{"allow":["GET"]}}],"collection":[{"href":"https:\/\/staging.megapharm.al\/index.php?rest_route=\/wp\/v2\/product"}],"about":[{"href":"https:\/\/staging.megapharm.al\/index.php?rest_route=\/wp\/v2\/types\/product"}],"replies":[{"embeddable":true,"href":"https:\/\/staging.megapharm.al\/index.php?rest_route=%2Fwp%2Fv2%2Fcomments&post=6355"}],"wp:featuredmedia":[{"embeddable":true,"href":"https:\/\/staging.megapharm.al\/index.php?rest_route=\/wp\/v2\/media\/5661"}],"wp:attachment":[{"href":"https:\/\/staging.megapharm.al\/index.php?rest_route=%2Fwp%2Fv2%2Fmedia&parent=6355"}],"wp:term":[{"taxonomy":"product_brand","embeddable":true,"href":"https:\/\/staging.megapharm.al\/index.php?rest_route=%2Fwp%2Fv2%2Fproduct_brand&post=6355"},{"taxonomy":"product_cat","embeddable":true,"href":"https:\/\/staging.megapharm.al\/index.php?rest_route=%2Fwp%2Fv2%2Fproduct_cat&post=6355"},{"taxonomy":"product_tag","embeddable":true,"href":"https:\/\/staging.megapharm.al\/index.php?rest_route=%2Fwp%2Fv2%2Fproduct_tag&post=6355"}],"curies":[{"name":"wp","href":"https:\/\/api.w.org\/{rel}","templated":true}]}}