{"id":6352,"date":"2021-01-24T10:36:02","date_gmt":"2021-01-24T10:36:02","guid":{"rendered":"http:\/\/staging.megapharm.al\/\/index.php\/product\/import-placeholder-for-2535\/"},"modified":"2021-01-24T10:36:08","modified_gmt":"2021-01-24T10:36:08","slug":"silver-antigiall-shampoo-tech-250-ml","status":"publish","type":"product","link":"https:\/\/staging.megapharm.al\/?product=silver-antigiall-shampoo-tech-250-ml","title":{"rendered":"SILVER ANTIGIALL SHAMPOO TECH 250 ml"},"content":{"rendered":"<p>Trajtim specifik p\u00ebr flok\u00ebt e bardh\u00eb, q\u00eb eliminon reflektimet e verdha dhe rrit shk\u00eblqimin e saj, duke mbrojtur dhe zbutur ato. Formula e pasuruar me ekstrakte t\u00eb pastra bimore me funksione mbrojt\u00ebse dhe ristrukturuese.<\/p>\n","protected":false},"excerpt":{"rendered":"<p>Trajtim specifik p\u00ebr flok\u00ebt e bardh\u00eb, q\u00eb eliminon reflektimet e verdha dhe rrit shk\u00eblqimin e saj, duke mbrojtur dhe zbutur ato. Formula e pasuruar me ekstrakte t\u00eb pastra bimore me funksione mbrojt\u00ebse dhe ristrukturuese.<\/p>\n","protected":false},"featured_media":5658,"comment_status":"open","ping_status":"closed","template":"","meta":[],"product_brand":[],"product_cat":[122],"product_tag":[],"class_list":{"0":"post-6352","1":"product","2":"type-product","3":"status-publish","4":"has-post-thumbnail","6":"product_cat-farmagan","8":"first","9":"instock","10":"shipping-taxable","11":"product-type-simple"},"_links":{"self":[{"href":"https:\/\/staging.megapharm.al\/index.php?rest_route=\/wp\/v2\/product\/6352","targetHints":{"allow":["GET"]}}],"collection":[{"href":"https:\/\/staging.megapharm.al\/index.php?rest_route=\/wp\/v2\/product"}],"about":[{"href":"https:\/\/staging.megapharm.al\/index.php?rest_route=\/wp\/v2\/types\/product"}],"replies":[{"embeddable":true,"href":"https:\/\/staging.megapharm.al\/index.php?rest_route=%2Fwp%2Fv2%2Fcomments&post=6352"}],"wp:featuredmedia":[{"embeddable":true,"href":"https:\/\/staging.megapharm.al\/index.php?rest_route=\/wp\/v2\/media\/5658"}],"wp:attachment":[{"href":"https:\/\/staging.megapharm.al\/index.php?rest_route=%2Fwp%2Fv2%2Fmedia&parent=6352"}],"wp:term":[{"taxonomy":"product_brand","embeddable":true,"href":"https:\/\/staging.megapharm.al\/index.php?rest_route=%2Fwp%2Fv2%2Fproduct_brand&post=6352"},{"taxonomy":"product_cat","embeddable":true,"href":"https:\/\/staging.megapharm.al\/index.php?rest_route=%2Fwp%2Fv2%2Fproduct_cat&post=6352"},{"taxonomy":"product_tag","embeddable":true,"href":"https:\/\/staging.megapharm.al\/index.php?rest_route=%2Fwp%2Fv2%2Fproduct_tag&post=6352"}],"curies":[{"name":"wp","href":"https:\/\/api.w.org\/{rel}","templated":true}]}}