{"id":6351,"date":"2021-01-24T10:36:02","date_gmt":"2021-01-24T10:36:02","guid":{"rendered":"http:\/\/staging.megapharm.al\/\/index.php\/product\/import-placeholder-for-2534\/"},"modified":"2021-01-24T10:36:08","modified_gmt":"2021-01-24T10:36:08","slug":"krem-zbardhues","status":"publish","type":"product","link":"https:\/\/staging.megapharm.al\/?product=krem-zbardhues","title":{"rendered":"Krem zbardhues"},"content":{"rendered":"<p>Krem zbardhues me fuqi t\u00eb lart\u00eb t\u00eb ndri\u00e7imit.<br \/>\nCil\u00ebsi e p\u00ebrzierjes lejon zhvillimin e teknikave t\u00eb shpejta dhe t\u00eb sigurta t\u00eb pun\u00ebs, madje edhe af\u00ebr l\u00ebkur\u00ebs.<br \/>\nRaporti i zbrazjes 1: 2<\/p>\n","protected":false},"excerpt":{"rendered":"<p>Krem zbardhues me fuqi t\u00eb lart\u00eb t\u00eb ndri\u00e7imit.<br \/>\nCil\u00ebsi e p\u00ebrzierjes lejon zhvillimin e teknikave t\u00eb shpejta dhe t\u00eb sigurta t\u00eb pun\u00ebs, madje edhe af\u00ebr l\u00ebkur\u00ebs.<br \/>\nRaporti i zbrazjes 1: 2<\/p>\n","protected":false},"featured_media":5657,"comment_status":"open","ping_status":"closed","template":"","meta":[],"product_brand":[],"product_cat":[122],"product_tag":[],"class_list":{"0":"post-6351","1":"product","2":"type-product","3":"status-publish","4":"has-post-thumbnail","6":"product_cat-farmagan","8":"first","9":"instock","10":"shipping-taxable","11":"product-type-simple"},"_links":{"self":[{"href":"https:\/\/staging.megapharm.al\/index.php?rest_route=\/wp\/v2\/product\/6351","targetHints":{"allow":["GET"]}}],"collection":[{"href":"https:\/\/staging.megapharm.al\/index.php?rest_route=\/wp\/v2\/product"}],"about":[{"href":"https:\/\/staging.megapharm.al\/index.php?rest_route=\/wp\/v2\/types\/product"}],"replies":[{"embeddable":true,"href":"https:\/\/staging.megapharm.al\/index.php?rest_route=%2Fwp%2Fv2%2Fcomments&post=6351"}],"wp:featuredmedia":[{"embeddable":true,"href":"https:\/\/staging.megapharm.al\/index.php?rest_route=\/wp\/v2\/media\/5657"}],"wp:attachment":[{"href":"https:\/\/staging.megapharm.al\/index.php?rest_route=%2Fwp%2Fv2%2Fmedia&parent=6351"}],"wp:term":[{"taxonomy":"product_brand","embeddable":true,"href":"https:\/\/staging.megapharm.al\/index.php?rest_route=%2Fwp%2Fv2%2Fproduct_brand&post=6351"},{"taxonomy":"product_cat","embeddable":true,"href":"https:\/\/staging.megapharm.al\/index.php?rest_route=%2Fwp%2Fv2%2Fproduct_cat&post=6351"},{"taxonomy":"product_tag","embeddable":true,"href":"https:\/\/staging.megapharm.al\/index.php?rest_route=%2Fwp%2Fv2%2Fproduct_tag&post=6351"}],"curies":[{"name":"wp","href":"https:\/\/api.w.org\/{rel}","templated":true}]}}