{"id":6349,"date":"2021-01-24T10:36:02","date_gmt":"2021-01-24T10:36:02","guid":{"rendered":"http:\/\/staging.megapharm.al\/\/index.php\/product\/import-placeholder-for-2532\/"},"modified":"2021-01-24T10:36:07","modified_gmt":"2021-01-24T10:36:07","slug":"pluhur-zbardhues-kompakt","status":"publish","type":"product","link":"https:\/\/staging.megapharm.al\/?product=pluhur-zbardhues-kompakt","title":{"rendered":"Pluhur zbardhues kompakt"},"content":{"rendered":"<p>Pluhur zbardhues kompakt me fuqi t\u00eb lart\u00eb t\u00eb ndri\u00e7imit.<br \/>\nP\u00ebrzier si\u00e7 duhet me emulsione oksiduese, ajo siguron nj\u00eb krem q\u00eb mund t\u00eb p\u00ebrshtatet p\u00ebr t\u00eb gjitha teknikat,el deri ne 9 tone<br \/>\nRaporti i zbrazjes 1: 2<\/p>\n","protected":false},"excerpt":{"rendered":"<p>Pluhur zbardhues kompakt me fuqi t\u00eb lart\u00eb t\u00eb ndri\u00e7imit.<br \/>\nP\u00ebrzier si\u00e7 duhet me emulsione oksiduese, ajo siguron nj\u00eb krem q\u00eb mund t\u00eb p\u00ebrshtatet p\u00ebr t\u00eb gjitha teknikat,el deri ne 9 tone<br \/>\nRaporti i zbrazjes 1: 2<\/p>\n","protected":false},"featured_media":5655,"comment_status":"open","ping_status":"closed","template":"","meta":[],"product_brand":[],"product_cat":[122],"product_tag":[],"class_list":{"0":"post-6349","1":"product","2":"type-product","3":"status-publish","4":"has-post-thumbnail","6":"product_cat-farmagan","8":"first","9":"instock","10":"shipping-taxable","11":"product-type-simple"},"_links":{"self":[{"href":"https:\/\/staging.megapharm.al\/index.php?rest_route=\/wp\/v2\/product\/6349","targetHints":{"allow":["GET"]}}],"collection":[{"href":"https:\/\/staging.megapharm.al\/index.php?rest_route=\/wp\/v2\/product"}],"about":[{"href":"https:\/\/staging.megapharm.al\/index.php?rest_route=\/wp\/v2\/types\/product"}],"replies":[{"embeddable":true,"href":"https:\/\/staging.megapharm.al\/index.php?rest_route=%2Fwp%2Fv2%2Fcomments&post=6349"}],"wp:featuredmedia":[{"embeddable":true,"href":"https:\/\/staging.megapharm.al\/index.php?rest_route=\/wp\/v2\/media\/5655"}],"wp:attachment":[{"href":"https:\/\/staging.megapharm.al\/index.php?rest_route=%2Fwp%2Fv2%2Fmedia&parent=6349"}],"wp:term":[{"taxonomy":"product_brand","embeddable":true,"href":"https:\/\/staging.megapharm.al\/index.php?rest_route=%2Fwp%2Fv2%2Fproduct_brand&post=6349"},{"taxonomy":"product_cat","embeddable":true,"href":"https:\/\/staging.megapharm.al\/index.php?rest_route=%2Fwp%2Fv2%2Fproduct_cat&post=6349"},{"taxonomy":"product_tag","embeddable":true,"href":"https:\/\/staging.megapharm.al\/index.php?rest_route=%2Fwp%2Fv2%2Fproduct_tag&post=6349"}],"curies":[{"name":"wp","href":"https:\/\/api.w.org\/{rel}","templated":true}]}}