{"id":6348,"date":"2021-01-24T10:36:01","date_gmt":"2021-01-24T10:36:01","guid":{"rendered":"http:\/\/staging.megapharm.al\/\/index.php\/product\/import-placeholder-for-2531\/"},"modified":"2021-01-24T10:36:07","modified_gmt":"2021-01-24T10:36:07","slug":"superlative-direct-color","status":"publish","type":"product","link":"https:\/\/staging.megapharm.al\/?product=superlative-direct-color","title":{"rendered":"SUPERLATIVE DIRECT COLOR"},"content":{"rendered":"<p>Ngjyra e drejtp\u00ebrdrejt\u00eb Superlative q\u00eb zbatohet n\u00eb flok\u00eb t\u00eb zbardhur, bazuar n\u00eb hijen e zgjedhur, zhvillon t\u00eb gjith\u00eb fuqin\u00eb e saj ngjyruese. Mund\u00ebsia e p\u00ebrzierjes s\u00eb nuancave mes tyre dhe p\u00ebrdorimi i Clear p\u00ebr t\u00eb rregulluar intensitetin e tyre, mund\u00ebsojn\u00eb krijimin e nj\u00eb numri t\u00eb pafund t\u00eb ngjyrave t\u00eb reja me rezultate tep\u00ebr t\u00eb personalizuara.<\/p>\n<p>Dispozicion n\u00eb formatin 150 ml n\u00eb ngjyra t\u00eb ndryshme.<\/p>\n","protected":false},"excerpt":{"rendered":"<p>Ngjyra e drejtp\u00ebrdrejt\u00eb Superlative q\u00eb zbatohet n\u00eb flok\u00eb t\u00eb zbardhur, bazuar n\u00eb hijen e zgjedhur, zhvillon t\u00eb gjith\u00eb fuqin\u00eb e saj ngjyruese. Mund\u00ebsia e p\u00ebrzierjes s\u00eb nuancave mes tyre dhe p\u00ebrdorimi i Clear p\u00ebr t\u00eb rregulluar intensitetin e tyre, mund\u00ebsojn\u00eb krijimin e nj\u00eb numri t\u00eb pafund t\u00eb ngjyrave t\u00eb reja me rezultate tep\u00ebr t\u00eb personalizuara.<\/p>\n<p>Dispozicion n\u00eb formatin 150 ml n\u00eb ngjyra t\u00eb ndryshme.<\/p>\n","protected":false},"featured_media":5654,"comment_status":"open","ping_status":"closed","template":"","meta":[],"product_brand":[],"product_cat":[122],"product_tag":[],"class_list":{"0":"post-6348","1":"product","2":"type-product","3":"status-publish","4":"has-post-thumbnail","6":"product_cat-farmagan","8":"first","9":"instock","10":"shipping-taxable","11":"product-type-simple"},"_links":{"self":[{"href":"https:\/\/staging.megapharm.al\/index.php?rest_route=\/wp\/v2\/product\/6348","targetHints":{"allow":["GET"]}}],"collection":[{"href":"https:\/\/staging.megapharm.al\/index.php?rest_route=\/wp\/v2\/product"}],"about":[{"href":"https:\/\/staging.megapharm.al\/index.php?rest_route=\/wp\/v2\/types\/product"}],"replies":[{"embeddable":true,"href":"https:\/\/staging.megapharm.al\/index.php?rest_route=%2Fwp%2Fv2%2Fcomments&post=6348"}],"wp:featuredmedia":[{"embeddable":true,"href":"https:\/\/staging.megapharm.al\/index.php?rest_route=\/wp\/v2\/media\/5654"}],"wp:attachment":[{"href":"https:\/\/staging.megapharm.al\/index.php?rest_route=%2Fwp%2Fv2%2Fmedia&parent=6348"}],"wp:term":[{"taxonomy":"product_brand","embeddable":true,"href":"https:\/\/staging.megapharm.al\/index.php?rest_route=%2Fwp%2Fv2%2Fproduct_brand&post=6348"},{"taxonomy":"product_cat","embeddable":true,"href":"https:\/\/staging.megapharm.al\/index.php?rest_route=%2Fwp%2Fv2%2Fproduct_cat&post=6348"},{"taxonomy":"product_tag","embeddable":true,"href":"https:\/\/staging.megapharm.al\/index.php?rest_route=%2Fwp%2Fv2%2Fproduct_tag&post=6348"}],"curies":[{"name":"wp","href":"https:\/\/api.w.org\/{rel}","templated":true}]}}