{"id":6345,"date":"2021-01-24T10:36:01","date_gmt":"2021-01-24T10:36:01","guid":{"rendered":"http:\/\/staging.megapharm.al\/\/index.php\/product\/import-placeholder-for-2528\/"},"modified":"2021-01-24T10:36:06","modified_gmt":"2021-01-24T10:36:06","slug":"superlative-color","status":"publish","type":"product","link":"https:\/\/staging.megapharm.al\/?product=superlative-color","title":{"rendered":"SUPERLATIVE COLOR"},"content":{"rendered":"<p>Superlative Color \u00ebsht\u00eb nj\u00eb boj\u00eb profesionale.Fal\u00eb p\u00ebrb\u00ebrsve aktive si Kashmiri, Keratine , vaj argan dhe acid hyaluronik ka nj\u00eb veprim t\u00eb dyfisht\u00eb duke i lyer dhe ushqyer nj\u00ebkoh\u00ebsisht.<br \/>\nNj\u00ebkohesisht ka nj\u00eb mbulim 100% t\u00eb thinjave pa pasur nevoj\u00ebn e p\u00ebrdorimit t\u00eb baz\u00ebs.<br \/>\nSuperlative Color \u00ebsht\u00eb nj\u00eb boj\u00eb e p\u00ebrhershme e testuar mikrobiologjikisht.<br \/>\n0% PPD (parafenylendiamine)<br \/>\n0% VAJ MINERAL<br \/>\n0% SULFATE<br \/>\n0% PETROLATUM SYNTHETIC<br \/>\n86 nuanca<br \/>\nRaporti I hollimit: 1:1,5<br \/>\nRaporti I hollimit per floket e bardhe: 1:2<\/p>\n","protected":false},"excerpt":{"rendered":"<p>Superlative Color \u00ebsht\u00eb nj\u00eb boj\u00eb profesionale.Fal\u00eb p\u00ebrb\u00ebrsve aktive si Kashmiri, Keratine , vaj argan dhe acid hyaluronik ka nj\u00eb veprim t\u00eb dyfisht\u00eb duke i lyer dhe ushqyer nj\u00ebkoh\u00ebsisht.<br \/>\nNj\u00ebkohesisht ka nj\u00eb mbulim 100% t\u00eb thinjave pa pasur nevoj\u00ebn e p\u00ebrdorimit t\u00eb baz\u00ebs.<br \/>\nSuperlative Color \u00ebsht\u00eb nj\u00eb boj\u00eb e p\u00ebrhershme e testuar mikrobiologjikisht.<br \/>\n0% PPD (parafenylendiamine)<br \/>\n0% VAJ MINERAL<br \/>\n0% SULFATE<br \/>\n0% PETROLATUM SYNTHETIC<br \/>\n86 nuanca<br \/>\nRaporti I hollimit: 1:1,5<br \/>\nRaporti I hollimit per floket e bardhe: 1:2<\/p>\n","protected":false},"featured_media":5651,"comment_status":"open","ping_status":"closed","template":"","meta":[],"product_brand":[],"product_cat":[122],"product_tag":[],"class_list":{"0":"post-6345","1":"product","2":"type-product","3":"status-publish","4":"has-post-thumbnail","6":"product_cat-farmagan","8":"first","9":"instock","10":"shipping-taxable","11":"product-type-simple"},"_links":{"self":[{"href":"https:\/\/staging.megapharm.al\/index.php?rest_route=\/wp\/v2\/product\/6345","targetHints":{"allow":["GET"]}}],"collection":[{"href":"https:\/\/staging.megapharm.al\/index.php?rest_route=\/wp\/v2\/product"}],"about":[{"href":"https:\/\/staging.megapharm.al\/index.php?rest_route=\/wp\/v2\/types\/product"}],"replies":[{"embeddable":true,"href":"https:\/\/staging.megapharm.al\/index.php?rest_route=%2Fwp%2Fv2%2Fcomments&post=6345"}],"wp:featuredmedia":[{"embeddable":true,"href":"https:\/\/staging.megapharm.al\/index.php?rest_route=\/wp\/v2\/media\/5651"}],"wp:attachment":[{"href":"https:\/\/staging.megapharm.al\/index.php?rest_route=%2Fwp%2Fv2%2Fmedia&parent=6345"}],"wp:term":[{"taxonomy":"product_brand","embeddable":true,"href":"https:\/\/staging.megapharm.al\/index.php?rest_route=%2Fwp%2Fv2%2Fproduct_brand&post=6345"},{"taxonomy":"product_cat","embeddable":true,"href":"https:\/\/staging.megapharm.al\/index.php?rest_route=%2Fwp%2Fv2%2Fproduct_cat&post=6345"},{"taxonomy":"product_tag","embeddable":true,"href":"https:\/\/staging.megapharm.al\/index.php?rest_route=%2Fwp%2Fv2%2Fproduct_tag&post=6345"}],"curies":[{"name":"wp","href":"https:\/\/api.w.org\/{rel}","templated":true}]}}