{"id":6343,"date":"2021-01-24T10:36:00","date_gmt":"2021-01-24T10:36:00","guid":{"rendered":"http:\/\/staging.megapharm.al\/\/index.php\/product\/import-placeholder-for-2526\/"},"modified":"2024-10-27T14:46:31","modified_gmt":"2024-10-27T14:46:31","slug":"farmagan-hair-color-pa-amoniak","status":"publish","type":"product","link":"https:\/\/staging.megapharm.al\/?product=farmagan-hair-color-pa-amoniak","title":{"rendered":"FARMAGAN HAIR COLOR  PA AMONIAK"},"content":{"rendered":"<p>Boj\u00eb flok\u00ebsh delikate, fal\u00eb formules pa amoniak siguron mbulimin e plot\u00eb t\u00eb flok\u00ebve t\u00eb bardh\u00eb.<br \/>\nKjo linj\u00eb\u00ebsht\u00eb formuluar vecanerisht p\u00ebr skalp t\u00eb ndjesh\u00ebm.<br \/>\nIngredientet aktive:<br \/>\nmultifunksional me efekt balsam;<br \/>\nExtrakte Bamboo: me anti-oksidant dhe veprim ushqyes.<br \/>\nRaporti hollues 1 : 1.5 per mbulim dhe theksim 1 ton.<br \/>\nRaporti hollues 1 : 2 per tonifikim<br \/>\nSasia: 100 ml<\/p>\n","protected":false},"excerpt":{"rendered":"<p>Boj\u00eb flok\u00ebsh delikate, fal\u00eb formules pa amoniak siguron mbulimin e plot\u00eb t\u00eb flok\u00ebve t\u00eb bardh\u00eb.<br \/>\nKjo linj\u00eb\u00ebsht\u00eb formuluar vecanerisht p\u00ebr skalp t\u00eb ndjesh\u00ebm.<br \/>\nIngredientet aktive:<br \/>\nmultifunksional me efekt balsam;<br \/>\nExtrakte Bamboo: me anti-oksidant dhe veprim ushqyes.<br \/>\nRaporti hollues 1 : 1.5 per mbulim dhe theksim 1 ton.<br \/>\nRaporti hollues 1 : 2 per tonifikim<br \/>\nSasia: 100 ml<\/p>\n","protected":false},"featured_media":5649,"comment_status":"open","ping_status":"closed","template":"","meta":[],"product_brand":[],"product_cat":[122],"product_tag":[],"class_list":{"0":"post-6343","1":"product","2":"type-product","3":"status-publish","4":"has-post-thumbnail","6":"product_cat-farmagan","8":"first","9":"instock","10":"shipping-taxable","11":"product-type-simple"},"_links":{"self":[{"href":"https:\/\/staging.megapharm.al\/index.php?rest_route=\/wp\/v2\/product\/6343","targetHints":{"allow":["GET"]}}],"collection":[{"href":"https:\/\/staging.megapharm.al\/index.php?rest_route=\/wp\/v2\/product"}],"about":[{"href":"https:\/\/staging.megapharm.al\/index.php?rest_route=\/wp\/v2\/types\/product"}],"replies":[{"embeddable":true,"href":"https:\/\/staging.megapharm.al\/index.php?rest_route=%2Fwp%2Fv2%2Fcomments&post=6343"}],"wp:featuredmedia":[{"embeddable":true,"href":"https:\/\/staging.megapharm.al\/index.php?rest_route=\/wp\/v2\/media\/5649"}],"wp:attachment":[{"href":"https:\/\/staging.megapharm.al\/index.php?rest_route=%2Fwp%2Fv2%2Fmedia&parent=6343"}],"wp:term":[{"taxonomy":"product_brand","embeddable":true,"href":"https:\/\/staging.megapharm.al\/index.php?rest_route=%2Fwp%2Fv2%2Fproduct_brand&post=6343"},{"taxonomy":"product_cat","embeddable":true,"href":"https:\/\/staging.megapharm.al\/index.php?rest_route=%2Fwp%2Fv2%2Fproduct_cat&post=6343"},{"taxonomy":"product_tag","embeddable":true,"href":"https:\/\/staging.megapharm.al\/index.php?rest_route=%2Fwp%2Fv2%2Fproduct_tag&post=6343"}],"curies":[{"name":"wp","href":"https:\/\/api.w.org\/{rel}","templated":true}]}}