{"id":6342,"date":"2021-01-24T10:35:52","date_gmt":"2021-01-24T10:35:52","guid":{"rendered":"http:\/\/staging.megapharm.al\/\/index.php\/product\/import-placeholder-for-2525\/"},"modified":"2021-01-24T10:35:59","modified_gmt":"2021-01-24T10:35:59","slug":"bioactive-fluid-hs3","status":"publish","type":"product","link":"https:\/\/staging.megapharm.al\/?product=bioactive-fluid-hs3","title":{"rendered":"Bioactive Fluid HS3"},"content":{"rendered":"<p>Bioactive Fluid HS3<br \/>\nMe p\u00ebrb\u00ebr\u00ebs 95 % natyral\u00eb p\u00ebr flok\u00eb natyral\u00eb dhe t\u00eb d\u00ebmtuar.Keratina me kashmir rigjeneron,ushqen duke i l\u00ebn\u00eb ato t\u00eb sh\u00ebndetshme,t\u00eb rregullta,me shkelqim .<br \/>\n-Efekti me kujdesin e duhur zgjat deri n\u00eb 3 muaj<br \/>\nSasia: 1000 ml<\/p>\n","protected":false},"excerpt":{"rendered":"<p>Bioactive Fluid HS3<br \/>\nMe p\u00ebrb\u00ebr\u00ebs 95 % natyral\u00eb p\u00ebr flok\u00eb natyral\u00eb dhe t\u00eb d\u00ebmtuar.Keratina me kashmir rigjeneron,ushqen duke i l\u00ebn\u00eb ato t\u00eb sh\u00ebndetshme,t\u00eb rregullta,me shkelqim .<br \/>\n-Efekti me kujdesin e duhur zgjat deri n\u00eb 3 muaj<br \/>\nSasia: 1000 ml<\/p>\n","protected":false},"featured_media":5648,"comment_status":"open","ping_status":"closed","template":"","meta":[],"product_brand":[],"product_cat":[122],"product_tag":[],"class_list":{"0":"post-6342","1":"product","2":"type-product","3":"status-publish","4":"has-post-thumbnail","6":"product_cat-farmagan","8":"first","9":"instock","10":"shipping-taxable","11":"product-type-simple"},"_links":{"self":[{"href":"https:\/\/staging.megapharm.al\/index.php?rest_route=\/wp\/v2\/product\/6342","targetHints":{"allow":["GET"]}}],"collection":[{"href":"https:\/\/staging.megapharm.al\/index.php?rest_route=\/wp\/v2\/product"}],"about":[{"href":"https:\/\/staging.megapharm.al\/index.php?rest_route=\/wp\/v2\/types\/product"}],"replies":[{"embeddable":true,"href":"https:\/\/staging.megapharm.al\/index.php?rest_route=%2Fwp%2Fv2%2Fcomments&post=6342"}],"wp:featuredmedia":[{"embeddable":true,"href":"https:\/\/staging.megapharm.al\/index.php?rest_route=\/wp\/v2\/media\/5648"}],"wp:attachment":[{"href":"https:\/\/staging.megapharm.al\/index.php?rest_route=%2Fwp%2Fv2%2Fmedia&parent=6342"}],"wp:term":[{"taxonomy":"product_brand","embeddable":true,"href":"https:\/\/staging.megapharm.al\/index.php?rest_route=%2Fwp%2Fv2%2Fproduct_brand&post=6342"},{"taxonomy":"product_cat","embeddable":true,"href":"https:\/\/staging.megapharm.al\/index.php?rest_route=%2Fwp%2Fv2%2Fproduct_cat&post=6342"},{"taxonomy":"product_tag","embeddable":true,"href":"https:\/\/staging.megapharm.al\/index.php?rest_route=%2Fwp%2Fv2%2Fproduct_tag&post=6342"}],"curies":[{"name":"wp","href":"https:\/\/api.w.org\/{rel}","templated":true}]}}