{"id":6341,"date":"2021-01-24T10:35:52","date_gmt":"2021-01-24T10:35:52","guid":{"rendered":"http:\/\/staging.megapharm.al\/\/index.php\/product\/import-placeholder-for-2524\/"},"modified":"2021-01-24T10:35:59","modified_gmt":"2021-01-24T10:35:59","slug":"bioactive-argan-serum","status":"publish","type":"product","link":"https:\/\/staging.megapharm.al\/?product=bioactive-argan-serum","title":{"rendered":"Bioactive Argan Serum"},"content":{"rendered":"<p>Bioactive Argan Serum hidraton, ushqen dhe trajton flok\u00ebt e d\u00ebmtuar duke i dh\u00ebn\u00eb shk\u00eblqim menj\u00ebher\u00eb.<br \/>\nKa n\u00eb p\u00ebrb\u00ebrje vaji Argani dhe vaj Liri.<br \/>\n&#8211; Pa ngjyrues<br \/>\n&#8211; 85% p\u00ebrb\u00ebr natyral<br \/>\n&#8211; Testuar p\u00ebr 5 metale t\u00eb d\u00ebmshme<br \/>\nSasia: 100 ml<\/p>\n","protected":false},"excerpt":{"rendered":"<p>Bioactive Argan Serum hidraton, ushqen dhe trajton flok\u00ebt e d\u00ebmtuar duke i dh\u00ebn\u00eb shk\u00eblqim menj\u00ebher\u00eb.<br \/>\nKa n\u00eb p\u00ebrb\u00ebrje vaji Argani dhe vaj Liri.<br \/>\n&#8211; Pa ngjyrues<br \/>\n&#8211; 85% p\u00ebrb\u00ebr natyral<br \/>\n&#8211; Testuar p\u00ebr 5 metale t\u00eb d\u00ebmshme<br \/>\nSasia: 100 ml<\/p>\n","protected":false},"featured_media":5647,"comment_status":"open","ping_status":"closed","template":"","meta":[],"product_brand":[],"product_cat":[122],"product_tag":[],"class_list":{"0":"post-6341","1":"product","2":"type-product","3":"status-publish","4":"has-post-thumbnail","6":"product_cat-farmagan","8":"first","9":"instock","10":"shipping-taxable","11":"product-type-simple"},"_links":{"self":[{"href":"https:\/\/staging.megapharm.al\/index.php?rest_route=\/wp\/v2\/product\/6341","targetHints":{"allow":["GET"]}}],"collection":[{"href":"https:\/\/staging.megapharm.al\/index.php?rest_route=\/wp\/v2\/product"}],"about":[{"href":"https:\/\/staging.megapharm.al\/index.php?rest_route=\/wp\/v2\/types\/product"}],"replies":[{"embeddable":true,"href":"https:\/\/staging.megapharm.al\/index.php?rest_route=%2Fwp%2Fv2%2Fcomments&post=6341"}],"wp:featuredmedia":[{"embeddable":true,"href":"https:\/\/staging.megapharm.al\/index.php?rest_route=\/wp\/v2\/media\/5647"}],"wp:attachment":[{"href":"https:\/\/staging.megapharm.al\/index.php?rest_route=%2Fwp%2Fv2%2Fmedia&parent=6341"}],"wp:term":[{"taxonomy":"product_brand","embeddable":true,"href":"https:\/\/staging.megapharm.al\/index.php?rest_route=%2Fwp%2Fv2%2Fproduct_brand&post=6341"},{"taxonomy":"product_cat","embeddable":true,"href":"https:\/\/staging.megapharm.al\/index.php?rest_route=%2Fwp%2Fv2%2Fproduct_cat&post=6341"},{"taxonomy":"product_tag","embeddable":true,"href":"https:\/\/staging.megapharm.al\/index.php?rest_route=%2Fwp%2Fv2%2Fproduct_tag&post=6341"}],"curies":[{"name":"wp","href":"https:\/\/api.w.org\/{rel}","templated":true}]}}